{"id":87,"date":"2014-08-02T20:43:28","date_gmt":"2014-08-02T18:43:28","guid":{"rendered":"http:\/\/hs-seesen.de\/obs\/?page_id=87"},"modified":"2018-06-22T09:02:38","modified_gmt":"2018-06-22T07:02:38","slug":"deutsch-als-zweitsprache","status":"publish","type":"page","link":"https:\/\/obs-seesen.de\/?page_id=87","title":{"rendered":"Deutsch als Zweitsprache"},"content":{"rendered":"<p>An der Oberschule werden verschiedene Angebote f\u00fcr Sch\u00fclerinnen und Sch\u00fcler mit geringen oder keinen Deutschkenntnissen vorgehalten. Au\u00dferdem finden F\u00f6rderkurse in diesem Bereich statt.<\/p>\n<p>Dar\u00fcberhinaus sind die Schulsozialarbeiterinnen eng in das Angebot eingebunden.<\/p>\n","protected":false},"excerpt":{"rendered":"<p>An der Oberschule werden verschiedene Angebote f\u00fcr Sch\u00fclerinnen und Sch\u00fcler mit geringen oder keinen Deutschkenntnissen vorgehalten. Au\u00dferdem finden F\u00f6rderkurse in diesem Bereich statt. Dar\u00fcberhinaus sind die Schulsozialarbeiterinnen eng in das Angebot eingebunden.<\/p>\n","protected":false},"author":2,"featured_media":0,"parent":52,"menu_order":0,"comment_status":"closed","ping_status":"closed","template":"","meta":{"footnotes":""},"class_list":["post-87","page","type-page","status-publish","hentry"],"yoast_head":"<!-- This site is optimized with the Yoast SEO plugin v27.3 - https:\/\/yoast.com\/product\/yoast-seo-wordpress\/ -->\n<title>Deutsch als Zweitsprache - Oberschule Seesen<\/title>\n<meta name=\"robots\" content=\"index, follow, max-snippet:-1, max-image-preview:large, max-video-preview:-1\" \/>\n<link rel=\"canonical\" href=\"https:\/\/obs-seesen.de\/?page_id=87\" \/>\n<meta property=\"og:locale\" content=\"de_DE\" \/>\n<meta property=\"og:type\" content=\"article\" \/>\n<meta property=\"og:title\" content=\"Deutsch als Zweitsprache - Oberschule Seesen\" \/>\n<meta property=\"og:description\" content=\"An der Oberschule werden verschiedene Angebote f\u00fcr Sch\u00fclerinnen und Sch\u00fcler mit geringen oder keinen Deutschkenntnissen vorgehalten. Au\u00dferdem finden F\u00f6rderkurse in diesem Bereich statt. Dar\u00fcberhinaus sind die Schulsozialarbeiterinnen eng in das Angebot eingebunden.\" \/>\n<meta property=\"og:url\" content=\"https:\/\/obs-seesen.de\/?page_id=87\" \/>\n<meta property=\"og:site_name\" content=\"Oberschule Seesen\" \/>\n<meta property=\"article:modified_time\" content=\"2018-06-22T07:02:38+00:00\" \/>\n<script type=\"application\/ld+json\" class=\"yoast-schema-graph\">{\"@context\":\"https:\\\/\\\/schema.org\",\"@graph\":[{\"@type\":\"WebPage\",\"@id\":\"https:\\\/\\\/obs-seesen.de\\\/?page_id=87\",\"url\":\"https:\\\/\\\/obs-seesen.de\\\/?page_id=87\",\"name\":\"Deutsch als Zweitsprache - Oberschule Seesen\",\"isPartOf\":{\"@id\":\"https:\\\/\\\/obs-seesen.de\\\/#website\"},\"datePublished\":\"2014-08-02T18:43:28+00:00\",\"dateModified\":\"2018-06-22T07:02:38+00:00\",\"breadcrumb\":{\"@id\":\"https:\\\/\\\/obs-seesen.de\\\/?page_id=87#breadcrumb\"},\"inLanguage\":\"de\",\"potentialAction\":[{\"@type\":\"ReadAction\",\"target\":[\"https:\\\/\\\/obs-seesen.de\\\/?page_id=87\"]}]},{\"@type\":\"BreadcrumbList\",\"@id\":\"https:\\\/\\\/obs-seesen.de\\\/?page_id=87#breadcrumb\",\"itemListElement\":[{\"@type\":\"ListItem\",\"position\":1,\"name\":\"Home\",\"item\":\"https:\\\/\\\/obs-seesen.de\\\/\"},{\"@type\":\"ListItem\",\"position\":2,\"name\":\"Arbeitsschwerpunkte\",\"item\":\"https:\\\/\\\/obs-seesen.de\\\/?page_id=52\"},{\"@type\":\"ListItem\",\"position\":3,\"name\":\"Deutsch als Zweitsprache\"}]},{\"@type\":\"WebSite\",\"@id\":\"https:\\\/\\\/obs-seesen.de\\\/#website\",\"url\":\"https:\\\/\\\/obs-seesen.de\\\/\",\"name\":\"Oberschule Seesen\",\"description\":\"seit 1884 | Ganztagsschule | mit gymnasialem Angebot | Sch\u00fclerfriedenspreis 2015\",\"potentialAction\":[{\"@type\":\"SearchAction\",\"target\":{\"@type\":\"EntryPoint\",\"urlTemplate\":\"https:\\\/\\\/obs-seesen.de\\\/?s={search_term_string}\"},\"query-input\":{\"@type\":\"PropertyValueSpecification\",\"valueRequired\":true,\"valueName\":\"search_term_string\"}}],\"inLanguage\":\"de\"}]}<\/script>\n<!-- \/ Yoast SEO plugin. -->","yoast_head_json":{"title":"Deutsch als Zweitsprache - Oberschule Seesen","robots":{"index":"index","follow":"follow","max-snippet":"max-snippet:-1","max-image-preview":"max-image-preview:large","max-video-preview":"max-video-preview:-1"},"canonical":"https:\/\/obs-seesen.de\/?page_id=87","og_locale":"de_DE","og_type":"article","og_title":"Deutsch als Zweitsprache - Oberschule Seesen","og_description":"An der Oberschule werden verschiedene Angebote f\u00fcr Sch\u00fclerinnen und Sch\u00fcler mit geringen oder keinen Deutschkenntnissen vorgehalten. Au\u00dferdem finden F\u00f6rderkurse in diesem Bereich statt. Dar\u00fcberhinaus sind die Schulsozialarbeiterinnen eng in das Angebot eingebunden.","og_url":"https:\/\/obs-seesen.de\/?page_id=87","og_site_name":"Oberschule Seesen","article_modified_time":"2018-06-22T07:02:38+00:00","schema":{"@context":"https:\/\/schema.org","@graph":[{"@type":"WebPage","@id":"https:\/\/obs-seesen.de\/?page_id=87","url":"https:\/\/obs-seesen.de\/?page_id=87","name":"Deutsch als Zweitsprache - Oberschule Seesen","isPartOf":{"@id":"https:\/\/obs-seesen.de\/#website"},"datePublished":"2014-08-02T18:43:28+00:00","dateModified":"2018-06-22T07:02:38+00:00","breadcrumb":{"@id":"https:\/\/obs-seesen.de\/?page_id=87#breadcrumb"},"inLanguage":"de","potentialAction":[{"@type":"ReadAction","target":["https:\/\/obs-seesen.de\/?page_id=87"]}]},{"@type":"BreadcrumbList","@id":"https:\/\/obs-seesen.de\/?page_id=87#breadcrumb","itemListElement":[{"@type":"ListItem","position":1,"name":"Home","item":"https:\/\/obs-seesen.de\/"},{"@type":"ListItem","position":2,"name":"Arbeitsschwerpunkte","item":"https:\/\/obs-seesen.de\/?page_id=52"},{"@type":"ListItem","position":3,"name":"Deutsch als Zweitsprache"}]},{"@type":"WebSite","@id":"https:\/\/obs-seesen.de\/#website","url":"https:\/\/obs-seesen.de\/","name":"Oberschule Seesen","description":"seit 1884 | Ganztagsschule | mit gymnasialem Angebot | Sch\u00fclerfriedenspreis 2015","potentialAction":[{"@type":"SearchAction","target":{"@type":"EntryPoint","urlTemplate":"https:\/\/obs-seesen.de\/?s={search_term_string}"},"query-input":{"@type":"PropertyValueSpecification","valueRequired":true,"valueName":"search_term_string"}}],"inLanguage":"de"}]}},"_links":{"self":[{"href":"https:\/\/obs-seesen.de\/index.php?rest_route=\/wp\/v2\/pages\/87","targetHints":{"allow":["GET"]}}],"collection":[{"href":"https:\/\/obs-seesen.de\/index.php?rest_route=\/wp\/v2\/pages"}],"about":[{"href":"https:\/\/obs-seesen.de\/index.php?rest_route=\/wp\/v2\/types\/page"}],"author":[{"embeddable":true,"href":"https:\/\/obs-seesen.de\/index.php?rest_route=\/wp\/v2\/users\/2"}],"replies":[{"embeddable":true,"href":"https:\/\/obs-seesen.de\/index.php?rest_route=%2Fwp%2Fv2%2Fcomments&post=87"}],"version-history":[{"count":3,"href":"https:\/\/obs-seesen.de\/index.php?rest_route=\/wp\/v2\/pages\/87\/revisions"}],"predecessor-version":[{"id":1288,"href":"https:\/\/obs-seesen.de\/index.php?rest_route=\/wp\/v2\/pages\/87\/revisions\/1288"}],"up":[{"embeddable":true,"href":"https:\/\/obs-seesen.de\/index.php?rest_route=\/wp\/v2\/pages\/52"}],"wp:attachment":[{"href":"https:\/\/obs-seesen.de\/index.php?rest_route=%2Fwp%2Fv2%2Fmedia&parent=87"}],"curies":[{"name":"wp","href":"https:\/\/api.w.org\/{rel}","templated":true}]}}