{"id":81,"date":"2014-08-02T20:37:24","date_gmt":"2014-08-02T18:37:24","guid":{"rendered":"http:\/\/hs-seesen.de\/obs\/?page_id=81"},"modified":"2014-08-02T20:37:24","modified_gmt":"2014-08-02T18:37:24","slug":"gesundheit-und-soziales","status":"publish","type":"page","link":"https:\/\/obs-seesen.de\/?page_id=81","title":{"rendered":"Gesundheit und Soziales"},"content":{"rendered":"<p>In Jahrgang 9 und 10 steht interessierten Sch\u00fclerinnen und Sch\u00fclern das Profil &#8222;Gesundheit und Soziales&#8220; zur Verf\u00fcgung. Hier werden (2 Stunden pro Woche) Inhalte zu den Themen Berufswahl, Pflege und Gesundheit, Hauswirtschaft und Sozialp\u00e4dagogik erarbeitet.<\/p>\n","protected":false},"excerpt":{"rendered":"<p>In Jahrgang 9 und 10 steht interessierten Sch\u00fclerinnen und Sch\u00fclern das Profil &#8222;Gesundheit und Soziales&#8220; zur Verf\u00fcgung. Hier werden (2 Stunden pro Woche) Inhalte zu den Themen Berufswahl, Pflege und Gesundheit, Hauswirtschaft und Sozialp\u00e4dagogik erarbeitet.<\/p>\n","protected":false},"author":2,"featured_media":0,"parent":52,"menu_order":0,"comment_status":"closed","ping_status":"closed","template":"","meta":{"footnotes":""},"class_list":["post-81","page","type-page","status-publish","hentry"],"yoast_head":"<!-- This site is optimized with the Yoast SEO plugin v27.3 - https:\/\/yoast.com\/product\/yoast-seo-wordpress\/ -->\n<title>Gesundheit und Soziales - Oberschule Seesen<\/title>\n<meta name=\"robots\" content=\"index, follow, max-snippet:-1, max-image-preview:large, max-video-preview:-1\" \/>\n<link rel=\"canonical\" href=\"https:\/\/obs-seesen.de\/?page_id=81\" \/>\n<meta property=\"og:locale\" content=\"de_DE\" \/>\n<meta property=\"og:type\" content=\"article\" \/>\n<meta property=\"og:title\" content=\"Gesundheit und Soziales - Oberschule Seesen\" \/>\n<meta property=\"og:description\" content=\"In Jahrgang 9 und 10 steht interessierten Sch\u00fclerinnen und Sch\u00fclern das Profil &#8222;Gesundheit und Soziales&#8220; zur Verf\u00fcgung. Hier werden (2 Stunden pro Woche) Inhalte zu den Themen Berufswahl, Pflege und Gesundheit, Hauswirtschaft und Sozialp\u00e4dagogik erarbeitet.\" \/>\n<meta property=\"og:url\" content=\"https:\/\/obs-seesen.de\/?page_id=81\" \/>\n<meta property=\"og:site_name\" content=\"Oberschule Seesen\" \/>\n<script type=\"application\/ld+json\" class=\"yoast-schema-graph\">{\"@context\":\"https:\\\/\\\/schema.org\",\"@graph\":[{\"@type\":\"WebPage\",\"@id\":\"https:\\\/\\\/obs-seesen.de\\\/?page_id=81\",\"url\":\"https:\\\/\\\/obs-seesen.de\\\/?page_id=81\",\"name\":\"Gesundheit und Soziales - Oberschule Seesen\",\"isPartOf\":{\"@id\":\"https:\\\/\\\/obs-seesen.de\\\/#website\"},\"datePublished\":\"2014-08-02T18:37:24+00:00\",\"breadcrumb\":{\"@id\":\"https:\\\/\\\/obs-seesen.de\\\/?page_id=81#breadcrumb\"},\"inLanguage\":\"de\",\"potentialAction\":[{\"@type\":\"ReadAction\",\"target\":[\"https:\\\/\\\/obs-seesen.de\\\/?page_id=81\"]}]},{\"@type\":\"BreadcrumbList\",\"@id\":\"https:\\\/\\\/obs-seesen.de\\\/?page_id=81#breadcrumb\",\"itemListElement\":[{\"@type\":\"ListItem\",\"position\":1,\"name\":\"Home\",\"item\":\"https:\\\/\\\/obs-seesen.de\\\/\"},{\"@type\":\"ListItem\",\"position\":2,\"name\":\"Arbeitsschwerpunkte\",\"item\":\"https:\\\/\\\/obs-seesen.de\\\/?page_id=52\"},{\"@type\":\"ListItem\",\"position\":3,\"name\":\"Gesundheit und Soziales\"}]},{\"@type\":\"WebSite\",\"@id\":\"https:\\\/\\\/obs-seesen.de\\\/#website\",\"url\":\"https:\\\/\\\/obs-seesen.de\\\/\",\"name\":\"Oberschule Seesen\",\"description\":\"seit 1884 | Ganztagsschule | mit gymnasialem Angebot | Sch\u00fclerfriedenspreis 2015\",\"potentialAction\":[{\"@type\":\"SearchAction\",\"target\":{\"@type\":\"EntryPoint\",\"urlTemplate\":\"https:\\\/\\\/obs-seesen.de\\\/?s={search_term_string}\"},\"query-input\":{\"@type\":\"PropertyValueSpecification\",\"valueRequired\":true,\"valueName\":\"search_term_string\"}}],\"inLanguage\":\"de\"}]}<\/script>\n<!-- \/ Yoast SEO plugin. -->","yoast_head_json":{"title":"Gesundheit und Soziales - Oberschule Seesen","robots":{"index":"index","follow":"follow","max-snippet":"max-snippet:-1","max-image-preview":"max-image-preview:large","max-video-preview":"max-video-preview:-1"},"canonical":"https:\/\/obs-seesen.de\/?page_id=81","og_locale":"de_DE","og_type":"article","og_title":"Gesundheit und Soziales - Oberschule Seesen","og_description":"In Jahrgang 9 und 10 steht interessierten Sch\u00fclerinnen und Sch\u00fclern das Profil &#8222;Gesundheit und Soziales&#8220; zur Verf\u00fcgung. Hier werden (2 Stunden pro Woche) Inhalte zu den Themen Berufswahl, Pflege und Gesundheit, Hauswirtschaft und Sozialp\u00e4dagogik erarbeitet.","og_url":"https:\/\/obs-seesen.de\/?page_id=81","og_site_name":"Oberschule Seesen","schema":{"@context":"https:\/\/schema.org","@graph":[{"@type":"WebPage","@id":"https:\/\/obs-seesen.de\/?page_id=81","url":"https:\/\/obs-seesen.de\/?page_id=81","name":"Gesundheit und Soziales - Oberschule Seesen","isPartOf":{"@id":"https:\/\/obs-seesen.de\/#website"},"datePublished":"2014-08-02T18:37:24+00:00","breadcrumb":{"@id":"https:\/\/obs-seesen.de\/?page_id=81#breadcrumb"},"inLanguage":"de","potentialAction":[{"@type":"ReadAction","target":["https:\/\/obs-seesen.de\/?page_id=81"]}]},{"@type":"BreadcrumbList","@id":"https:\/\/obs-seesen.de\/?page_id=81#breadcrumb","itemListElement":[{"@type":"ListItem","position":1,"name":"Home","item":"https:\/\/obs-seesen.de\/"},{"@type":"ListItem","position":2,"name":"Arbeitsschwerpunkte","item":"https:\/\/obs-seesen.de\/?page_id=52"},{"@type":"ListItem","position":3,"name":"Gesundheit und Soziales"}]},{"@type":"WebSite","@id":"https:\/\/obs-seesen.de\/#website","url":"https:\/\/obs-seesen.de\/","name":"Oberschule Seesen","description":"seit 1884 | Ganztagsschule | mit gymnasialem Angebot | Sch\u00fclerfriedenspreis 2015","potentialAction":[{"@type":"SearchAction","target":{"@type":"EntryPoint","urlTemplate":"https:\/\/obs-seesen.de\/?s={search_term_string}"},"query-input":{"@type":"PropertyValueSpecification","valueRequired":true,"valueName":"search_term_string"}}],"inLanguage":"de"}]}},"_links":{"self":[{"href":"https:\/\/obs-seesen.de\/index.php?rest_route=\/wp\/v2\/pages\/81","targetHints":{"allow":["GET"]}}],"collection":[{"href":"https:\/\/obs-seesen.de\/index.php?rest_route=\/wp\/v2\/pages"}],"about":[{"href":"https:\/\/obs-seesen.de\/index.php?rest_route=\/wp\/v2\/types\/page"}],"author":[{"embeddable":true,"href":"https:\/\/obs-seesen.de\/index.php?rest_route=\/wp\/v2\/users\/2"}],"replies":[{"embeddable":true,"href":"https:\/\/obs-seesen.de\/index.php?rest_route=%2Fwp%2Fv2%2Fcomments&post=81"}],"version-history":[{"count":1,"href":"https:\/\/obs-seesen.de\/index.php?rest_route=\/wp\/v2\/pages\/81\/revisions"}],"predecessor-version":[{"id":82,"href":"https:\/\/obs-seesen.de\/index.php?rest_route=\/wp\/v2\/pages\/81\/revisions\/82"}],"up":[{"embeddable":true,"href":"https:\/\/obs-seesen.de\/index.php?rest_route=\/wp\/v2\/pages\/52"}],"wp:attachment":[{"href":"https:\/\/obs-seesen.de\/index.php?rest_route=%2Fwp%2Fv2%2Fmedia&parent=81"}],"curies":[{"name":"wp","href":"https:\/\/api.w.org\/{rel}","templated":true}]}}