{"id":79,"date":"2014-08-02T20:34:52","date_gmt":"2014-08-02T18:34:52","guid":{"rendered":"http:\/\/hs-seesen.de\/obs\/?page_id=79"},"modified":"2016-02-17T11:04:53","modified_gmt":"2016-02-17T10:04:53","slug":"rockklasse","status":"publish","type":"page","link":"https:\/\/obs-seesen.de\/?page_id=79","title":{"rendered":"Rockklasse"},"content":{"rendered":"<p>Der regul\u00e4re Musikunterricht wird an der Oberschule Seesen um weitere Wahlm\u00f6glichkeiten erg\u00e4nzt.<\/p>\n<p>In Jahrgang 7 und 8 bieten wir die Teilnahme an der ROCKKLASSE an. Unter der Leitung von Musiklehrer und Schlagzeuger Hauke Nies erarbeiten die Sch\u00fclerinnen und Sch\u00fcler in 4 Stunden pro Woche Theorie und Praxis der Rockmusik. Dabei bringen viele ihr K\u00f6nnen am Instrument mit ein. Zahlreiche Sch\u00fclerinnen und Sch\u00fcler lernen in diesem Zusammenhang auch eines der klassischen Rockinstrumente zu spielen.<\/p>\n<p>Zus\u00e4tzlich zu den umfangreichen Kursen in Jahrgang 7 und 8 bieten wir in 9 und 10 zus\u00e4tzliche Musikkurse im Umfang von 2 Stunden pro Woche an.<\/p>\n<p>F\u00fcr die unteren Jahrg\u00e4nge steht eine Trommelgruppe im Bereich des Ganztagsangebots offen.<\/p>\n<p>Im Projekt &#8222;<a title=\"Generation of Respect\" href=\"http:\/\/www.rap-spect.de\/niedersachsen\/goslar\/2013\/generation-of-respect\/index.html\" target=\"_blank\">Rapspect: Generation of Respect<\/a>&#8220; entwickeln Sch\u00fclerinnen und Sch\u00fcler gemeinsam mit Senorinnen und Senioren Lieder und produzieren die in Eigenregie.<\/p>\n<p>Dar\u00fcber hinaus tritt die Schulband der Schule zu zahlreichen Gelegenheiten in und um Seesen auf.<\/p>\n<p>Die Fachleitung Musik liegt bei Herrn Nies.<\/p>\n","protected":false},"excerpt":{"rendered":"<p>Der regul\u00e4re Musikunterricht wird an der Oberschule Seesen um weitere Wahlm\u00f6glichkeiten erg\u00e4nzt. In Jahrgang 7 und 8 bieten wir die Teilnahme an der ROCKKLASSE an. Unter der Leitung von Musiklehrer und Schlagzeuger Hauke Nies erarbeiten die Sch\u00fclerinnen und Sch\u00fcler in 4 Stunden pro Woche Theorie und Praxis der Rockmusik. Dabei bringen viele ihr K\u00f6nnen am &hellip; <a href=\"https:\/\/obs-seesen.de\/?page_id=79\" class=\"more-link\"><span class=\"screen-reader-text\">Rockklasse<\/span> weiterlesen <span class=\"meta-nav\">&rarr;<\/span><\/a><\/p>\n","protected":false},"author":2,"featured_media":0,"parent":52,"menu_order":0,"comment_status":"closed","ping_status":"closed","template":"","meta":{"footnotes":""},"class_list":["post-79","page","type-page","status-publish","hentry"],"yoast_head":"<!-- This site is optimized with the Yoast SEO plugin v27.3 - https:\/\/yoast.com\/product\/yoast-seo-wordpress\/ -->\n<title>Rockklasse - Oberschule Seesen<\/title>\n<meta name=\"robots\" content=\"index, follow, max-snippet:-1, max-image-preview:large, max-video-preview:-1\" \/>\n<link rel=\"canonical\" href=\"https:\/\/obs-seesen.de\/?page_id=79\" \/>\n<meta property=\"og:locale\" content=\"de_DE\" \/>\n<meta property=\"og:type\" content=\"article\" \/>\n<meta property=\"og:title\" content=\"Rockklasse - Oberschule Seesen\" \/>\n<meta property=\"og:description\" content=\"Der regul\u00e4re Musikunterricht wird an der Oberschule Seesen um weitere Wahlm\u00f6glichkeiten erg\u00e4nzt. In Jahrgang 7 und 8 bieten wir die Teilnahme an der ROCKKLASSE an. Unter der Leitung von Musiklehrer und Schlagzeuger Hauke Nies erarbeiten die Sch\u00fclerinnen und Sch\u00fcler in 4 Stunden pro Woche Theorie und Praxis der Rockmusik. Dabei bringen viele ihr K\u00f6nnen am &hellip; Rockklasse weiterlesen &rarr;\" \/>\n<meta property=\"og:url\" content=\"https:\/\/obs-seesen.de\/?page_id=79\" \/>\n<meta property=\"og:site_name\" content=\"Oberschule Seesen\" \/>\n<meta property=\"article:modified_time\" content=\"2016-02-17T10:04:53+00:00\" \/>\n<meta name=\"twitter:label1\" content=\"Gesch\u00e4tzte Lesezeit\" \/>\n\t<meta name=\"twitter:data1\" content=\"1\u00a0Minute\" \/>\n<script type=\"application\/ld+json\" class=\"yoast-schema-graph\">{\"@context\":\"https:\\\/\\\/schema.org\",\"@graph\":[{\"@type\":\"WebPage\",\"@id\":\"https:\\\/\\\/obs-seesen.de\\\/?page_id=79\",\"url\":\"https:\\\/\\\/obs-seesen.de\\\/?page_id=79\",\"name\":\"Rockklasse - Oberschule Seesen\",\"isPartOf\":{\"@id\":\"https:\\\/\\\/obs-seesen.de\\\/#website\"},\"datePublished\":\"2014-08-02T18:34:52+00:00\",\"dateModified\":\"2016-02-17T10:04:53+00:00\",\"breadcrumb\":{\"@id\":\"https:\\\/\\\/obs-seesen.de\\\/?page_id=79#breadcrumb\"},\"inLanguage\":\"de\",\"potentialAction\":[{\"@type\":\"ReadAction\",\"target\":[\"https:\\\/\\\/obs-seesen.de\\\/?page_id=79\"]}]},{\"@type\":\"BreadcrumbList\",\"@id\":\"https:\\\/\\\/obs-seesen.de\\\/?page_id=79#breadcrumb\",\"itemListElement\":[{\"@type\":\"ListItem\",\"position\":1,\"name\":\"Home\",\"item\":\"https:\\\/\\\/obs-seesen.de\\\/\"},{\"@type\":\"ListItem\",\"position\":2,\"name\":\"Arbeitsschwerpunkte\",\"item\":\"https:\\\/\\\/obs-seesen.de\\\/?page_id=52\"},{\"@type\":\"ListItem\",\"position\":3,\"name\":\"Rockklasse\"}]},{\"@type\":\"WebSite\",\"@id\":\"https:\\\/\\\/obs-seesen.de\\\/#website\",\"url\":\"https:\\\/\\\/obs-seesen.de\\\/\",\"name\":\"Oberschule Seesen\",\"description\":\"seit 1884 | Ganztagsschule | mit gymnasialem Angebot | Sch\u00fclerfriedenspreis 2015\",\"potentialAction\":[{\"@type\":\"SearchAction\",\"target\":{\"@type\":\"EntryPoint\",\"urlTemplate\":\"https:\\\/\\\/obs-seesen.de\\\/?s={search_term_string}\"},\"query-input\":{\"@type\":\"PropertyValueSpecification\",\"valueRequired\":true,\"valueName\":\"search_term_string\"}}],\"inLanguage\":\"de\"}]}<\/script>\n<!-- \/ Yoast SEO plugin. -->","yoast_head_json":{"title":"Rockklasse - Oberschule Seesen","robots":{"index":"index","follow":"follow","max-snippet":"max-snippet:-1","max-image-preview":"max-image-preview:large","max-video-preview":"max-video-preview:-1"},"canonical":"https:\/\/obs-seesen.de\/?page_id=79","og_locale":"de_DE","og_type":"article","og_title":"Rockklasse - Oberschule Seesen","og_description":"Der regul\u00e4re Musikunterricht wird an der Oberschule Seesen um weitere Wahlm\u00f6glichkeiten erg\u00e4nzt. In Jahrgang 7 und 8 bieten wir die Teilnahme an der ROCKKLASSE an. Unter der Leitung von Musiklehrer und Schlagzeuger Hauke Nies erarbeiten die Sch\u00fclerinnen und Sch\u00fcler in 4 Stunden pro Woche Theorie und Praxis der Rockmusik. Dabei bringen viele ihr K\u00f6nnen am &hellip; Rockklasse weiterlesen &rarr;","og_url":"https:\/\/obs-seesen.de\/?page_id=79","og_site_name":"Oberschule Seesen","article_modified_time":"2016-02-17T10:04:53+00:00","twitter_misc":{"Gesch\u00e4tzte Lesezeit":"1\u00a0Minute"},"schema":{"@context":"https:\/\/schema.org","@graph":[{"@type":"WebPage","@id":"https:\/\/obs-seesen.de\/?page_id=79","url":"https:\/\/obs-seesen.de\/?page_id=79","name":"Rockklasse - Oberschule Seesen","isPartOf":{"@id":"https:\/\/obs-seesen.de\/#website"},"datePublished":"2014-08-02T18:34:52+00:00","dateModified":"2016-02-17T10:04:53+00:00","breadcrumb":{"@id":"https:\/\/obs-seesen.de\/?page_id=79#breadcrumb"},"inLanguage":"de","potentialAction":[{"@type":"ReadAction","target":["https:\/\/obs-seesen.de\/?page_id=79"]}]},{"@type":"BreadcrumbList","@id":"https:\/\/obs-seesen.de\/?page_id=79#breadcrumb","itemListElement":[{"@type":"ListItem","position":1,"name":"Home","item":"https:\/\/obs-seesen.de\/"},{"@type":"ListItem","position":2,"name":"Arbeitsschwerpunkte","item":"https:\/\/obs-seesen.de\/?page_id=52"},{"@type":"ListItem","position":3,"name":"Rockklasse"}]},{"@type":"WebSite","@id":"https:\/\/obs-seesen.de\/#website","url":"https:\/\/obs-seesen.de\/","name":"Oberschule Seesen","description":"seit 1884 | Ganztagsschule | mit gymnasialem Angebot | Sch\u00fclerfriedenspreis 2015","potentialAction":[{"@type":"SearchAction","target":{"@type":"EntryPoint","urlTemplate":"https:\/\/obs-seesen.de\/?s={search_term_string}"},"query-input":{"@type":"PropertyValueSpecification","valueRequired":true,"valueName":"search_term_string"}}],"inLanguage":"de"}]}},"_links":{"self":[{"href":"https:\/\/obs-seesen.de\/index.php?rest_route=\/wp\/v2\/pages\/79","targetHints":{"allow":["GET"]}}],"collection":[{"href":"https:\/\/obs-seesen.de\/index.php?rest_route=\/wp\/v2\/pages"}],"about":[{"href":"https:\/\/obs-seesen.de\/index.php?rest_route=\/wp\/v2\/types\/page"}],"author":[{"embeddable":true,"href":"https:\/\/obs-seesen.de\/index.php?rest_route=\/wp\/v2\/users\/2"}],"replies":[{"embeddable":true,"href":"https:\/\/obs-seesen.de\/index.php?rest_route=%2Fwp%2Fv2%2Fcomments&post=79"}],"version-history":[{"count":2,"href":"https:\/\/obs-seesen.de\/index.php?rest_route=\/wp\/v2\/pages\/79\/revisions"}],"predecessor-version":[{"id":651,"href":"https:\/\/obs-seesen.de\/index.php?rest_route=\/wp\/v2\/pages\/79\/revisions\/651"}],"up":[{"embeddable":true,"href":"https:\/\/obs-seesen.de\/index.php?rest_route=\/wp\/v2\/pages\/52"}],"wp:attachment":[{"href":"https:\/\/obs-seesen.de\/index.php?rest_route=%2Fwp%2Fv2%2Fmedia&parent=79"}],"curies":[{"name":"wp","href":"https:\/\/api.w.org\/{rel}","templated":true}]}}