{"id":74,"date":"2014-08-02T20:15:24","date_gmt":"2014-08-02T18:15:24","guid":{"rendered":"http:\/\/hs-seesen.de\/obs\/?page_id=74"},"modified":"2023-10-26T13:55:50","modified_gmt":"2023-10-26T11:55:50","slug":"ganztagsschule","status":"publish","type":"page","link":"https:\/\/obs-seesen.de\/?page_id=74","title":{"rendered":"Ganztagsschule"},"content":{"rendered":"<p>Die Oberschule Seesen ist eine teilgebundene Ganztagsschule. Montags und donnerstags ist die Teilnahme am Nachmittagsunterricht verpflichtend. Mittwochs gibt es offene Projekt-, Lern- und \u00dcbungsangebote (AG).<\/p>\n<p>Mittwoch steht ein breites AG-Angebot zur Auswahl:<\/p>\n<ul>\n<li>Kr\u00e4utergarten<\/li>\n<li>Sch\u00fclerfirma<\/li>\n<li>Spieleausleihe<\/li>\n<li>Schulgarten<\/li>\n<li>Werken<\/li>\n<li>Fu\u00dfball<\/li>\n<li>Schulband<\/li>\n<li>Lebenshilfe<\/li>\n<li>B\u00fccherei<\/li>\n<li>Schulsanit\u00e4tsdienst<\/li>\n<li>Tanzen<\/li>\n<li>Musik<\/li>\n<\/ul>\n<p>Montag und Donnerstag findet Unterricht statt.<\/p>\n<p>Sch\u00fcler aus h\u00f6heren Jahrg\u00e4ngen unterst\u00fctzen die Durchf\u00fchung von AGs, Projekten und Lernzeiten als &#8222;AG-Betreuer&#8220;.<\/p>\n<p><a title=\"Informationen zum Mittagessen\" href=\"http:\/\/obs-seesen.de\/?page_id=76\">Informationen zum angebotenen Mittagessen finden Sie hier.<\/a><\/p>\n<p>Ansprechpartner f\u00fcr den Ganztagsbereich ist die stellv. Schulleiterin Heike Kmiec (kmiec@sz-seesen.de).<\/p>\n\n\n<p><\/p>\n","protected":false},"excerpt":{"rendered":"<p>Die Oberschule Seesen ist eine teilgebundene Ganztagsschule. Montags und donnerstags ist die Teilnahme am Nachmittagsunterricht verpflichtend. Mittwochs gibt es offene Projekt-, Lern- und \u00dcbungsangebote (AG). Mittwoch steht ein breites AG-Angebot zur Auswahl: Kr\u00e4utergarten Sch\u00fclerfirma Spieleausleihe Schulgarten Werken Fu\u00dfball Schulband Lebenshilfe B\u00fccherei Schulsanit\u00e4tsdienst Tanzen Musik Montag und Donnerstag findet Unterricht statt. Sch\u00fcler aus h\u00f6heren Jahrg\u00e4ngen unterst\u00fctzen &hellip; <a href=\"https:\/\/obs-seesen.de\/?page_id=74\" class=\"more-link\"><span class=\"screen-reader-text\">Ganztagsschule<\/span> weiterlesen <span class=\"meta-nav\">&rarr;<\/span><\/a><\/p>\n","protected":false},"author":2,"featured_media":0,"parent":52,"menu_order":0,"comment_status":"closed","ping_status":"closed","template":"","meta":{"footnotes":""},"class_list":["post-74","page","type-page","status-publish","hentry"],"yoast_head":"<!-- This site is optimized with the Yoast SEO plugin v27.3 - https:\/\/yoast.com\/product\/yoast-seo-wordpress\/ -->\n<title>Ganztagsschule - Oberschule Seesen<\/title>\n<meta name=\"robots\" content=\"index, follow, max-snippet:-1, max-image-preview:large, max-video-preview:-1\" \/>\n<link rel=\"canonical\" href=\"https:\/\/obs-seesen.de\/?page_id=74\" \/>\n<meta property=\"og:locale\" content=\"de_DE\" \/>\n<meta property=\"og:type\" content=\"article\" \/>\n<meta property=\"og:title\" content=\"Ganztagsschule - Oberschule Seesen\" \/>\n<meta property=\"og:description\" content=\"Die Oberschule Seesen ist eine teilgebundene Ganztagsschule. Montags und donnerstags ist die Teilnahme am Nachmittagsunterricht verpflichtend. Mittwochs gibt es offene Projekt-, Lern- und \u00dcbungsangebote (AG). Mittwoch steht ein breites AG-Angebot zur Auswahl: Kr\u00e4utergarten Sch\u00fclerfirma Spieleausleihe Schulgarten Werken Fu\u00dfball Schulband Lebenshilfe B\u00fccherei Schulsanit\u00e4tsdienst Tanzen Musik Montag und Donnerstag findet Unterricht statt. Sch\u00fcler aus h\u00f6heren Jahrg\u00e4ngen unterst\u00fctzen &hellip; Ganztagsschule weiterlesen &rarr;\" \/>\n<meta property=\"og:url\" content=\"https:\/\/obs-seesen.de\/?page_id=74\" \/>\n<meta property=\"og:site_name\" content=\"Oberschule Seesen\" \/>\n<meta property=\"article:modified_time\" content=\"2023-10-26T11:55:50+00:00\" \/>\n<meta name=\"twitter:label1\" content=\"Gesch\u00e4tzte Lesezeit\" \/>\n\t<meta name=\"twitter:data1\" content=\"1\u00a0Minute\" \/>\n<script type=\"application\/ld+json\" class=\"yoast-schema-graph\">{\"@context\":\"https:\\\/\\\/schema.org\",\"@graph\":[{\"@type\":\"WebPage\",\"@id\":\"https:\\\/\\\/obs-seesen.de\\\/?page_id=74\",\"url\":\"https:\\\/\\\/obs-seesen.de\\\/?page_id=74\",\"name\":\"Ganztagsschule - Oberschule Seesen\",\"isPartOf\":{\"@id\":\"https:\\\/\\\/obs-seesen.de\\\/#website\"},\"datePublished\":\"2014-08-02T18:15:24+00:00\",\"dateModified\":\"2023-10-26T11:55:50+00:00\",\"breadcrumb\":{\"@id\":\"https:\\\/\\\/obs-seesen.de\\\/?page_id=74#breadcrumb\"},\"inLanguage\":\"de\",\"potentialAction\":[{\"@type\":\"ReadAction\",\"target\":[\"https:\\\/\\\/obs-seesen.de\\\/?page_id=74\"]}]},{\"@type\":\"BreadcrumbList\",\"@id\":\"https:\\\/\\\/obs-seesen.de\\\/?page_id=74#breadcrumb\",\"itemListElement\":[{\"@type\":\"ListItem\",\"position\":1,\"name\":\"Home\",\"item\":\"https:\\\/\\\/obs-seesen.de\\\/\"},{\"@type\":\"ListItem\",\"position\":2,\"name\":\"Arbeitsschwerpunkte\",\"item\":\"https:\\\/\\\/obs-seesen.de\\\/?page_id=52\"},{\"@type\":\"ListItem\",\"position\":3,\"name\":\"Ganztagsschule\"}]},{\"@type\":\"WebSite\",\"@id\":\"https:\\\/\\\/obs-seesen.de\\\/#website\",\"url\":\"https:\\\/\\\/obs-seesen.de\\\/\",\"name\":\"Oberschule Seesen\",\"description\":\"seit 1884 | Ganztagsschule | mit gymnasialem Angebot | Sch\u00fclerfriedenspreis 2015\",\"potentialAction\":[{\"@type\":\"SearchAction\",\"target\":{\"@type\":\"EntryPoint\",\"urlTemplate\":\"https:\\\/\\\/obs-seesen.de\\\/?s={search_term_string}\"},\"query-input\":{\"@type\":\"PropertyValueSpecification\",\"valueRequired\":true,\"valueName\":\"search_term_string\"}}],\"inLanguage\":\"de\"}]}<\/script>\n<!-- \/ Yoast SEO plugin. -->","yoast_head_json":{"title":"Ganztagsschule - Oberschule Seesen","robots":{"index":"index","follow":"follow","max-snippet":"max-snippet:-1","max-image-preview":"max-image-preview:large","max-video-preview":"max-video-preview:-1"},"canonical":"https:\/\/obs-seesen.de\/?page_id=74","og_locale":"de_DE","og_type":"article","og_title":"Ganztagsschule - Oberschule Seesen","og_description":"Die Oberschule Seesen ist eine teilgebundene Ganztagsschule. Montags und donnerstags ist die Teilnahme am Nachmittagsunterricht verpflichtend. Mittwochs gibt es offene Projekt-, Lern- und \u00dcbungsangebote (AG). Mittwoch steht ein breites AG-Angebot zur Auswahl: Kr\u00e4utergarten Sch\u00fclerfirma Spieleausleihe Schulgarten Werken Fu\u00dfball Schulband Lebenshilfe B\u00fccherei Schulsanit\u00e4tsdienst Tanzen Musik Montag und Donnerstag findet Unterricht statt. Sch\u00fcler aus h\u00f6heren Jahrg\u00e4ngen unterst\u00fctzen &hellip; Ganztagsschule weiterlesen &rarr;","og_url":"https:\/\/obs-seesen.de\/?page_id=74","og_site_name":"Oberschule Seesen","article_modified_time":"2023-10-26T11:55:50+00:00","twitter_misc":{"Gesch\u00e4tzte Lesezeit":"1\u00a0Minute"},"schema":{"@context":"https:\/\/schema.org","@graph":[{"@type":"WebPage","@id":"https:\/\/obs-seesen.de\/?page_id=74","url":"https:\/\/obs-seesen.de\/?page_id=74","name":"Ganztagsschule - Oberschule Seesen","isPartOf":{"@id":"https:\/\/obs-seesen.de\/#website"},"datePublished":"2014-08-02T18:15:24+00:00","dateModified":"2023-10-26T11:55:50+00:00","breadcrumb":{"@id":"https:\/\/obs-seesen.de\/?page_id=74#breadcrumb"},"inLanguage":"de","potentialAction":[{"@type":"ReadAction","target":["https:\/\/obs-seesen.de\/?page_id=74"]}]},{"@type":"BreadcrumbList","@id":"https:\/\/obs-seesen.de\/?page_id=74#breadcrumb","itemListElement":[{"@type":"ListItem","position":1,"name":"Home","item":"https:\/\/obs-seesen.de\/"},{"@type":"ListItem","position":2,"name":"Arbeitsschwerpunkte","item":"https:\/\/obs-seesen.de\/?page_id=52"},{"@type":"ListItem","position":3,"name":"Ganztagsschule"}]},{"@type":"WebSite","@id":"https:\/\/obs-seesen.de\/#website","url":"https:\/\/obs-seesen.de\/","name":"Oberschule Seesen","description":"seit 1884 | Ganztagsschule | mit gymnasialem Angebot | Sch\u00fclerfriedenspreis 2015","potentialAction":[{"@type":"SearchAction","target":{"@type":"EntryPoint","urlTemplate":"https:\/\/obs-seesen.de\/?s={search_term_string}"},"query-input":{"@type":"PropertyValueSpecification","valueRequired":true,"valueName":"search_term_string"}}],"inLanguage":"de"}]}},"_links":{"self":[{"href":"https:\/\/obs-seesen.de\/index.php?rest_route=\/wp\/v2\/pages\/74","targetHints":{"allow":["GET"]}}],"collection":[{"href":"https:\/\/obs-seesen.de\/index.php?rest_route=\/wp\/v2\/pages"}],"about":[{"href":"https:\/\/obs-seesen.de\/index.php?rest_route=\/wp\/v2\/types\/page"}],"author":[{"embeddable":true,"href":"https:\/\/obs-seesen.de\/index.php?rest_route=\/wp\/v2\/users\/2"}],"replies":[{"embeddable":true,"href":"https:\/\/obs-seesen.de\/index.php?rest_route=%2Fwp%2Fv2%2Fcomments&post=74"}],"version-history":[{"count":6,"href":"https:\/\/obs-seesen.de\/index.php?rest_route=\/wp\/v2\/pages\/74\/revisions"}],"predecessor-version":[{"id":2974,"href":"https:\/\/obs-seesen.de\/index.php?rest_route=\/wp\/v2\/pages\/74\/revisions\/2974"}],"up":[{"embeddable":true,"href":"https:\/\/obs-seesen.de\/index.php?rest_route=\/wp\/v2\/pages\/52"}],"wp:attachment":[{"href":"https:\/\/obs-seesen.de\/index.php?rest_route=%2Fwp%2Fv2%2Fmedia&parent=74"}],"curies":[{"name":"wp","href":"https:\/\/api.w.org\/{rel}","templated":true}]}}