{"id":578,"date":"2015-09-29T10:04:15","date_gmt":"2015-09-29T08:04:15","guid":{"rendered":"http:\/\/obs-seesen.de\/?page_id=578"},"modified":"2023-07-17T11:21:46","modified_gmt":"2023-07-17T09:21:46","slug":"gedenkstaettenfahrt-auschwitz-birkenau","status":"publish","type":"page","link":"https:\/\/obs-seesen.de\/?page_id=578","title":{"rendered":"Gedenkst\u00e4ttenfahrt Auschwitz-Birkenau"},"content":{"rendered":"<div class=\"wp-block-image\">\n<figure class=\"alignright\"><img loading=\"lazy\" decoding=\"async\" width=\"220\" height=\"146\" src=\"http:\/\/obs-seesen.de\/wp-content\/uploads\/2015\/09\/220px-Arbeit_macht_frei1.png\" alt=\"220px-Arbeit_macht_frei[1]\" class=\"wp-image-579\"\/><\/figure><\/div>\n\n\n<p>In Jahrgang 10 wollen wir Sch\u00fclerinnen und Sch\u00fclern die Teilnahme an einer mehrt\u00e4gigen Studien- und Forschungsfahrt in die <a href=\"http:\/\/www.auschwitz.org.pl\/\" target=\"_blank\" rel=\"noopener\">Gedenkst\u00e4tte Auschwitz-Birkenau<\/a> erm\u00f6glichen. Die Teilnahme ist freiwillig und in ein umfassendes Projekt zur Vor- und Nachbereitung eingebunden.<\/p>\n\n\n\n<p>Die erste Fahrt erfolgte im Schuljahr 2014\/15 auf Wunsch von Sch\u00fclerinnen und Sch\u00fclern der damaligen R10b.<\/p>\n\n\n\n<p>F\u00fcr diese Fahrten brauchen wir finanzielle Unterst\u00fctzung. Interessierte Spender sind herzlich eingeladen, <a href=\"http:\/\/obs-seesen.de\/?page_id=17\">mit der Schule in Kontakt zu treten<\/a>.<\/p>\n\n\n\n<p>Das Projekt wurde von Herrn Dr. Thomas Droste ins Leben gerufen und wird zur Zeit von C\u00e9dric Carenini und Claudia Holzhausen betreut.<\/p>\n\n\n\n<p><\/p>\n\n\n\n<p><\/p>\n\n\n\n<figure class=\"wp-block-embed is-type-video is-provider-vimeo wp-block-embed-vimeo wp-embed-aspect-16-9 wp-has-aspect-ratio\"><div class=\"wp-block-embed__wrapper\">\n<iframe loading=\"lazy\" title=\"Das Tschland-Mal von Seesen-M\u00fcnchehof, 75 Jahre Niedersachsen\" src=\"https:\/\/player.vimeo.com\/video\/644747833?dnt=1&amp;app_id=122963\" width=\"474\" height=\"267\" frameborder=\"0\" allow=\"autoplay; fullscreen; picture-in-picture; clipboard-write\"><\/iframe>\n<\/div><figcaption class=\"wp-element-caption\">2021<\/figcaption><\/figure>\n\n\n\n<p> Sch\u00fclerinnen und Sch\u00fcler aus Jahrgang 10 aus der <a href=\"https:\/\/obs-seesen.de\/?page_id=578\">Projektgruppe GEDENKST\u00c4TTENFAHRT<\/a> haben sich mit ihrem Lehrer Dr. Droste mit dem TSCHLAND-MAL in M\u00fcnchehof auseinandergesetzt. Im Rahmen des Programms <a href=\"https:\/\/75-jahre-demokratie-in-niedersachsen.de\/das-tschland-mal-von-seesen-muenchehof-die-errichtung-1945-und-die-heutige-bedeutung\/\">&#8222;75 Jahre Demokratie in Niedersachsen&#8220;<\/a> f\u00f6rderte das Land Niedersachsen die Recherchen zu dem Film und den Film selbst. <\/p>\n\n\n\n<p>Bereits 2020 setzte sich eine Sch\u00fclergruppe im Rahmen des Wettbewerbs &#8222;Befereit! und dann?&#8220; des NDR und der Stiftung Nieders\u00e4chsische Gedenkst\u00e4tten mit dem TSCHLAND-Mal und seiner Geschichte auseinander.<\/p>\n\n\n\n<figure class=\"wp-block-embed is-type-video is-provider-vimeo wp-block-embed-vimeo wp-embed-aspect-16-9 wp-has-aspect-ratio\"><div class=\"wp-block-embed__wrapper\">\n<iframe loading=\"lazy\" title=\"Das Tschland-Mal - Die Geschichte eines Gedenksteins\" src=\"https:\/\/player.vimeo.com\/video\/654540439?dnt=1&amp;app_id=122963\" width=\"474\" height=\"267\" frameborder=\"0\" allow=\"autoplay; fullscreen; picture-in-picture; clipboard-write\"><\/iframe>\n<\/div><figcaption class=\"wp-element-caption\">2020<\/figcaption><\/figure>\n\n\n\n<p><\/p>\n","protected":false},"excerpt":{"rendered":"<p>In Jahrgang 10 wollen wir Sch\u00fclerinnen und Sch\u00fclern die Teilnahme an einer mehrt\u00e4gigen Studien- und Forschungsfahrt in die Gedenkst\u00e4tte Auschwitz-Birkenau erm\u00f6glichen. Die Teilnahme ist freiwillig und in ein umfassendes Projekt zur Vor- und Nachbereitung eingebunden. Die erste Fahrt erfolgte im Schuljahr 2014\/15 auf Wunsch von Sch\u00fclerinnen und Sch\u00fclern der damaligen R10b. F\u00fcr diese Fahrten brauchen &hellip; <a href=\"https:\/\/obs-seesen.de\/?page_id=578\" class=\"more-link\"><span class=\"screen-reader-text\">Gedenkst\u00e4ttenfahrt Auschwitz-Birkenau<\/span> weiterlesen <span class=\"meta-nav\">&rarr;<\/span><\/a><\/p>\n","protected":false},"author":2,"featured_media":0,"parent":52,"menu_order":0,"comment_status":"closed","ping_status":"closed","template":"","meta":{"footnotes":""},"class_list":["post-578","page","type-page","status-publish","hentry"],"yoast_head":"<!-- This site is optimized with the Yoast SEO plugin v27.3 - https:\/\/yoast.com\/product\/yoast-seo-wordpress\/ -->\n<title>Gedenkst\u00e4ttenfahrt Auschwitz-Birkenau - Oberschule Seesen<\/title>\n<meta name=\"robots\" content=\"index, follow, max-snippet:-1, max-image-preview:large, max-video-preview:-1\" \/>\n<link rel=\"canonical\" href=\"https:\/\/obs-seesen.de\/?page_id=578\" \/>\n<meta property=\"og:locale\" content=\"de_DE\" \/>\n<meta property=\"og:type\" content=\"article\" \/>\n<meta property=\"og:title\" content=\"Gedenkst\u00e4ttenfahrt Auschwitz-Birkenau - Oberschule Seesen\" \/>\n<meta property=\"og:description\" content=\"In Jahrgang 10 wollen wir Sch\u00fclerinnen und Sch\u00fclern die Teilnahme an einer mehrt\u00e4gigen Studien- und Forschungsfahrt in die Gedenkst\u00e4tte Auschwitz-Birkenau erm\u00f6glichen. Die Teilnahme ist freiwillig und in ein umfassendes Projekt zur Vor- und Nachbereitung eingebunden. Die erste Fahrt erfolgte im Schuljahr 2014\/15 auf Wunsch von Sch\u00fclerinnen und Sch\u00fclern der damaligen R10b. F\u00fcr diese Fahrten brauchen &hellip; Gedenkst\u00e4ttenfahrt Auschwitz-Birkenau weiterlesen &rarr;\" \/>\n<meta property=\"og:url\" content=\"https:\/\/obs-seesen.de\/?page_id=578\" \/>\n<meta property=\"og:site_name\" content=\"Oberschule Seesen\" \/>\n<meta property=\"article:modified_time\" content=\"2023-07-17T09:21:46+00:00\" \/>\n<meta property=\"og:image\" content=\"http:\/\/obs-seesen.de\/wp-content\/uploads\/2015\/09\/220px-Arbeit_macht_frei1.png\" \/>\n<meta name=\"twitter:label1\" content=\"Gesch\u00e4tzte Lesezeit\" \/>\n\t<meta name=\"twitter:data1\" content=\"2\u00a0Minuten\" \/>\n<script type=\"application\/ld+json\" class=\"yoast-schema-graph\">{\"@context\":\"https:\\\/\\\/schema.org\",\"@graph\":[{\"@type\":\"WebPage\",\"@id\":\"https:\\\/\\\/obs-seesen.de\\\/?page_id=578\",\"url\":\"https:\\\/\\\/obs-seesen.de\\\/?page_id=578\",\"name\":\"Gedenkst\u00e4ttenfahrt Auschwitz-Birkenau - Oberschule Seesen\",\"isPartOf\":{\"@id\":\"https:\\\/\\\/obs-seesen.de\\\/#website\"},\"primaryImageOfPage\":{\"@id\":\"https:\\\/\\\/obs-seesen.de\\\/?page_id=578#primaryimage\"},\"image\":{\"@id\":\"https:\\\/\\\/obs-seesen.de\\\/?page_id=578#primaryimage\"},\"thumbnailUrl\":\"http:\\\/\\\/obs-seesen.de\\\/wp-content\\\/uploads\\\/2015\\\/09\\\/220px-Arbeit_macht_frei1.png\",\"datePublished\":\"2015-09-29T08:04:15+00:00\",\"dateModified\":\"2023-07-17T09:21:46+00:00\",\"breadcrumb\":{\"@id\":\"https:\\\/\\\/obs-seesen.de\\\/?page_id=578#breadcrumb\"},\"inLanguage\":\"de\",\"potentialAction\":[{\"@type\":\"ReadAction\",\"target\":[\"https:\\\/\\\/obs-seesen.de\\\/?page_id=578\"]}]},{\"@type\":\"ImageObject\",\"inLanguage\":\"de\",\"@id\":\"https:\\\/\\\/obs-seesen.de\\\/?page_id=578#primaryimage\",\"url\":\"http:\\\/\\\/obs-seesen.de\\\/wp-content\\\/uploads\\\/2015\\\/09\\\/220px-Arbeit_macht_frei1.png\",\"contentUrl\":\"http:\\\/\\\/obs-seesen.de\\\/wp-content\\\/uploads\\\/2015\\\/09\\\/220px-Arbeit_macht_frei1.png\"},{\"@type\":\"BreadcrumbList\",\"@id\":\"https:\\\/\\\/obs-seesen.de\\\/?page_id=578#breadcrumb\",\"itemListElement\":[{\"@type\":\"ListItem\",\"position\":1,\"name\":\"Home\",\"item\":\"https:\\\/\\\/obs-seesen.de\\\/\"},{\"@type\":\"ListItem\",\"position\":2,\"name\":\"Arbeitsschwerpunkte\",\"item\":\"https:\\\/\\\/obs-seesen.de\\\/?page_id=52\"},{\"@type\":\"ListItem\",\"position\":3,\"name\":\"Gedenkst\u00e4ttenfahrt Auschwitz-Birkenau\"}]},{\"@type\":\"WebSite\",\"@id\":\"https:\\\/\\\/obs-seesen.de\\\/#website\",\"url\":\"https:\\\/\\\/obs-seesen.de\\\/\",\"name\":\"Oberschule Seesen\",\"description\":\"seit 1884 | Ganztagsschule | mit gymnasialem Angebot | Sch\u00fclerfriedenspreis 2015\",\"potentialAction\":[{\"@type\":\"SearchAction\",\"target\":{\"@type\":\"EntryPoint\",\"urlTemplate\":\"https:\\\/\\\/obs-seesen.de\\\/?s={search_term_string}\"},\"query-input\":{\"@type\":\"PropertyValueSpecification\",\"valueRequired\":true,\"valueName\":\"search_term_string\"}}],\"inLanguage\":\"de\"}]}<\/script>\n<!-- \/ Yoast SEO plugin. -->","yoast_head_json":{"title":"Gedenkst\u00e4ttenfahrt Auschwitz-Birkenau - Oberschule Seesen","robots":{"index":"index","follow":"follow","max-snippet":"max-snippet:-1","max-image-preview":"max-image-preview:large","max-video-preview":"max-video-preview:-1"},"canonical":"https:\/\/obs-seesen.de\/?page_id=578","og_locale":"de_DE","og_type":"article","og_title":"Gedenkst\u00e4ttenfahrt Auschwitz-Birkenau - Oberschule Seesen","og_description":"In Jahrgang 10 wollen wir Sch\u00fclerinnen und Sch\u00fclern die Teilnahme an einer mehrt\u00e4gigen Studien- und Forschungsfahrt in die Gedenkst\u00e4tte Auschwitz-Birkenau erm\u00f6glichen. Die Teilnahme ist freiwillig und in ein umfassendes Projekt zur Vor- und Nachbereitung eingebunden. Die erste Fahrt erfolgte im Schuljahr 2014\/15 auf Wunsch von Sch\u00fclerinnen und Sch\u00fclern der damaligen R10b. F\u00fcr diese Fahrten brauchen &hellip; Gedenkst\u00e4ttenfahrt Auschwitz-Birkenau weiterlesen &rarr;","og_url":"https:\/\/obs-seesen.de\/?page_id=578","og_site_name":"Oberschule Seesen","article_modified_time":"2023-07-17T09:21:46+00:00","og_image":[{"url":"http:\/\/obs-seesen.de\/wp-content\/uploads\/2015\/09\/220px-Arbeit_macht_frei1.png","type":"","width":"","height":""}],"twitter_misc":{"Gesch\u00e4tzte Lesezeit":"2\u00a0Minuten"},"schema":{"@context":"https:\/\/schema.org","@graph":[{"@type":"WebPage","@id":"https:\/\/obs-seesen.de\/?page_id=578","url":"https:\/\/obs-seesen.de\/?page_id=578","name":"Gedenkst\u00e4ttenfahrt Auschwitz-Birkenau - Oberschule Seesen","isPartOf":{"@id":"https:\/\/obs-seesen.de\/#website"},"primaryImageOfPage":{"@id":"https:\/\/obs-seesen.de\/?page_id=578#primaryimage"},"image":{"@id":"https:\/\/obs-seesen.de\/?page_id=578#primaryimage"},"thumbnailUrl":"http:\/\/obs-seesen.de\/wp-content\/uploads\/2015\/09\/220px-Arbeit_macht_frei1.png","datePublished":"2015-09-29T08:04:15+00:00","dateModified":"2023-07-17T09:21:46+00:00","breadcrumb":{"@id":"https:\/\/obs-seesen.de\/?page_id=578#breadcrumb"},"inLanguage":"de","potentialAction":[{"@type":"ReadAction","target":["https:\/\/obs-seesen.de\/?page_id=578"]}]},{"@type":"ImageObject","inLanguage":"de","@id":"https:\/\/obs-seesen.de\/?page_id=578#primaryimage","url":"http:\/\/obs-seesen.de\/wp-content\/uploads\/2015\/09\/220px-Arbeit_macht_frei1.png","contentUrl":"http:\/\/obs-seesen.de\/wp-content\/uploads\/2015\/09\/220px-Arbeit_macht_frei1.png"},{"@type":"BreadcrumbList","@id":"https:\/\/obs-seesen.de\/?page_id=578#breadcrumb","itemListElement":[{"@type":"ListItem","position":1,"name":"Home","item":"https:\/\/obs-seesen.de\/"},{"@type":"ListItem","position":2,"name":"Arbeitsschwerpunkte","item":"https:\/\/obs-seesen.de\/?page_id=52"},{"@type":"ListItem","position":3,"name":"Gedenkst\u00e4ttenfahrt Auschwitz-Birkenau"}]},{"@type":"WebSite","@id":"https:\/\/obs-seesen.de\/#website","url":"https:\/\/obs-seesen.de\/","name":"Oberschule Seesen","description":"seit 1884 | Ganztagsschule | mit gymnasialem Angebot | Sch\u00fclerfriedenspreis 2015","potentialAction":[{"@type":"SearchAction","target":{"@type":"EntryPoint","urlTemplate":"https:\/\/obs-seesen.de\/?s={search_term_string}"},"query-input":{"@type":"PropertyValueSpecification","valueRequired":true,"valueName":"search_term_string"}}],"inLanguage":"de"}]}},"_links":{"self":[{"href":"https:\/\/obs-seesen.de\/index.php?rest_route=\/wp\/v2\/pages\/578","targetHints":{"allow":["GET"]}}],"collection":[{"href":"https:\/\/obs-seesen.de\/index.php?rest_route=\/wp\/v2\/pages"}],"about":[{"href":"https:\/\/obs-seesen.de\/index.php?rest_route=\/wp\/v2\/types\/page"}],"author":[{"embeddable":true,"href":"https:\/\/obs-seesen.de\/index.php?rest_route=\/wp\/v2\/users\/2"}],"replies":[{"embeddable":true,"href":"https:\/\/obs-seesen.de\/index.php?rest_route=%2Fwp%2Fv2%2Fcomments&post=578"}],"version-history":[{"count":7,"href":"https:\/\/obs-seesen.de\/index.php?rest_route=\/wp\/v2\/pages\/578\/revisions"}],"predecessor-version":[{"id":2637,"href":"https:\/\/obs-seesen.de\/index.php?rest_route=\/wp\/v2\/pages\/578\/revisions\/2637"}],"up":[{"embeddable":true,"href":"https:\/\/obs-seesen.de\/index.php?rest_route=\/wp\/v2\/pages\/52"}],"wp:attachment":[{"href":"https:\/\/obs-seesen.de\/index.php?rest_route=%2Fwp%2Fv2%2Fmedia&parent=578"}],"curies":[{"name":"wp","href":"https:\/\/api.w.org\/{rel}","templated":true}]}}