{"id":441,"date":"2015-06-22T20:45:54","date_gmt":"2015-06-22T18:45:54","guid":{"rendered":"http:\/\/obs-seesen.de\/?page_id=441"},"modified":"2025-09-03T11:03:34","modified_gmt":"2025-09-03T09:03:34","slug":"gymnasiales-angebot","status":"publish","type":"page","link":"https:\/\/obs-seesen.de\/?page_id=441","title":{"rendered":"Gymnasiales Angebot"},"content":{"rendered":"<p>An der Oberschule Seesen wird seit dem Schuljahr 2015\/16 ein gymnasiales Angebot vorgehalten. Ab Jahrgang 5 werden im Rahmen eines binnendifferenzierten Angebots\u00a0 auch Kompetenzen der gymnasialen KC ber\u00fccksichtigt. Ab Jahrgang 6 kann mit Franz\u00f6sisch eine zweite Fremdsprache gelernt werden. Ab Jahrgang 7 werden in den F\u00e4chern <strong>Mathematik<\/strong>, <strong>Englisch<\/strong> und <strong>Deutsch<\/strong> nicht nur Grundkurse (G) und Erweiterungskurse (E) angeboten , sondern auch Zusatz-Kurse (Z) auf gymnasialem Niveau.<\/p>\n<p>Ab Jahrgang 9 bilden wir neben dem Hauptschulzweig und dem\u00a0 Realschulzweig auch einen gymnasialen Zweig. Hier gilt die gymnasiale Stundentafel. In diesem &#8222;Endspurt&#8220; st\u00e4rken wir den Klassenverband und begleiten die Sch\u00fclerinnen und Sch\u00fcler ziel- und anschlussorientiert zum Schulabschluss. Wir streben mit dem Jacobsongymnasium eine Kooperation zur Gestaltung des \u00dcbergangs an.<\/p>\n<p>Wir erm\u00f6glichen Sch\u00fclern ein flexibles und leistungsgerechtes Bildungsangebot.<\/p>\n","protected":false},"excerpt":{"rendered":"<p>An der Oberschule Seesen wird seit dem Schuljahr 2015\/16 ein gymnasiales Angebot vorgehalten. Ab Jahrgang 5 werden im Rahmen eines binnendifferenzierten Angebots\u00a0 auch Kompetenzen der gymnasialen KC ber\u00fccksichtigt. Ab Jahrgang 6 kann mit Franz\u00f6sisch eine zweite Fremdsprache gelernt werden. Ab Jahrgang 7 werden in den F\u00e4chern Mathematik, Englisch und Deutsch nicht nur Grundkurse (G) und &hellip; <a href=\"https:\/\/obs-seesen.de\/?page_id=441\" class=\"more-link\"><span class=\"screen-reader-text\">Gymnasiales Angebot<\/span> weiterlesen <span class=\"meta-nav\">&rarr;<\/span><\/a><\/p>\n","protected":false},"author":2,"featured_media":0,"parent":41,"menu_order":0,"comment_status":"closed","ping_status":"closed","template":"","meta":{"footnotes":""},"class_list":["post-441","page","type-page","status-publish","hentry"],"yoast_head":"<!-- This site is optimized with the Yoast SEO plugin v27.3 - https:\/\/yoast.com\/product\/yoast-seo-wordpress\/ -->\n<title>Gymnasiales Angebot - Oberschule Seesen<\/title>\n<meta name=\"robots\" content=\"index, follow, max-snippet:-1, max-image-preview:large, max-video-preview:-1\" \/>\n<link rel=\"canonical\" href=\"https:\/\/obs-seesen.de\/?page_id=441\" \/>\n<meta property=\"og:locale\" content=\"de_DE\" \/>\n<meta property=\"og:type\" content=\"article\" \/>\n<meta property=\"og:title\" content=\"Gymnasiales Angebot - Oberschule Seesen\" \/>\n<meta property=\"og:description\" content=\"An der Oberschule Seesen wird seit dem Schuljahr 2015\/16 ein gymnasiales Angebot vorgehalten. Ab Jahrgang 5 werden im Rahmen eines binnendifferenzierten Angebots\u00a0 auch Kompetenzen der gymnasialen KC ber\u00fccksichtigt. Ab Jahrgang 6 kann mit Franz\u00f6sisch eine zweite Fremdsprache gelernt werden. Ab Jahrgang 7 werden in den F\u00e4chern Mathematik, Englisch und Deutsch nicht nur Grundkurse (G) und &hellip; Gymnasiales Angebot weiterlesen &rarr;\" \/>\n<meta property=\"og:url\" content=\"https:\/\/obs-seesen.de\/?page_id=441\" \/>\n<meta property=\"og:site_name\" content=\"Oberschule Seesen\" \/>\n<meta property=\"article:modified_time\" content=\"2025-09-03T09:03:34+00:00\" \/>\n<meta name=\"twitter:label1\" content=\"Gesch\u00e4tzte Lesezeit\" \/>\n\t<meta name=\"twitter:data1\" content=\"1\u00a0Minute\" \/>\n<script type=\"application\/ld+json\" class=\"yoast-schema-graph\">{\"@context\":\"https:\\\/\\\/schema.org\",\"@graph\":[{\"@type\":\"WebPage\",\"@id\":\"https:\\\/\\\/obs-seesen.de\\\/?page_id=441\",\"url\":\"https:\\\/\\\/obs-seesen.de\\\/?page_id=441\",\"name\":\"Gymnasiales Angebot - Oberschule Seesen\",\"isPartOf\":{\"@id\":\"https:\\\/\\\/obs-seesen.de\\\/#website\"},\"datePublished\":\"2015-06-22T18:45:54+00:00\",\"dateModified\":\"2025-09-03T09:03:34+00:00\",\"breadcrumb\":{\"@id\":\"https:\\\/\\\/obs-seesen.de\\\/?page_id=441#breadcrumb\"},\"inLanguage\":\"de\",\"potentialAction\":[{\"@type\":\"ReadAction\",\"target\":[\"https:\\\/\\\/obs-seesen.de\\\/?page_id=441\"]}]},{\"@type\":\"BreadcrumbList\",\"@id\":\"https:\\\/\\\/obs-seesen.de\\\/?page_id=441#breadcrumb\",\"itemListElement\":[{\"@type\":\"ListItem\",\"position\":1,\"name\":\"Home\",\"item\":\"https:\\\/\\\/obs-seesen.de\\\/\"},{\"@type\":\"ListItem\",\"position\":2,\"name\":\"\u00dcber uns\",\"item\":\"https:\\\/\\\/obs-seesen.de\\\/?page_id=41\"},{\"@type\":\"ListItem\",\"position\":3,\"name\":\"Gymnasiales Angebot\"}]},{\"@type\":\"WebSite\",\"@id\":\"https:\\\/\\\/obs-seesen.de\\\/#website\",\"url\":\"https:\\\/\\\/obs-seesen.de\\\/\",\"name\":\"Oberschule Seesen\",\"description\":\"seit 1884 | Ganztagsschule | mit gymnasialem Angebot | Sch\u00fclerfriedenspreis 2015\",\"potentialAction\":[{\"@type\":\"SearchAction\",\"target\":{\"@type\":\"EntryPoint\",\"urlTemplate\":\"https:\\\/\\\/obs-seesen.de\\\/?s={search_term_string}\"},\"query-input\":{\"@type\":\"PropertyValueSpecification\",\"valueRequired\":true,\"valueName\":\"search_term_string\"}}],\"inLanguage\":\"de\"}]}<\/script>\n<!-- \/ Yoast SEO plugin. -->","yoast_head_json":{"title":"Gymnasiales Angebot - Oberschule Seesen","robots":{"index":"index","follow":"follow","max-snippet":"max-snippet:-1","max-image-preview":"max-image-preview:large","max-video-preview":"max-video-preview:-1"},"canonical":"https:\/\/obs-seesen.de\/?page_id=441","og_locale":"de_DE","og_type":"article","og_title":"Gymnasiales Angebot - Oberschule Seesen","og_description":"An der Oberschule Seesen wird seit dem Schuljahr 2015\/16 ein gymnasiales Angebot vorgehalten. Ab Jahrgang 5 werden im Rahmen eines binnendifferenzierten Angebots\u00a0 auch Kompetenzen der gymnasialen KC ber\u00fccksichtigt. Ab Jahrgang 6 kann mit Franz\u00f6sisch eine zweite Fremdsprache gelernt werden. Ab Jahrgang 7 werden in den F\u00e4chern Mathematik, Englisch und Deutsch nicht nur Grundkurse (G) und &hellip; Gymnasiales Angebot weiterlesen &rarr;","og_url":"https:\/\/obs-seesen.de\/?page_id=441","og_site_name":"Oberschule Seesen","article_modified_time":"2025-09-03T09:03:34+00:00","twitter_misc":{"Gesch\u00e4tzte Lesezeit":"1\u00a0Minute"},"schema":{"@context":"https:\/\/schema.org","@graph":[{"@type":"WebPage","@id":"https:\/\/obs-seesen.de\/?page_id=441","url":"https:\/\/obs-seesen.de\/?page_id=441","name":"Gymnasiales Angebot - Oberschule Seesen","isPartOf":{"@id":"https:\/\/obs-seesen.de\/#website"},"datePublished":"2015-06-22T18:45:54+00:00","dateModified":"2025-09-03T09:03:34+00:00","breadcrumb":{"@id":"https:\/\/obs-seesen.de\/?page_id=441#breadcrumb"},"inLanguage":"de","potentialAction":[{"@type":"ReadAction","target":["https:\/\/obs-seesen.de\/?page_id=441"]}]},{"@type":"BreadcrumbList","@id":"https:\/\/obs-seesen.de\/?page_id=441#breadcrumb","itemListElement":[{"@type":"ListItem","position":1,"name":"Home","item":"https:\/\/obs-seesen.de\/"},{"@type":"ListItem","position":2,"name":"\u00dcber uns","item":"https:\/\/obs-seesen.de\/?page_id=41"},{"@type":"ListItem","position":3,"name":"Gymnasiales Angebot"}]},{"@type":"WebSite","@id":"https:\/\/obs-seesen.de\/#website","url":"https:\/\/obs-seesen.de\/","name":"Oberschule Seesen","description":"seit 1884 | Ganztagsschule | mit gymnasialem Angebot | Sch\u00fclerfriedenspreis 2015","potentialAction":[{"@type":"SearchAction","target":{"@type":"EntryPoint","urlTemplate":"https:\/\/obs-seesen.de\/?s={search_term_string}"},"query-input":{"@type":"PropertyValueSpecification","valueRequired":true,"valueName":"search_term_string"}}],"inLanguage":"de"}]}},"_links":{"self":[{"href":"https:\/\/obs-seesen.de\/index.php?rest_route=\/wp\/v2\/pages\/441","targetHints":{"allow":["GET"]}}],"collection":[{"href":"https:\/\/obs-seesen.de\/index.php?rest_route=\/wp\/v2\/pages"}],"about":[{"href":"https:\/\/obs-seesen.de\/index.php?rest_route=\/wp\/v2\/types\/page"}],"author":[{"embeddable":true,"href":"https:\/\/obs-seesen.de\/index.php?rest_route=\/wp\/v2\/users\/2"}],"replies":[{"embeddable":true,"href":"https:\/\/obs-seesen.de\/index.php?rest_route=%2Fwp%2Fv2%2Fcomments&post=441"}],"version-history":[{"count":7,"href":"https:\/\/obs-seesen.de\/index.php?rest_route=\/wp\/v2\/pages\/441\/revisions"}],"predecessor-version":[{"id":3240,"href":"https:\/\/obs-seesen.de\/index.php?rest_route=\/wp\/v2\/pages\/441\/revisions\/3240"}],"up":[{"embeddable":true,"href":"https:\/\/obs-seesen.de\/index.php?rest_route=\/wp\/v2\/pages\/41"}],"wp:attachment":[{"href":"https:\/\/obs-seesen.de\/index.php?rest_route=%2Fwp%2Fv2%2Fmedia&parent=441"}],"curies":[{"name":"wp","href":"https:\/\/api.w.org\/{rel}","templated":true}]}}