{"id":41,"date":"2014-07-31T19:21:40","date_gmt":"2014-07-31T17:21:40","guid":{"rendered":"http:\/\/hs-seesen.de\/obs\/?page_id=41"},"modified":"2019-05-07T21:12:47","modified_gmt":"2019-05-07T19:12:47","slug":"ueber-uns","status":"publish","type":"page","link":"https:\/\/obs-seesen.de\/?page_id=41","title":{"rendered":"\u00dcber uns"},"content":{"rendered":"<p>Die <a title=\"Wikipedia: Oberschule (Niedersachsen)\" href=\"http:\/\/de.wikipedia.org\/wiki\/Oberschule_%28Niedersachsen%29\" target=\"_blank\" rel=\"noopener noreferrer\">Oberschule <\/a>Seesen wird von ca. 615 Sch\u00fclerinnen und Sch\u00fclern besucht. Die Sch\u00fcler stammen vor allem aus <a title=\"Wikipedia: Seesen\" href=\"http:\/\/de.wikipedia.org\/wiki\/Seesen#Stadtgliederung\" target=\"_blank\" rel=\"noopener noreferrer\">allen Teilen Seesens<\/a> und aus der <a title=\"Wikipedia: Lutter am Barenberge\" href=\"http:\/\/de.wikipedia.org\/wiki\/Lutter_am_Barenberge\" target=\"_blank\" rel=\"noopener noreferrer\">Samtgemeinde Lutter am Barenberge<\/a>. Einige Sch\u00fcler stammen auch aus anderen Teilen der Region. Schultr\u00e4ger ist der <a title=\"Landkreis Goslar\" href=\"http:\/\/www.landkreis-goslar.de\" target=\"_blank\" rel=\"noopener noreferrer\">Landkreis Goslar<\/a>. Derzeit sind an der Oberschule Seesen rund 70 Lehrkr\u00e4fte besch\u00e4ftigt.<\/p>\n<p>Die Oberschule Seesen ist eine teilgebundene Ganztagsschule.<\/p>\n<p>Der Schultr\u00e4ger hat beschlossen, ab dem Schuljahr 2015\/16 an der Oberschule einen gymnasialen Zweig einzurichten.<\/p>\n<p style=\"text-align: right;\"><em>Stand: Mai 2019<br \/>\n<\/em><\/p>\n","protected":false},"excerpt":{"rendered":"<p>Die Oberschule Seesen wird von ca. 615 Sch\u00fclerinnen und Sch\u00fclern besucht. Die Sch\u00fcler stammen vor allem aus allen Teilen Seesens und aus der Samtgemeinde Lutter am Barenberge. Einige Sch\u00fcler stammen auch aus anderen Teilen der Region. Schultr\u00e4ger ist der Landkreis Goslar. Derzeit sind an der Oberschule Seesen rund 70 Lehrkr\u00e4fte besch\u00e4ftigt. Die Oberschule Seesen ist &hellip; <a href=\"https:\/\/obs-seesen.de\/?page_id=41\" class=\"more-link\"><span class=\"screen-reader-text\">\u00dcber uns<\/span> weiterlesen <span class=\"meta-nav\">&rarr;<\/span><\/a><\/p>\n","protected":false},"author":2,"featured_media":0,"parent":0,"menu_order":0,"comment_status":"closed","ping_status":"closed","template":"","meta":{"footnotes":""},"class_list":["post-41","page","type-page","status-publish","hentry"],"yoast_head":"<!-- This site is optimized with the Yoast SEO plugin v27.3 - https:\/\/yoast.com\/product\/yoast-seo-wordpress\/ -->\n<title>\u00dcber uns - Oberschule Seesen<\/title>\n<meta name=\"robots\" content=\"index, follow, max-snippet:-1, max-image-preview:large, max-video-preview:-1\" \/>\n<link rel=\"canonical\" href=\"https:\/\/obs-seesen.de\/?page_id=41\" \/>\n<meta property=\"og:locale\" content=\"de_DE\" \/>\n<meta property=\"og:type\" content=\"article\" \/>\n<meta property=\"og:title\" content=\"\u00dcber uns - Oberschule Seesen\" \/>\n<meta property=\"og:description\" content=\"Die Oberschule Seesen wird von ca. 615 Sch\u00fclerinnen und Sch\u00fclern besucht. Die Sch\u00fcler stammen vor allem aus allen Teilen Seesens und aus der Samtgemeinde Lutter am Barenberge. Einige Sch\u00fcler stammen auch aus anderen Teilen der Region. Schultr\u00e4ger ist der Landkreis Goslar. Derzeit sind an der Oberschule Seesen rund 70 Lehrkr\u00e4fte besch\u00e4ftigt. Die Oberschule Seesen ist &hellip; \u00dcber uns weiterlesen &rarr;\" \/>\n<meta property=\"og:url\" content=\"https:\/\/obs-seesen.de\/?page_id=41\" \/>\n<meta property=\"og:site_name\" content=\"Oberschule Seesen\" \/>\n<meta property=\"article:modified_time\" content=\"2019-05-07T19:12:47+00:00\" \/>\n<script type=\"application\/ld+json\" class=\"yoast-schema-graph\">{\"@context\":\"https:\\\/\\\/schema.org\",\"@graph\":[{\"@type\":\"WebPage\",\"@id\":\"https:\\\/\\\/obs-seesen.de\\\/?page_id=41\",\"url\":\"https:\\\/\\\/obs-seesen.de\\\/?page_id=41\",\"name\":\"\u00dcber uns - Oberschule Seesen\",\"isPartOf\":{\"@id\":\"https:\\\/\\\/obs-seesen.de\\\/#website\"},\"datePublished\":\"2014-07-31T17:21:40+00:00\",\"dateModified\":\"2019-05-07T19:12:47+00:00\",\"breadcrumb\":{\"@id\":\"https:\\\/\\\/obs-seesen.de\\\/?page_id=41#breadcrumb\"},\"inLanguage\":\"de\",\"potentialAction\":[{\"@type\":\"ReadAction\",\"target\":[\"https:\\\/\\\/obs-seesen.de\\\/?page_id=41\"]}]},{\"@type\":\"BreadcrumbList\",\"@id\":\"https:\\\/\\\/obs-seesen.de\\\/?page_id=41#breadcrumb\",\"itemListElement\":[{\"@type\":\"ListItem\",\"position\":1,\"name\":\"Home\",\"item\":\"https:\\\/\\\/obs-seesen.de\\\/\"},{\"@type\":\"ListItem\",\"position\":2,\"name\":\"\u00dcber uns\"}]},{\"@type\":\"WebSite\",\"@id\":\"https:\\\/\\\/obs-seesen.de\\\/#website\",\"url\":\"https:\\\/\\\/obs-seesen.de\\\/\",\"name\":\"Oberschule Seesen\",\"description\":\"seit 1884 | Ganztagsschule | mit gymnasialem Angebot | Sch\u00fclerfriedenspreis 2015\",\"potentialAction\":[{\"@type\":\"SearchAction\",\"target\":{\"@type\":\"EntryPoint\",\"urlTemplate\":\"https:\\\/\\\/obs-seesen.de\\\/?s={search_term_string}\"},\"query-input\":{\"@type\":\"PropertyValueSpecification\",\"valueRequired\":true,\"valueName\":\"search_term_string\"}}],\"inLanguage\":\"de\"}]}<\/script>\n<!-- \/ Yoast SEO plugin. -->","yoast_head_json":{"title":"\u00dcber uns - Oberschule Seesen","robots":{"index":"index","follow":"follow","max-snippet":"max-snippet:-1","max-image-preview":"max-image-preview:large","max-video-preview":"max-video-preview:-1"},"canonical":"https:\/\/obs-seesen.de\/?page_id=41","og_locale":"de_DE","og_type":"article","og_title":"\u00dcber uns - Oberschule Seesen","og_description":"Die Oberschule Seesen wird von ca. 615 Sch\u00fclerinnen und Sch\u00fclern besucht. Die Sch\u00fcler stammen vor allem aus allen Teilen Seesens und aus der Samtgemeinde Lutter am Barenberge. Einige Sch\u00fcler stammen auch aus anderen Teilen der Region. Schultr\u00e4ger ist der Landkreis Goslar. Derzeit sind an der Oberschule Seesen rund 70 Lehrkr\u00e4fte besch\u00e4ftigt. Die Oberschule Seesen ist &hellip; \u00dcber uns weiterlesen &rarr;","og_url":"https:\/\/obs-seesen.de\/?page_id=41","og_site_name":"Oberschule Seesen","article_modified_time":"2019-05-07T19:12:47+00:00","schema":{"@context":"https:\/\/schema.org","@graph":[{"@type":"WebPage","@id":"https:\/\/obs-seesen.de\/?page_id=41","url":"https:\/\/obs-seesen.de\/?page_id=41","name":"\u00dcber uns - Oberschule Seesen","isPartOf":{"@id":"https:\/\/obs-seesen.de\/#website"},"datePublished":"2014-07-31T17:21:40+00:00","dateModified":"2019-05-07T19:12:47+00:00","breadcrumb":{"@id":"https:\/\/obs-seesen.de\/?page_id=41#breadcrumb"},"inLanguage":"de","potentialAction":[{"@type":"ReadAction","target":["https:\/\/obs-seesen.de\/?page_id=41"]}]},{"@type":"BreadcrumbList","@id":"https:\/\/obs-seesen.de\/?page_id=41#breadcrumb","itemListElement":[{"@type":"ListItem","position":1,"name":"Home","item":"https:\/\/obs-seesen.de\/"},{"@type":"ListItem","position":2,"name":"\u00dcber uns"}]},{"@type":"WebSite","@id":"https:\/\/obs-seesen.de\/#website","url":"https:\/\/obs-seesen.de\/","name":"Oberschule Seesen","description":"seit 1884 | Ganztagsschule | mit gymnasialem Angebot | Sch\u00fclerfriedenspreis 2015","potentialAction":[{"@type":"SearchAction","target":{"@type":"EntryPoint","urlTemplate":"https:\/\/obs-seesen.de\/?s={search_term_string}"},"query-input":{"@type":"PropertyValueSpecification","valueRequired":true,"valueName":"search_term_string"}}],"inLanguage":"de"}]}},"_links":{"self":[{"href":"https:\/\/obs-seesen.de\/index.php?rest_route=\/wp\/v2\/pages\/41","targetHints":{"allow":["GET"]}}],"collection":[{"href":"https:\/\/obs-seesen.de\/index.php?rest_route=\/wp\/v2\/pages"}],"about":[{"href":"https:\/\/obs-seesen.de\/index.php?rest_route=\/wp\/v2\/types\/page"}],"author":[{"embeddable":true,"href":"https:\/\/obs-seesen.de\/index.php?rest_route=\/wp\/v2\/users\/2"}],"replies":[{"embeddable":true,"href":"https:\/\/obs-seesen.de\/index.php?rest_route=%2Fwp%2Fv2%2Fcomments&post=41"}],"version-history":[{"count":3,"href":"https:\/\/obs-seesen.de\/index.php?rest_route=\/wp\/v2\/pages\/41\/revisions"}],"predecessor-version":[{"id":1585,"href":"https:\/\/obs-seesen.de\/index.php?rest_route=\/wp\/v2\/pages\/41\/revisions\/1585"}],"wp:attachment":[{"href":"https:\/\/obs-seesen.de\/index.php?rest_route=%2Fwp%2Fv2%2Fmedia&parent=41"}],"curies":[{"name":"wp","href":"https:\/\/api.w.org\/{rel}","templated":true}]}}