{"id":330,"date":"2015-03-09T15:03:39","date_gmt":"2015-03-09T14:03:39","guid":{"rendered":"http:\/\/obs-seesen.de\/?page_id=330"},"modified":"2021-05-10T10:35:46","modified_gmt":"2021-05-10T08:35:46","slug":"leitziele","status":"publish","type":"page","link":"https:\/\/obs-seesen.de\/?page_id=330","title":{"rendered":"Leitziele"},"content":{"rendered":"<p><strong>Pr\u00e4ambel<\/strong><\/p>\n<p>Wir sind eine starke Gemeinschaft aus Lernenden, Lehrenden, Eltern und allen an Schule Beteiligten und sind bereit daf\u00fcr Verantwortung zu \u00fcbernehmen.<\/p>\n<p><strong>Leitziele<\/strong><\/p>\n<ul>\n<li>In der Oberschule Seesen leben wir den respektvollen, wertsch\u00e4tzenden, gewaltfreien Umgang miteinander und fordern zu Toleranz und Fairness auf.<\/li>\n<li>Die Oberschule Seesen ist ein Lebens- und Lernraum, der uns die M\u00f6glichkeiten gibt, in gesundem, f\u00f6rderlichem Klima und in gegenseitiger \u201aVerantwortung miteinander zu arbeiten und voneinander zu lernen.<\/li>\n<li>In der Oberschule Seesen wird jedes Kind in enger Zusammenarbeit mit den Eltern seinen F\u00e4higkeiten, Begabungen und M\u00f6glichkeiten entsprechend gef\u00f6rdert und gefordert.<\/li>\n<li>In der Oberschule Seesen steht in einem verl\u00e4sslichen, klar strukturiertem Rahmen Eigenverantwortung, Selbstst\u00e4ndigkeit und Teamf\u00e4higkeit im Vordergrund.<\/li>\n<li>Die Oberschule Seesen bildet und f\u00f6rdert die Digitalkompetenzen der Sch\u00fcler, damit sie sich kreativ, sicher und verantwortungsbewusst in der digitalen Welt bewegen k\u00f6nnen.<\/li>\n<li>Die Oberschule Seesen identifiziert sich mit dem Schulort Seesen, f\u00f6rdert Kooperationen mit \u00f6rtlichen Partnern und \u00f6ffnet sich als Schule in Europa.<\/li>\n<\/ul>\n<p>Beschluss der Gesamtkonferenz am 24.11.2014, zuletzt ge\u00e4ndert mit Beschluss der Gesamtkonferenz vom 04.05.2021<\/p>\n","protected":false},"excerpt":{"rendered":"<p>Pr\u00e4ambel Wir sind eine starke Gemeinschaft aus Lernenden, Lehrenden, Eltern und allen an Schule Beteiligten und sind bereit daf\u00fcr Verantwortung zu \u00fcbernehmen. Leitziele In der Oberschule Seesen leben wir den respektvollen, wertsch\u00e4tzenden, gewaltfreien Umgang miteinander und fordern zu Toleranz und Fairness auf. Die Oberschule Seesen ist ein Lebens- und Lernraum, der uns die M\u00f6glichkeiten gibt, &hellip; <a href=\"https:\/\/obs-seesen.de\/?page_id=330\" class=\"more-link\"><span class=\"screen-reader-text\">Leitziele<\/span> weiterlesen <span class=\"meta-nav\">&rarr;<\/span><\/a><\/p>\n","protected":false},"author":2,"featured_media":0,"parent":41,"menu_order":0,"comment_status":"closed","ping_status":"closed","template":"","meta":{"footnotes":""},"class_list":["post-330","page","type-page","status-publish","hentry"],"yoast_head":"<!-- This site is optimized with the Yoast SEO plugin v27.3 - https:\/\/yoast.com\/product\/yoast-seo-wordpress\/ -->\n<title>Leitziele - Oberschule Seesen<\/title>\n<meta name=\"robots\" content=\"index, follow, max-snippet:-1, max-image-preview:large, max-video-preview:-1\" \/>\n<link rel=\"canonical\" href=\"https:\/\/obs-seesen.de\/?page_id=330\" \/>\n<meta property=\"og:locale\" content=\"de_DE\" \/>\n<meta property=\"og:type\" content=\"article\" \/>\n<meta property=\"og:title\" content=\"Leitziele - Oberschule Seesen\" \/>\n<meta property=\"og:description\" content=\"Pr\u00e4ambel Wir sind eine starke Gemeinschaft aus Lernenden, Lehrenden, Eltern und allen an Schule Beteiligten und sind bereit daf\u00fcr Verantwortung zu \u00fcbernehmen. Leitziele In der Oberschule Seesen leben wir den respektvollen, wertsch\u00e4tzenden, gewaltfreien Umgang miteinander und fordern zu Toleranz und Fairness auf. Die Oberschule Seesen ist ein Lebens- und Lernraum, der uns die M\u00f6glichkeiten gibt, &hellip; Leitziele weiterlesen &rarr;\" \/>\n<meta property=\"og:url\" content=\"https:\/\/obs-seesen.de\/?page_id=330\" \/>\n<meta property=\"og:site_name\" content=\"Oberschule Seesen\" \/>\n<meta property=\"article:modified_time\" content=\"2021-05-10T08:35:46+00:00\" \/>\n<meta name=\"twitter:label1\" content=\"Gesch\u00e4tzte Lesezeit\" \/>\n\t<meta name=\"twitter:data1\" content=\"1\u00a0Minute\" \/>\n<script type=\"application\/ld+json\" class=\"yoast-schema-graph\">{\"@context\":\"https:\\\/\\\/schema.org\",\"@graph\":[{\"@type\":\"WebPage\",\"@id\":\"https:\\\/\\\/obs-seesen.de\\\/?page_id=330\",\"url\":\"https:\\\/\\\/obs-seesen.de\\\/?page_id=330\",\"name\":\"Leitziele - Oberschule Seesen\",\"isPartOf\":{\"@id\":\"https:\\\/\\\/obs-seesen.de\\\/#website\"},\"datePublished\":\"2015-03-09T14:03:39+00:00\",\"dateModified\":\"2021-05-10T08:35:46+00:00\",\"breadcrumb\":{\"@id\":\"https:\\\/\\\/obs-seesen.de\\\/?page_id=330#breadcrumb\"},\"inLanguage\":\"de\",\"potentialAction\":[{\"@type\":\"ReadAction\",\"target\":[\"https:\\\/\\\/obs-seesen.de\\\/?page_id=330\"]}]},{\"@type\":\"BreadcrumbList\",\"@id\":\"https:\\\/\\\/obs-seesen.de\\\/?page_id=330#breadcrumb\",\"itemListElement\":[{\"@type\":\"ListItem\",\"position\":1,\"name\":\"Home\",\"item\":\"https:\\\/\\\/obs-seesen.de\\\/\"},{\"@type\":\"ListItem\",\"position\":2,\"name\":\"\u00dcber uns\",\"item\":\"https:\\\/\\\/obs-seesen.de\\\/?page_id=41\"},{\"@type\":\"ListItem\",\"position\":3,\"name\":\"Leitziele\"}]},{\"@type\":\"WebSite\",\"@id\":\"https:\\\/\\\/obs-seesen.de\\\/#website\",\"url\":\"https:\\\/\\\/obs-seesen.de\\\/\",\"name\":\"Oberschule Seesen\",\"description\":\"seit 1884 | Ganztagsschule | mit gymnasialem Angebot | Sch\u00fclerfriedenspreis 2015\",\"potentialAction\":[{\"@type\":\"SearchAction\",\"target\":{\"@type\":\"EntryPoint\",\"urlTemplate\":\"https:\\\/\\\/obs-seesen.de\\\/?s={search_term_string}\"},\"query-input\":{\"@type\":\"PropertyValueSpecification\",\"valueRequired\":true,\"valueName\":\"search_term_string\"}}],\"inLanguage\":\"de\"}]}<\/script>\n<!-- \/ Yoast SEO plugin. -->","yoast_head_json":{"title":"Leitziele - Oberschule Seesen","robots":{"index":"index","follow":"follow","max-snippet":"max-snippet:-1","max-image-preview":"max-image-preview:large","max-video-preview":"max-video-preview:-1"},"canonical":"https:\/\/obs-seesen.de\/?page_id=330","og_locale":"de_DE","og_type":"article","og_title":"Leitziele - Oberschule Seesen","og_description":"Pr\u00e4ambel Wir sind eine starke Gemeinschaft aus Lernenden, Lehrenden, Eltern und allen an Schule Beteiligten und sind bereit daf\u00fcr Verantwortung zu \u00fcbernehmen. Leitziele In der Oberschule Seesen leben wir den respektvollen, wertsch\u00e4tzenden, gewaltfreien Umgang miteinander und fordern zu Toleranz und Fairness auf. Die Oberschule Seesen ist ein Lebens- und Lernraum, der uns die M\u00f6glichkeiten gibt, &hellip; Leitziele weiterlesen &rarr;","og_url":"https:\/\/obs-seesen.de\/?page_id=330","og_site_name":"Oberschule Seesen","article_modified_time":"2021-05-10T08:35:46+00:00","twitter_misc":{"Gesch\u00e4tzte Lesezeit":"1\u00a0Minute"},"schema":{"@context":"https:\/\/schema.org","@graph":[{"@type":"WebPage","@id":"https:\/\/obs-seesen.de\/?page_id=330","url":"https:\/\/obs-seesen.de\/?page_id=330","name":"Leitziele - Oberschule Seesen","isPartOf":{"@id":"https:\/\/obs-seesen.de\/#website"},"datePublished":"2015-03-09T14:03:39+00:00","dateModified":"2021-05-10T08:35:46+00:00","breadcrumb":{"@id":"https:\/\/obs-seesen.de\/?page_id=330#breadcrumb"},"inLanguage":"de","potentialAction":[{"@type":"ReadAction","target":["https:\/\/obs-seesen.de\/?page_id=330"]}]},{"@type":"BreadcrumbList","@id":"https:\/\/obs-seesen.de\/?page_id=330#breadcrumb","itemListElement":[{"@type":"ListItem","position":1,"name":"Home","item":"https:\/\/obs-seesen.de\/"},{"@type":"ListItem","position":2,"name":"\u00dcber uns","item":"https:\/\/obs-seesen.de\/?page_id=41"},{"@type":"ListItem","position":3,"name":"Leitziele"}]},{"@type":"WebSite","@id":"https:\/\/obs-seesen.de\/#website","url":"https:\/\/obs-seesen.de\/","name":"Oberschule Seesen","description":"seit 1884 | Ganztagsschule | mit gymnasialem Angebot | Sch\u00fclerfriedenspreis 2015","potentialAction":[{"@type":"SearchAction","target":{"@type":"EntryPoint","urlTemplate":"https:\/\/obs-seesen.de\/?s={search_term_string}"},"query-input":{"@type":"PropertyValueSpecification","valueRequired":true,"valueName":"search_term_string"}}],"inLanguage":"de"}]}},"_links":{"self":[{"href":"https:\/\/obs-seesen.de\/index.php?rest_route=\/wp\/v2\/pages\/330","targetHints":{"allow":["GET"]}}],"collection":[{"href":"https:\/\/obs-seesen.de\/index.php?rest_route=\/wp\/v2\/pages"}],"about":[{"href":"https:\/\/obs-seesen.de\/index.php?rest_route=\/wp\/v2\/types\/page"}],"author":[{"embeddable":true,"href":"https:\/\/obs-seesen.de\/index.php?rest_route=\/wp\/v2\/users\/2"}],"replies":[{"embeddable":true,"href":"https:\/\/obs-seesen.de\/index.php?rest_route=%2Fwp%2Fv2%2Fcomments&post=330"}],"version-history":[{"count":2,"href":"https:\/\/obs-seesen.de\/index.php?rest_route=\/wp\/v2\/pages\/330\/revisions"}],"predecessor-version":[{"id":2224,"href":"https:\/\/obs-seesen.de\/index.php?rest_route=\/wp\/v2\/pages\/330\/revisions\/2224"}],"up":[{"embeddable":true,"href":"https:\/\/obs-seesen.de\/index.php?rest_route=\/wp\/v2\/pages\/41"}],"wp:attachment":[{"href":"https:\/\/obs-seesen.de\/index.php?rest_route=%2Fwp%2Fv2%2Fmedia&parent=330"}],"curies":[{"name":"wp","href":"https:\/\/api.w.org\/{rel}","templated":true}]}}