{"id":3186,"date":"2025-06-04T08:02:43","date_gmt":"2025-06-04T06:02:43","guid":{"rendered":"https:\/\/obs-seesen.de\/?page_id=3186"},"modified":"2025-06-04T08:02:44","modified_gmt":"2025-06-04T06:02:44","slug":"handynutzung-ab-2025-26","status":"publish","type":"page","link":"https:\/\/obs-seesen.de\/?page_id=3186","title":{"rendered":"Handynutzung ab 2025\/26"},"content":{"rendered":"\n<p><\/p>\n\n\n\n<blockquote class=\"wp-block-quote is-layout-flow wp-block-quote-is-layout-flow\">\n<blockquote class=\"wp-block-quote is-layout-flow wp-block-quote-is-layout-flow\">\n<p class=\"has-medium-font-size\">Handys und Smartphones bleiben auf dem Schulgel\u00e4nde und im Schulgeb\u00e4ude w\u00e4hrend der Schulzeit, im Unterricht sowie vor und nach dem Unterricht ausgeschaltet und in der Tasche.  &#8211; aus der Schulordnung ab 01.08.2025<\/p>\n\n\n\n<p class=\"has-medium-font-size\"><\/p>\n\n\n\n<div data-wp-interactive=\"core\/file\" class=\"wp-block-file\"><object data-wp-bind--hidden=\"!state.hasPdfPreview\" hidden class=\"wp-block-file__embed\" data=\"https:\/\/obs-seesen.de\/wp-content\/uploads\/2025\/06\/Handynutzung-ab-dem-Schuljahr-2025.pdf\" type=\"application\/pdf\" style=\"width:100%;height:600px\" aria-label=\"Einbettung von Handynutzung ab dem Schuljahr 2025.\"><\/object><a id=\"wp-block-file--media-82c9c357-5fe9-4211-91b4-113e46909ffc\" href=\"https:\/\/obs-seesen.de\/wp-content\/uploads\/2025\/06\/Handynutzung-ab-dem-Schuljahr-2025.pdf\" target=\"_blank\" rel=\"noreferrer noopener\">Handynutzung ab dem Schuljahr 2025<\/a><a href=\"https:\/\/obs-seesen.de\/wp-content\/uploads\/2025\/06\/Handynutzung-ab-dem-Schuljahr-2025.pdf\" class=\"wp-block-file__button wp-element-button\" download aria-describedby=\"wp-block-file--media-82c9c357-5fe9-4211-91b4-113e46909ffc\">Herunterladen<\/a><\/div>\n<\/blockquote>\n<\/blockquote>\n\n\n\n<p>Pressemitteilung (04.06.2025):<\/p>\n\n\n\n<p><strong>Oberschule Seesen verbannt Handys aus dem Schulalltag<\/strong><\/p>\n\n\n\n<p><em>Gesamtkonferenz beschlie\u00dft Verbot einer Handynutzung ab dem kommenden Schuljahr<\/em><\/p>\n\n\n\n<p>\u201eWir machen uns Sorgen um die Entwicklung zahlreicher Jugendlicher angesichts des gro\u00dfen Einflusses von Socialmedia und Online-Zocken\u201c, erkl\u00e4rt Schulleiter Daniel Beyer den Hintergrund der Initiative. 24,5 % der 10- bis 17-J\u00e4hrigen nutzen Social-Media-Dienste wie TikTok, Instagram oder WhatsApp riskant viel. Diese Jugendlichen haben also ein erh\u00f6htes Risiko f\u00fcr sch\u00e4dliche Folgen f\u00fcr die physische oder psychische Gesundheit, so eine Untersuchung der Krankenkasse DAK-Gesundheit und des Uniklinikums Hamburg-Eppendorf vom Februar 2024. 36,9 Stunden verbringen Jugendliche in Deutschland jede Woche am Smartphone. Das zeigte die \u201ePostbank Jugend-Digitalstudie\u201c aus dem Jahr 2023. Die H\u00e4lfte der 11- bis 17-J\u00e4hrigen erh\u00e4lt mindestens 237 Benachrichtigungen pro Tag (Common Sense Media, 2024). Diese Erkenntnisse der Forschung und ihre Auswirkungen sp\u00fcrt auch die Schule.<\/p>\n\n\n\n<p>\u201eIch kann nicht verstehen, warum sogar schon 10-j\u00e4hrige ohne Not \u00fcber ein Smartphone verf\u00fcgen und zuweilen m\u00fcssen wir feststellen, dass diese auch noch v\u00f6llig unreguliert sind. F\u00fcr die gesellschaftliche Teilhabe ist ein Smartphone nicht mehr wegzudenken, aber ich rate dringend dazu, dass nicht vor dem 12. Lebensjahr den Kindern zu \u00fcberlassen und vor allem am Anfang auch eng, konstruktiv und vertrauensvoll zu begleiten.\u201c, empfiehlt Beyer. Es sei wichtig, Mediennutzung und Medienzeiten abzusprechen und auch einzuhalten. Die Initiative \u201eSCHAU HIN! Was Dein Kind mit Medien macht.\u201c hilft Familien bei der Medienerziehung und h\u00e4lt zahlreiche informative Angebote, aktuelle Informationen und hilfreiche Tipps bereit (www.schau-hin.info).<\/p>\n\n\n\n<p>Viele Jugendliche scheinen aber \u00fcberfordert und zuweilen auch v\u00f6llig auf sich allein gestellt zu sein, wenn sie in der Welt von Instagram, Tiktok und Brawlstars, Gratis-Pornos, Gewaltdarstellungen und Hassnachrichten unterwegs sind. Dabei brauchen sie dringend Begleitung. Den Eltern kommt hier eine wichtige Rolle zu. \u201eAls Schule werden wir auch in Zukunft weiter an einem starken Pr\u00e4ventionsangebot arbeiten. Aber was hochbezahlte Informatiker, Ingenieure, Werbeprofis, Psychologen und andere Experten in enger Zusammenarbeit und mit gro\u00dfem Einsatz programmieren, um m\u00f6glichst hohe Bildschirmzeiten und Abh\u00e4ngigkeiten zu entwickeln, ist mit ein bisschen Pr\u00e4ventionsunterricht kaum zu bezwingen.\u201c, betont Beyer. Zus\u00e4tzlich sind die realen jugendgef\u00e4hrdenden oder kriminellen Gefahren auch und besonders f\u00fcr Jugendliche oft nur einen schnellen Klick entfernt.<\/p>\n\n\n\n<p>Digitale Bildung wird an der Oberschule damit nicht ausgeschlossen: Die Schule wird im Unterricht weiter alle digitalen M\u00f6glichkeiten einsetzen und auch den Einsatz von Tablets, Schulservern und Lern-Apps, die kritische Auseinandersetzung mit und die lernwirksame Nutzung von digitalen Inhalten weiterentwickeln und vorantreiben.<\/p>\n\n\n\n<p>Von dem jetzt beschlossenen Handy-Aus, verspricht sich die Schule, dass im Verlauf des gesamten Schultags ein st\u00e4rkerer Fokus auf Schule, Bildung und Schulgemeinschaft gelegt wird. In einem Brief an die Eltern wird unter anderem auf ein \u201eRecht auf eine echte Pause\u201c verwiesen. Der Beschluss wird \u2013 h\u00f6rt man auf die Erfahrungsberichte anderer Schulen \u2013 dazu f\u00fchren, dass es wieder zu mehr Bewegung in den Pausen kommt, mehr direkte Kommunikation unter den Sch\u00fclerinnen und Sch\u00fclern stattfindet und vermutlich auch zu weniger Konflikten kommen wird, deren Ursprung allzu h\u00e4ufig in unkontrollierten WhatsApp-Gruppen liegt.<\/p>\n\n\n\n<p>Im Vorfeld des Beschlusses hat im zur\u00fcckliegenden Schuljahr unter den Lehrkr\u00e4ften, aber vor allem auch mit der Elternvertretung und der Sch\u00fclervertretung ein Austausch stattgefunden. W\u00e4hrend der Schulelternrat das Vorhaben deutlich unterst\u00fctzte, kamen aus dem Sch\u00fclerrat durchaus skeptische Stimmen, aber auch Verst\u00e4ndnis f\u00fcr das Vorhaben. Schlie\u00dflich konnte sich der Sch\u00fclerrat mit einem Antrag f\u00fcr ein weniger strenges Handyverbot in der Gesamtkonferenz nicht durchsetzen. Auf den Verbotsbeschluss reagierten die Sch\u00fclerinnen und Sch\u00fcler mit einem konstruktiv ausgerichteten und leidenschaftlich vorgetragenen Antrag f\u00fcr eine attraktivere Gestaltung der Pausen und einen Ausbau demokratischer Mitwirkungsstrukturen, der einstimmig angenommen wurde. Ab dem kommenden Schuljahr d\u00fcrfen die Sch\u00fclerinnen und Sch\u00fcler ihr Handy nun zwar noch mit in die Schule bringen, aber in der Schule und auf dem Schulgel\u00e4nde nicht benutzen. Die Ger\u00e4te sind \u201eausgeschaltet und in der Tasche\u201c, wie es in der Schulordnung nun hei\u00dft. In unvorhersehbaren und dringenden F\u00e4llen k\u00f6nnen die Sch\u00fclerinnen und Sch\u00fcler immer \u00fcber das Sekretariat erreicht werden.<\/p>\n","protected":false},"excerpt":{"rendered":"<p>Pressemitteilung (04.06.2025): Oberschule Seesen verbannt Handys aus dem Schulalltag Gesamtkonferenz beschlie\u00dft Verbot einer Handynutzung ab dem kommenden Schuljahr \u201eWir machen uns Sorgen um die Entwicklung zahlreicher Jugendlicher angesichts des gro\u00dfen Einflusses von Socialmedia und Online-Zocken\u201c, erkl\u00e4rt Schulleiter Daniel Beyer den Hintergrund der Initiative. 24,5 % der 10- bis 17-J\u00e4hrigen nutzen Social-Media-Dienste wie TikTok, Instagram oder &hellip; <a href=\"https:\/\/obs-seesen.de\/?page_id=3186\" class=\"more-link\"><span class=\"screen-reader-text\">Handynutzung ab 2025\/26<\/span> weiterlesen <span class=\"meta-nav\">&rarr;<\/span><\/a><\/p>\n","protected":false},"author":2,"featured_media":0,"parent":3077,"menu_order":0,"comment_status":"closed","ping_status":"closed","template":"","meta":{"footnotes":""},"class_list":["post-3186","page","type-page","status-publish","hentry"],"yoast_head":"<!-- This site is optimized with the Yoast SEO plugin v27.3 - https:\/\/yoast.com\/product\/yoast-seo-wordpress\/ -->\n<title>Handynutzung ab 2025\/26 - Oberschule Seesen<\/title>\n<meta name=\"robots\" content=\"index, follow, max-snippet:-1, max-image-preview:large, max-video-preview:-1\" \/>\n<link rel=\"canonical\" href=\"https:\/\/obs-seesen.de\/?page_id=3186\" \/>\n<meta property=\"og:locale\" content=\"de_DE\" \/>\n<meta property=\"og:type\" content=\"article\" \/>\n<meta property=\"og:title\" content=\"Handynutzung ab 2025\/26 - Oberschule Seesen\" \/>\n<meta property=\"og:description\" content=\"Pressemitteilung (04.06.2025): Oberschule Seesen verbannt Handys aus dem Schulalltag Gesamtkonferenz beschlie\u00dft Verbot einer Handynutzung ab dem kommenden Schuljahr \u201eWir machen uns Sorgen um die Entwicklung zahlreicher Jugendlicher angesichts des gro\u00dfen Einflusses von Socialmedia und Online-Zocken\u201c, erkl\u00e4rt Schulleiter Daniel Beyer den Hintergrund der Initiative. 24,5 % der 10- bis 17-J\u00e4hrigen nutzen Social-Media-Dienste wie TikTok, Instagram oder &hellip; Handynutzung ab 2025\/26 weiterlesen &rarr;\" \/>\n<meta property=\"og:url\" content=\"https:\/\/obs-seesen.de\/?page_id=3186\" \/>\n<meta property=\"og:site_name\" content=\"Oberschule Seesen\" \/>\n<meta property=\"article:modified_time\" content=\"2025-06-04T06:02:44+00:00\" \/>\n<meta name=\"twitter:label1\" content=\"Gesch\u00e4tzte Lesezeit\" \/>\n\t<meta name=\"twitter:data1\" content=\"4\u00a0Minuten\" \/>\n<script type=\"application\/ld+json\" class=\"yoast-schema-graph\">{\"@context\":\"https:\\\/\\\/schema.org\",\"@graph\":[{\"@type\":\"WebPage\",\"@id\":\"https:\\\/\\\/obs-seesen.de\\\/?page_id=3186\",\"url\":\"https:\\\/\\\/obs-seesen.de\\\/?page_id=3186\",\"name\":\"Handynutzung ab 2025\\\/26 - Oberschule Seesen\",\"isPartOf\":{\"@id\":\"https:\\\/\\\/obs-seesen.de\\\/#website\"},\"datePublished\":\"2025-06-04T06:02:43+00:00\",\"dateModified\":\"2025-06-04T06:02:44+00:00\",\"breadcrumb\":{\"@id\":\"https:\\\/\\\/obs-seesen.de\\\/?page_id=3186#breadcrumb\"},\"inLanguage\":\"de\",\"potentialAction\":[{\"@type\":\"ReadAction\",\"target\":[\"https:\\\/\\\/obs-seesen.de\\\/?page_id=3186\"]}]},{\"@type\":\"BreadcrumbList\",\"@id\":\"https:\\\/\\\/obs-seesen.de\\\/?page_id=3186#breadcrumb\",\"itemListElement\":[{\"@type\":\"ListItem\",\"position\":1,\"name\":\"Home\",\"item\":\"https:\\\/\\\/obs-seesen.de\\\/\"},{\"@type\":\"ListItem\",\"position\":2,\"name\":\"\u00dcber uns\",\"item\":\"https:\\\/\\\/obs-seesen.de\\\/?page_id=41\"},{\"@type\":\"ListItem\",\"position\":3,\"name\":\"Schulordnung\",\"item\":\"https:\\\/\\\/obs-seesen.de\\\/?page_id=3077\"},{\"@type\":\"ListItem\",\"position\":4,\"name\":\"Handynutzung ab 2025\\\/26\"}]},{\"@type\":\"WebSite\",\"@id\":\"https:\\\/\\\/obs-seesen.de\\\/#website\",\"url\":\"https:\\\/\\\/obs-seesen.de\\\/\",\"name\":\"Oberschule Seesen\",\"description\":\"seit 1884 | Ganztagsschule | mit gymnasialem Angebot | Sch\u00fclerfriedenspreis 2015\",\"potentialAction\":[{\"@type\":\"SearchAction\",\"target\":{\"@type\":\"EntryPoint\",\"urlTemplate\":\"https:\\\/\\\/obs-seesen.de\\\/?s={search_term_string}\"},\"query-input\":{\"@type\":\"PropertyValueSpecification\",\"valueRequired\":true,\"valueName\":\"search_term_string\"}}],\"inLanguage\":\"de\"}]}<\/script>\n<!-- \/ Yoast SEO plugin. -->","yoast_head_json":{"title":"Handynutzung ab 2025\/26 - Oberschule Seesen","robots":{"index":"index","follow":"follow","max-snippet":"max-snippet:-1","max-image-preview":"max-image-preview:large","max-video-preview":"max-video-preview:-1"},"canonical":"https:\/\/obs-seesen.de\/?page_id=3186","og_locale":"de_DE","og_type":"article","og_title":"Handynutzung ab 2025\/26 - Oberschule Seesen","og_description":"Pressemitteilung (04.06.2025): Oberschule Seesen verbannt Handys aus dem Schulalltag Gesamtkonferenz beschlie\u00dft Verbot einer Handynutzung ab dem kommenden Schuljahr \u201eWir machen uns Sorgen um die Entwicklung zahlreicher Jugendlicher angesichts des gro\u00dfen Einflusses von Socialmedia und Online-Zocken\u201c, erkl\u00e4rt Schulleiter Daniel Beyer den Hintergrund der Initiative. 24,5 % der 10- bis 17-J\u00e4hrigen nutzen Social-Media-Dienste wie TikTok, Instagram oder &hellip; Handynutzung ab 2025\/26 weiterlesen &rarr;","og_url":"https:\/\/obs-seesen.de\/?page_id=3186","og_site_name":"Oberschule Seesen","article_modified_time":"2025-06-04T06:02:44+00:00","twitter_misc":{"Gesch\u00e4tzte Lesezeit":"4\u00a0Minuten"},"schema":{"@context":"https:\/\/schema.org","@graph":[{"@type":"WebPage","@id":"https:\/\/obs-seesen.de\/?page_id=3186","url":"https:\/\/obs-seesen.de\/?page_id=3186","name":"Handynutzung ab 2025\/26 - Oberschule Seesen","isPartOf":{"@id":"https:\/\/obs-seesen.de\/#website"},"datePublished":"2025-06-04T06:02:43+00:00","dateModified":"2025-06-04T06:02:44+00:00","breadcrumb":{"@id":"https:\/\/obs-seesen.de\/?page_id=3186#breadcrumb"},"inLanguage":"de","potentialAction":[{"@type":"ReadAction","target":["https:\/\/obs-seesen.de\/?page_id=3186"]}]},{"@type":"BreadcrumbList","@id":"https:\/\/obs-seesen.de\/?page_id=3186#breadcrumb","itemListElement":[{"@type":"ListItem","position":1,"name":"Home","item":"https:\/\/obs-seesen.de\/"},{"@type":"ListItem","position":2,"name":"\u00dcber uns","item":"https:\/\/obs-seesen.de\/?page_id=41"},{"@type":"ListItem","position":3,"name":"Schulordnung","item":"https:\/\/obs-seesen.de\/?page_id=3077"},{"@type":"ListItem","position":4,"name":"Handynutzung ab 2025\/26"}]},{"@type":"WebSite","@id":"https:\/\/obs-seesen.de\/#website","url":"https:\/\/obs-seesen.de\/","name":"Oberschule Seesen","description":"seit 1884 | Ganztagsschule | mit gymnasialem Angebot | Sch\u00fclerfriedenspreis 2015","potentialAction":[{"@type":"SearchAction","target":{"@type":"EntryPoint","urlTemplate":"https:\/\/obs-seesen.de\/?s={search_term_string}"},"query-input":{"@type":"PropertyValueSpecification","valueRequired":true,"valueName":"search_term_string"}}],"inLanguage":"de"}]}},"_links":{"self":[{"href":"https:\/\/obs-seesen.de\/index.php?rest_route=\/wp\/v2\/pages\/3186","targetHints":{"allow":["GET"]}}],"collection":[{"href":"https:\/\/obs-seesen.de\/index.php?rest_route=\/wp\/v2\/pages"}],"about":[{"href":"https:\/\/obs-seesen.de\/index.php?rest_route=\/wp\/v2\/types\/page"}],"author":[{"embeddable":true,"href":"https:\/\/obs-seesen.de\/index.php?rest_route=\/wp\/v2\/users\/2"}],"replies":[{"embeddable":true,"href":"https:\/\/obs-seesen.de\/index.php?rest_route=%2Fwp%2Fv2%2Fcomments&post=3186"}],"version-history":[{"count":1,"href":"https:\/\/obs-seesen.de\/index.php?rest_route=\/wp\/v2\/pages\/3186\/revisions"}],"predecessor-version":[{"id":3188,"href":"https:\/\/obs-seesen.de\/index.php?rest_route=\/wp\/v2\/pages\/3186\/revisions\/3188"}],"up":[{"embeddable":true,"href":"https:\/\/obs-seesen.de\/index.php?rest_route=\/wp\/v2\/pages\/3077"}],"wp:attachment":[{"href":"https:\/\/obs-seesen.de\/index.php?rest_route=%2Fwp%2Fv2%2Fmedia&parent=3186"}],"curies":[{"name":"wp","href":"https:\/\/api.w.org\/{rel}","templated":true}]}}