{"id":31,"date":"2014-07-31T17:50:58","date_gmt":"2014-07-31T15:50:58","guid":{"rendered":"http:\/\/hs-seesen.de\/obs\/?page_id=31"},"modified":"2023-10-26T11:22:03","modified_gmt":"2023-10-26T09:22:03","slug":"geschichte-der-schule","status":"publish","type":"page","link":"https:\/\/obs-seesen.de\/?page_id=31","title":{"rendered":"Geschichte der Schule"},"content":{"rendered":"<p style=\"text-align: center;\"><strong>17.04.1884 Gr\u00fcndung der privaten H\u00f6heren T\u00f6chterschule durch Frau Alma Pidoux (geb. L\u00e4mmerhirt) in der Jacobsonstra\u00dfe 31<\/strong><\/p>\n<p><strong>1922<\/strong> \u00dcbernahme durch den Staat und Fortf\u00fchrung als sechsstufige Mittelschule<\/p>\n<p><strong>1934<\/strong> Umzug in die Doktorstra\u00dfe (heute: Jahnstra\u00dfe)<\/p>\n<p><strong>1945-49<\/strong> Standort Linnenstra\u00dfe 5<\/p>\n<p><strong>1949-53<\/strong> Die Schule findet vor\u00fcbergehend in der Otto-Kirchhoff-Schule, Am Schulplatz 4, eine neue Heimat .<\/p>\n<p><strong>1953-76<\/strong> Standort Linnenstra\u00dfe 5<\/p>\n<p><strong>1976<\/strong> Die Realschule wird im Schulzentrum (in einem Geb\u00e4ude mit der Hauptschule) in der St.-Annen-Strasse 30a ohne die Jahrg\u00e4nge 5 und 6 untergebracht.<\/p>\n<p>Die <strong>1976<\/strong> eingef\u00fchrte Orientierungsstufe wird <strong>2004<\/strong> wieder abgeschafft, die Jahrg\u00e4nge 5 und 6 werden wieder den weiterf\u00fchrenden Schulen zugeordnet.<\/p>\n<p><strong>M\u00e4rz 2008<\/strong> Die Nieders\u00e4chsische Schulinspektion bescheinigt der RS Seesen gute Arbeit.<\/p>\n<p><strong>Oktober 2009<\/strong> In einer Festwoche wird das 125-j\u00e4hrige Bestehen der Schule gefeiert (Schulfest, Tag des offenen Unterrichts, Konzert, Festakt, Ehemaligentreffen mit weit \u00fcber 600 Teilnehmern)<\/p>\n<p><strong>2014<\/strong> Gr\u00fcndung der Oberschule Seesen in der die Hauptschule Am Sonnenberg und die Realschule Seesen aufgehen.<\/p>\n<p><strong>2015<\/strong> Einrichtung eines gymnasialen Angebots an der Oberschule Seesen<\/p>\n<p><strong>Schulleiter<\/strong><br \/>\n1884-1913 Alma Pidoux<br \/>\n1913-1914 Pastor Demmer<br \/>\n1914-1916 Alma Pidoux<br \/>\n1916-1919 Hermann Buchheister<br \/>\n1919-1936 Dr. Emilie Sch\u00fcphaus<br \/>\n1936-1945 Heinrich Schwier<br \/>\n1946-1954 Robert Kr\u00fcger<br \/>\n1954-1955 Fritz Niemeyer<br \/>\n1955-1961 Adolf Cassel<br \/>\n1961-1962 Heinz Gericke<br \/>\n1962-1963 Karl-Heinz Budzinski<br \/>\n1963-1969 Heinz Lemke<br \/>\n1969-1970 R\u00fcdiger D\u00fcrich<br \/>\n1970-1992 Leopold Nicklas<br \/>\n1992-1993 Herr Schatz (kommissarisch)<br \/>\n1993-2008 Burkard Heunecke<br \/>\n2008-2023 Annegret Tuchtfeld<\/p>\n","protected":false},"excerpt":{"rendered":"<p>17.04.1884 Gr\u00fcndung der privaten H\u00f6heren T\u00f6chterschule durch Frau Alma Pidoux (geb. L\u00e4mmerhirt) in der Jacobsonstra\u00dfe 31 1922 \u00dcbernahme durch den Staat und Fortf\u00fchrung als sechsstufige Mittelschule 1934 Umzug in die Doktorstra\u00dfe (heute: Jahnstra\u00dfe) 1945-49 Standort Linnenstra\u00dfe 5 1949-53 Die Schule findet vor\u00fcbergehend in der Otto-Kirchhoff-Schule, Am Schulplatz 4, eine neue Heimat . 1953-76 Standort Linnenstra\u00dfe &hellip; <a href=\"https:\/\/obs-seesen.de\/?page_id=31\" class=\"more-link\"><span class=\"screen-reader-text\">Geschichte der Schule<\/span> weiterlesen <span class=\"meta-nav\">&rarr;<\/span><\/a><\/p>\n","protected":false},"author":2,"featured_media":0,"parent":41,"menu_order":0,"comment_status":"closed","ping_status":"closed","template":"","meta":{"footnotes":""},"class_list":["post-31","page","type-page","status-publish","hentry"],"yoast_head":"<!-- This site is optimized with the Yoast SEO plugin v27.3 - https:\/\/yoast.com\/product\/yoast-seo-wordpress\/ -->\n<title>Geschichte der Schule - Oberschule Seesen<\/title>\n<meta name=\"robots\" content=\"index, follow, max-snippet:-1, max-image-preview:large, max-video-preview:-1\" \/>\n<link rel=\"canonical\" href=\"https:\/\/obs-seesen.de\/?page_id=31\" \/>\n<meta property=\"og:locale\" content=\"de_DE\" \/>\n<meta property=\"og:type\" content=\"article\" \/>\n<meta property=\"og:title\" content=\"Geschichte der Schule - Oberschule Seesen\" \/>\n<meta property=\"og:description\" content=\"17.04.1884 Gr\u00fcndung der privaten H\u00f6heren T\u00f6chterschule durch Frau Alma Pidoux (geb. L\u00e4mmerhirt) in der Jacobsonstra\u00dfe 31 1922 \u00dcbernahme durch den Staat und Fortf\u00fchrung als sechsstufige Mittelschule 1934 Umzug in die Doktorstra\u00dfe (heute: Jahnstra\u00dfe) 1945-49 Standort Linnenstra\u00dfe 5 1949-53 Die Schule findet vor\u00fcbergehend in der Otto-Kirchhoff-Schule, Am Schulplatz 4, eine neue Heimat . 1953-76 Standort Linnenstra\u00dfe &hellip; Geschichte der Schule weiterlesen &rarr;\" \/>\n<meta property=\"og:url\" content=\"https:\/\/obs-seesen.de\/?page_id=31\" \/>\n<meta property=\"og:site_name\" content=\"Oberschule Seesen\" \/>\n<meta property=\"article:modified_time\" content=\"2023-10-26T09:22:03+00:00\" \/>\n<meta name=\"twitter:label1\" content=\"Gesch\u00e4tzte Lesezeit\" \/>\n\t<meta name=\"twitter:data1\" content=\"2\u00a0Minuten\" \/>\n<script type=\"application\/ld+json\" class=\"yoast-schema-graph\">{\"@context\":\"https:\\\/\\\/schema.org\",\"@graph\":[{\"@type\":\"WebPage\",\"@id\":\"https:\\\/\\\/obs-seesen.de\\\/?page_id=31\",\"url\":\"https:\\\/\\\/obs-seesen.de\\\/?page_id=31\",\"name\":\"Geschichte der Schule - Oberschule Seesen\",\"isPartOf\":{\"@id\":\"https:\\\/\\\/obs-seesen.de\\\/#website\"},\"datePublished\":\"2014-07-31T15:50:58+00:00\",\"dateModified\":\"2023-10-26T09:22:03+00:00\",\"breadcrumb\":{\"@id\":\"https:\\\/\\\/obs-seesen.de\\\/?page_id=31#breadcrumb\"},\"inLanguage\":\"de\",\"potentialAction\":[{\"@type\":\"ReadAction\",\"target\":[\"https:\\\/\\\/obs-seesen.de\\\/?page_id=31\"]}]},{\"@type\":\"BreadcrumbList\",\"@id\":\"https:\\\/\\\/obs-seesen.de\\\/?page_id=31#breadcrumb\",\"itemListElement\":[{\"@type\":\"ListItem\",\"position\":1,\"name\":\"Home\",\"item\":\"https:\\\/\\\/obs-seesen.de\\\/\"},{\"@type\":\"ListItem\",\"position\":2,\"name\":\"\u00dcber uns\",\"item\":\"https:\\\/\\\/obs-seesen.de\\\/?page_id=41\"},{\"@type\":\"ListItem\",\"position\":3,\"name\":\"Geschichte der Schule\"}]},{\"@type\":\"WebSite\",\"@id\":\"https:\\\/\\\/obs-seesen.de\\\/#website\",\"url\":\"https:\\\/\\\/obs-seesen.de\\\/\",\"name\":\"Oberschule Seesen\",\"description\":\"seit 1884 | Ganztagsschule | mit gymnasialem Angebot | Sch\u00fclerfriedenspreis 2015\",\"potentialAction\":[{\"@type\":\"SearchAction\",\"target\":{\"@type\":\"EntryPoint\",\"urlTemplate\":\"https:\\\/\\\/obs-seesen.de\\\/?s={search_term_string}\"},\"query-input\":{\"@type\":\"PropertyValueSpecification\",\"valueRequired\":true,\"valueName\":\"search_term_string\"}}],\"inLanguage\":\"de\"}]}<\/script>\n<!-- \/ Yoast SEO plugin. -->","yoast_head_json":{"title":"Geschichte der Schule - Oberschule Seesen","robots":{"index":"index","follow":"follow","max-snippet":"max-snippet:-1","max-image-preview":"max-image-preview:large","max-video-preview":"max-video-preview:-1"},"canonical":"https:\/\/obs-seesen.de\/?page_id=31","og_locale":"de_DE","og_type":"article","og_title":"Geschichte der Schule - Oberschule Seesen","og_description":"17.04.1884 Gr\u00fcndung der privaten H\u00f6heren T\u00f6chterschule durch Frau Alma Pidoux (geb. L\u00e4mmerhirt) in der Jacobsonstra\u00dfe 31 1922 \u00dcbernahme durch den Staat und Fortf\u00fchrung als sechsstufige Mittelschule 1934 Umzug in die Doktorstra\u00dfe (heute: Jahnstra\u00dfe) 1945-49 Standort Linnenstra\u00dfe 5 1949-53 Die Schule findet vor\u00fcbergehend in der Otto-Kirchhoff-Schule, Am Schulplatz 4, eine neue Heimat . 1953-76 Standort Linnenstra\u00dfe &hellip; Geschichte der Schule weiterlesen &rarr;","og_url":"https:\/\/obs-seesen.de\/?page_id=31","og_site_name":"Oberschule Seesen","article_modified_time":"2023-10-26T09:22:03+00:00","twitter_misc":{"Gesch\u00e4tzte Lesezeit":"2\u00a0Minuten"},"schema":{"@context":"https:\/\/schema.org","@graph":[{"@type":"WebPage","@id":"https:\/\/obs-seesen.de\/?page_id=31","url":"https:\/\/obs-seesen.de\/?page_id=31","name":"Geschichte der Schule - Oberschule Seesen","isPartOf":{"@id":"https:\/\/obs-seesen.de\/#website"},"datePublished":"2014-07-31T15:50:58+00:00","dateModified":"2023-10-26T09:22:03+00:00","breadcrumb":{"@id":"https:\/\/obs-seesen.de\/?page_id=31#breadcrumb"},"inLanguage":"de","potentialAction":[{"@type":"ReadAction","target":["https:\/\/obs-seesen.de\/?page_id=31"]}]},{"@type":"BreadcrumbList","@id":"https:\/\/obs-seesen.de\/?page_id=31#breadcrumb","itemListElement":[{"@type":"ListItem","position":1,"name":"Home","item":"https:\/\/obs-seesen.de\/"},{"@type":"ListItem","position":2,"name":"\u00dcber uns","item":"https:\/\/obs-seesen.de\/?page_id=41"},{"@type":"ListItem","position":3,"name":"Geschichte der Schule"}]},{"@type":"WebSite","@id":"https:\/\/obs-seesen.de\/#website","url":"https:\/\/obs-seesen.de\/","name":"Oberschule Seesen","description":"seit 1884 | Ganztagsschule | mit gymnasialem Angebot | Sch\u00fclerfriedenspreis 2015","potentialAction":[{"@type":"SearchAction","target":{"@type":"EntryPoint","urlTemplate":"https:\/\/obs-seesen.de\/?s={search_term_string}"},"query-input":{"@type":"PropertyValueSpecification","valueRequired":true,"valueName":"search_term_string"}}],"inLanguage":"de"}]}},"_links":{"self":[{"href":"https:\/\/obs-seesen.de\/index.php?rest_route=\/wp\/v2\/pages\/31","targetHints":{"allow":["GET"]}}],"collection":[{"href":"https:\/\/obs-seesen.de\/index.php?rest_route=\/wp\/v2\/pages"}],"about":[{"href":"https:\/\/obs-seesen.de\/index.php?rest_route=\/wp\/v2\/types\/page"}],"author":[{"embeddable":true,"href":"https:\/\/obs-seesen.de\/index.php?rest_route=\/wp\/v2\/users\/2"}],"replies":[{"embeddable":true,"href":"https:\/\/obs-seesen.de\/index.php?rest_route=%2Fwp%2Fv2%2Fcomments&post=31"}],"version-history":[{"count":4,"href":"https:\/\/obs-seesen.de\/index.php?rest_route=\/wp\/v2\/pages\/31\/revisions"}],"predecessor-version":[{"id":2949,"href":"https:\/\/obs-seesen.de\/index.php?rest_route=\/wp\/v2\/pages\/31\/revisions\/2949"}],"up":[{"embeddable":true,"href":"https:\/\/obs-seesen.de\/index.php?rest_route=\/wp\/v2\/pages\/41"}],"wp:attachment":[{"href":"https:\/\/obs-seesen.de\/index.php?rest_route=%2Fwp%2Fv2%2Fmedia&parent=31"}],"curies":[{"name":"wp","href":"https:\/\/api.w.org\/{rel}","templated":true}]}}