{"id":3077,"date":"2024-10-17T09:45:02","date_gmt":"2024-10-17T07:45:02","guid":{"rendered":"https:\/\/obs-seesen.de\/?page_id=3077"},"modified":"2024-10-17T09:45:04","modified_gmt":"2024-10-17T07:45:04","slug":"schulordnung","status":"publish","type":"page","link":"https:\/\/obs-seesen.de\/?page_id=3077","title":{"rendered":"Schulordnung"},"content":{"rendered":"\n<p>Schulordnung der Oberschule Seesen<br>(beschlossen am 28.05.2024)<\/p>\n\n\n\n<ol class=\"wp-block-list\">\n<li>Allgemeine Regeln<br>1.1 Ich respektiere meine Mitmenschen. Ich behandele sie so, wie ich behandelt werden m\u00f6chte. Ich l\u00f6se Konflikte mit Worten. Ich h\u00f6re auf die Anweisungen der Lehrkr\u00e4fte und Mitarbeiterinnen und Mitarbeiter.<br>1.2 Ich esse und trinke nicht im Unterricht und kaue keine Kaugummis.<br>1.3 Ich nehme M\u00fctzen, Kappen und Kapuzen im Unterricht ab und trage ordentliche Kleidung.<br>1.4 Ich achte auf meine Sachen und respektiere das Eigentum anderer. Ich achte auch auf meine Schule und meine Umwelt und halte sie sauber.<br>1.5 Ich verlasse das Schulgel\u00e4nde erst nach der letzten Unterrichtsstunde.<br>1.6 Rauchen und Dampfen sowie der Konsum und Handel von Alkohol und Drogen ist auf dem gesamten Schulgel\u00e4nde, inklusive der Bushaltestelle, absolut untersagt.<br>1.7 Koffeinhaltige Getr\u00e4nke, Chips und Sonnenblumenkerne sind nicht gestattet.<\/li>\n\n\n\n<li>Im Unterricht<br>2.1 Ich komme p\u00fcnktlich zum Unterricht und habe mein Material vollst\u00e4ndig bei mir.<br>2.2 Bis zum ersten Klingeln darf das Obergeschoss nicht betreten werden.<br>2.3 Wenn ich krank bin, m\u00fcssen meine Eltern in der Schule anrufen. Wenn ich wieder in der Schule bin, muss innerhalb von 5 Schultagen eine schriftliche Entschuldigung vorgelegt werden. Bei unentschuldigtem Fehlen kann ein Bu\u00dfgeldverfahren eingeleitet werden. Urlaubsgesuche sind rechtzeitig vorher bei der Klassenlehrkraft zu stellen.<br>2.4 Handys und Kopfh\u00f6rer bleiben in der Tasche. Das Handy muss ausgeschaltet oder lautlos sein.<br>2.5 Fotografieren oder Filmen ist au\u00dfer f\u00fcr Unterrichtszwecke nicht gestattet.<br>2.6 Ich muss auf dem Vertretungsplan nachschauen, ob es zu Vertretungsunterricht oder Ausfall kommt.<\/li>\n\n\n\n<li>In den Pausen<br>3.1 Das Schulgel\u00e4nde darf nur mit ausdr\u00fccklicher Genehmigung einer Lehrkraft verlassen werden.<br>3.2 Ballspiele sind nur au\u00dferhalb des Geb\u00e4udes erlaubt.<br>3.3 In den gro\u00dfen Pausen verlassen wir die Klassenr\u00e4ume und halten uns im Forum oder auf dem Schulhof auf. Nur die Jahrg\u00e4nge 9 und 10 d\u00fcrfen im Obergeschoss bleiben.<br>3.4 In der Mittagspause halte ich mich in der Mensa, im Forum oder auf dem Sonnenberg auf. Alle anderen Schulh\u00f6fe d\u00fcrfen in der Mittagspause nicht betreten werden. Wir halten uns an die Mensaregeln.<br>3.5 Im Forum verhalte ich mich ruhig.<\/li>\n\n\n\n<li>Unf\u00e4lle und Konflikte<br>4.1 Wir verhalten uns so, dass m\u00f6glichst keine Unf\u00e4lle passieren. Wir schubsen und rennen nicht im Schulgeb\u00e4ude, klettern nicht auf Mauern, Fensterb\u00e4nke oder Gel\u00e4nder und werfen nicht mit gef\u00e4hrlichen Gegenst\u00e4nden. Wir werfen nicht mit Schneeb\u00e4llen.<br>4.2 Fahrr\u00e4der und Tretroller parken wir vor der Schule. Skaten ist auf dem Schulgel\u00e4nde untersagt.<br>4.3 Das Mitbringen von Sachen, die zur Verletzung oder Bel\u00e4stigung anderer f\u00fchren k\u00f6nnen, ist verboten (siehe Waffenerlass).<br>4.4 Wir l\u00f6sen Streit mit Worten. Keine Gewalt. Keine Beleidigungen.<br>4.5 Notf\u00e4lle wie Feuer, schwere Unf\u00e4lle oder wenn eine Person in Gefahr ist, m\u00fcssen so schnell wie m\u00f6glich der Schulleitung gemeldet werden. Sachsch\u00e4den m\u00fcssen umgehend im Sekretariat angezeigt werden. Auch m\u00fcssen wir Bescheid sagen, wenn keine Lehrkraft kommt.<\/li>\n\n\n\n<li>Brandschutzordnung<br>5.1 Der Umgang mit offenem Feuer ist in der Schule verboten. Brauchen wir Feuer im Unterricht, zum Beispiel f\u00fcr Experimente, befolgen wir genau die Anweisungen der Lehrkraft.<br>5.2 Wenn es brennt, benachrichtigen wir sofort die Schulleitung.<br>5.3 Bei Feueralarm bleiben wir ruhig und achten aufeinander. Wir folgen der Anweisung der Lehrkraft. Wir handeln nach dem Evakuierungsplan.<br>5.4 Auch bei einem \u00dcbungsalarm verhalten wir uns wie im Ernstfall. Die Nichtbefolgung der Anweisung einer Lehrkraft ist ein grober Versto\u00df gegen die Schulordnung.<br>5.5 Alarmanlagen d\u00fcrfen nicht zerst\u00f6rt oder ohne Grund genutzt werden.<br>5.6 Wir halten die Fluchtwege frei.<\/li>\n\n\n\n<li>Verschiedenes<br>6.1 Muss eine Lehrkraft aus dem Klassenraum gehen, bleiben wir leise und arbeiten weiter.<br>6.2 Nach Unterrichtsschluss werden die Fenster geschlossen, das Licht ausgemacht, die St\u00fchle an den Tisch gestellt (Teppichr\u00e4ume) oder hochgestellt (PVC-R\u00e4ume) und jeder Platz muss sauber sein.<br>6.3 Bei Ausfl\u00fcgen au\u00dferhalb des Schulgeb\u00e4udes treffen wir uns p\u00fcnktlich am verabredeten Ort. Beginn und Ende einer Veranstaltung werden durch unsere Lehrkraft festgesetzt.<\/li>\n\n\n\n<li>Tabletordnung \/ Umgang mit Medien<br>7.1 Das Tablet ist Unterrichtsmaterial und wird nur f\u00fcr Unterrichtszwecke genutzt.<br>7.2 Wir achten darauf, dass wir mit einem vollgeladenen Tablet und Stift in die Schule kommen und haben Material (Block, Stifte bzw. Etui) dabei, sodass wir auch analog mitarbeiten k\u00f6nnen.<br>7.3 Wir gehen nicht an fremde Tablets.<br>7.4 Wir nutzen das Tablet nicht in den Pausen. Wir achten auf regelm\u00e4\u00dfige Auszeiten.<br>7.5 Wir sind selbst daf\u00fcr verantwortlich und achten darauf, dass die Tablets im Klassenraum eingeschlossen werden und nach dem Unterricht in Fachr\u00e4umen wieder in unseren Klassenraum kommen.<br>7.6 Wir respektieren die W\u00fcrde anderer Menschen und sorgen daf\u00fcr, dass niemand verletzt oder gemobbt wird.<br>7.7 Wir sch\u00fctzen uns und andere vor drastischen Inhalten und melden diese der Lehrkraft. Internetseiten mit pornografischen, extremistischen oder sonst rechtswidrigen Inhalten sind untersagt.<br>7.8 Wir sch\u00fctzen unsere pers\u00f6nlichen Daten und achten darauf, wo wir diese hinterlassen.<br>7.9 Wir glauben nicht alles, was wir online sehen und informieren uns aus verschiedenen Quellen. Wortlaute und Inhalte, die wir entnehmen, kennzeichnen wir entsprechend.<br>7.10 Wir nehmen keine Audios, Bilder oder Videos ohne das Einverst\u00e4ndnis der betroffenen Person auf.<\/li>\n\n\n\n<li>Fachraumregeln<br>8.1 Die Fachr\u00e4ume in den Untergeschossen d\u00fcrfen ausschlie\u00dflich in Begleitung einer Lehrkraft betreten werden. Wir warten vor dem Unterricht im Forum, bis wir von unserer Lehrkraft abgeholt werden.<br>8.2 Dicke Jacken und M\u00e4ntel h\u00e4ngen wir vor dem Fachraum auf.<br>8.3 Im Fachraum ist Essen und Trinken absolut verboten. Ausnahmen bilden die Sport- und Schwimmhallen.<br>8.4 Wir gehen sparsam mit allen Ressourcen um (Strom, Wasser, Holz, Metall, \u2026)<br>8.5 Besonders beim Experimentieren, Kochen und Werken achten wir genau auf die Anweisungen unserer Lehrkraft.<br>8.6 Damit niemand sich verletzt oder gest\u00f6rt wird, halten wir die Fluchtwege immer frei und rennen nicht durch den Raum.<br>8.7 Wir beachten die f\u00fcr den jeweiligen Fachraum geltenden Regeln.<\/li>\n<\/ol>\n\n\n\n<p>Uns ist bewusst, dass wir bei Regelverst\u00f6\u00dfen mit Konsequenzen zu rechnen haben.<\/p>\n\n\n\n<div data-wp-interactive=\"core\/file\" class=\"wp-block-file\"><object data-wp-bind--hidden=\"!state.hasPdfPreview\" hidden class=\"wp-block-file__embed\" data=\"https:\/\/obs-seesen.de\/wp-content\/uploads\/2024\/10\/beschlossene-Schulordnung-der-Oberschule-Seesen.pdf\" type=\"application\/pdf\" style=\"width:100%;height:594px\" aria-label=\"Einbettung von beschlossene-Schulordnung-der-Oberschule-Seesen.\"><\/object><a id=\"wp-block-file--media-91e0543d-29a9-4932-a2a3-6fbe35bb8f69\" href=\"https:\/\/obs-seesen.de\/wp-content\/uploads\/2024\/10\/beschlossene-Schulordnung-der-Oberschule-Seesen.pdf\">beschlossene-Schulordnung-der-Oberschule-Seesen<\/a><a href=\"https:\/\/obs-seesen.de\/wp-content\/uploads\/2024\/10\/beschlossene-Schulordnung-der-Oberschule-Seesen.pdf\" class=\"wp-block-file__button wp-element-button\" download aria-describedby=\"wp-block-file--media-91e0543d-29a9-4932-a2a3-6fbe35bb8f69\">Herunterladen<\/a><\/div>\n","protected":false},"excerpt":{"rendered":"<p>Schulordnung der Oberschule Seesen(beschlossen am 28.05.2024) Uns ist bewusst, dass wir bei Regelverst\u00f6\u00dfen mit Konsequenzen zu rechnen haben.<\/p>\n","protected":false},"author":2,"featured_media":0,"parent":41,"menu_order":100,"comment_status":"closed","ping_status":"closed","template":"","meta":{"footnotes":""},"class_list":["post-3077","page","type-page","status-publish","hentry"],"yoast_head":"<!-- This site is optimized with the Yoast SEO plugin v27.3 - https:\/\/yoast.com\/product\/yoast-seo-wordpress\/ -->\n<title>Schulordnung - Oberschule Seesen<\/title>\n<meta name=\"robots\" content=\"index, follow, max-snippet:-1, max-image-preview:large, max-video-preview:-1\" \/>\n<link rel=\"canonical\" href=\"https:\/\/obs-seesen.de\/?page_id=3077\" \/>\n<meta property=\"og:locale\" content=\"de_DE\" \/>\n<meta property=\"og:type\" content=\"article\" \/>\n<meta property=\"og:title\" content=\"Schulordnung - Oberschule Seesen\" \/>\n<meta property=\"og:description\" content=\"Schulordnung der Oberschule Seesen(beschlossen am 28.05.2024) Uns ist bewusst, dass wir bei Regelverst\u00f6\u00dfen mit Konsequenzen zu rechnen haben.\" \/>\n<meta property=\"og:url\" content=\"https:\/\/obs-seesen.de\/?page_id=3077\" \/>\n<meta property=\"og:site_name\" content=\"Oberschule Seesen\" \/>\n<meta property=\"article:modified_time\" content=\"2024-10-17T07:45:04+00:00\" \/>\n<meta name=\"twitter:label1\" content=\"Gesch\u00e4tzte Lesezeit\" \/>\n\t<meta name=\"twitter:data1\" content=\"6\u00a0Minuten\" \/>\n<script type=\"application\/ld+json\" class=\"yoast-schema-graph\">{\"@context\":\"https:\\\/\\\/schema.org\",\"@graph\":[{\"@type\":\"WebPage\",\"@id\":\"https:\\\/\\\/obs-seesen.de\\\/?page_id=3077\",\"url\":\"https:\\\/\\\/obs-seesen.de\\\/?page_id=3077\",\"name\":\"Schulordnung - Oberschule Seesen\",\"isPartOf\":{\"@id\":\"https:\\\/\\\/obs-seesen.de\\\/#website\"},\"datePublished\":\"2024-10-17T07:45:02+00:00\",\"dateModified\":\"2024-10-17T07:45:04+00:00\",\"breadcrumb\":{\"@id\":\"https:\\\/\\\/obs-seesen.de\\\/?page_id=3077#breadcrumb\"},\"inLanguage\":\"de\",\"potentialAction\":[{\"@type\":\"ReadAction\",\"target\":[\"https:\\\/\\\/obs-seesen.de\\\/?page_id=3077\"]}]},{\"@type\":\"BreadcrumbList\",\"@id\":\"https:\\\/\\\/obs-seesen.de\\\/?page_id=3077#breadcrumb\",\"itemListElement\":[{\"@type\":\"ListItem\",\"position\":1,\"name\":\"Home\",\"item\":\"https:\\\/\\\/obs-seesen.de\\\/\"},{\"@type\":\"ListItem\",\"position\":2,\"name\":\"\u00dcber uns\",\"item\":\"https:\\\/\\\/obs-seesen.de\\\/?page_id=41\"},{\"@type\":\"ListItem\",\"position\":3,\"name\":\"Schulordnung\"}]},{\"@type\":\"WebSite\",\"@id\":\"https:\\\/\\\/obs-seesen.de\\\/#website\",\"url\":\"https:\\\/\\\/obs-seesen.de\\\/\",\"name\":\"Oberschule Seesen\",\"description\":\"seit 1884 | Ganztagsschule | mit gymnasialem Angebot | Sch\u00fclerfriedenspreis 2015\",\"potentialAction\":[{\"@type\":\"SearchAction\",\"target\":{\"@type\":\"EntryPoint\",\"urlTemplate\":\"https:\\\/\\\/obs-seesen.de\\\/?s={search_term_string}\"},\"query-input\":{\"@type\":\"PropertyValueSpecification\",\"valueRequired\":true,\"valueName\":\"search_term_string\"}}],\"inLanguage\":\"de\"}]}<\/script>\n<!-- \/ Yoast SEO plugin. -->","yoast_head_json":{"title":"Schulordnung - Oberschule Seesen","robots":{"index":"index","follow":"follow","max-snippet":"max-snippet:-1","max-image-preview":"max-image-preview:large","max-video-preview":"max-video-preview:-1"},"canonical":"https:\/\/obs-seesen.de\/?page_id=3077","og_locale":"de_DE","og_type":"article","og_title":"Schulordnung - Oberschule Seesen","og_description":"Schulordnung der Oberschule Seesen(beschlossen am 28.05.2024) Uns ist bewusst, dass wir bei Regelverst\u00f6\u00dfen mit Konsequenzen zu rechnen haben.","og_url":"https:\/\/obs-seesen.de\/?page_id=3077","og_site_name":"Oberschule Seesen","article_modified_time":"2024-10-17T07:45:04+00:00","twitter_misc":{"Gesch\u00e4tzte Lesezeit":"6\u00a0Minuten"},"schema":{"@context":"https:\/\/schema.org","@graph":[{"@type":"WebPage","@id":"https:\/\/obs-seesen.de\/?page_id=3077","url":"https:\/\/obs-seesen.de\/?page_id=3077","name":"Schulordnung - Oberschule Seesen","isPartOf":{"@id":"https:\/\/obs-seesen.de\/#website"},"datePublished":"2024-10-17T07:45:02+00:00","dateModified":"2024-10-17T07:45:04+00:00","breadcrumb":{"@id":"https:\/\/obs-seesen.de\/?page_id=3077#breadcrumb"},"inLanguage":"de","potentialAction":[{"@type":"ReadAction","target":["https:\/\/obs-seesen.de\/?page_id=3077"]}]},{"@type":"BreadcrumbList","@id":"https:\/\/obs-seesen.de\/?page_id=3077#breadcrumb","itemListElement":[{"@type":"ListItem","position":1,"name":"Home","item":"https:\/\/obs-seesen.de\/"},{"@type":"ListItem","position":2,"name":"\u00dcber uns","item":"https:\/\/obs-seesen.de\/?page_id=41"},{"@type":"ListItem","position":3,"name":"Schulordnung"}]},{"@type":"WebSite","@id":"https:\/\/obs-seesen.de\/#website","url":"https:\/\/obs-seesen.de\/","name":"Oberschule Seesen","description":"seit 1884 | Ganztagsschule | mit gymnasialem Angebot | Sch\u00fclerfriedenspreis 2015","potentialAction":[{"@type":"SearchAction","target":{"@type":"EntryPoint","urlTemplate":"https:\/\/obs-seesen.de\/?s={search_term_string}"},"query-input":{"@type":"PropertyValueSpecification","valueRequired":true,"valueName":"search_term_string"}}],"inLanguage":"de"}]}},"_links":{"self":[{"href":"https:\/\/obs-seesen.de\/index.php?rest_route=\/wp\/v2\/pages\/3077","targetHints":{"allow":["GET"]}}],"collection":[{"href":"https:\/\/obs-seesen.de\/index.php?rest_route=\/wp\/v2\/pages"}],"about":[{"href":"https:\/\/obs-seesen.de\/index.php?rest_route=\/wp\/v2\/types\/page"}],"author":[{"embeddable":true,"href":"https:\/\/obs-seesen.de\/index.php?rest_route=\/wp\/v2\/users\/2"}],"replies":[{"embeddable":true,"href":"https:\/\/obs-seesen.de\/index.php?rest_route=%2Fwp%2Fv2%2Fcomments&post=3077"}],"version-history":[{"count":1,"href":"https:\/\/obs-seesen.de\/index.php?rest_route=\/wp\/v2\/pages\/3077\/revisions"}],"predecessor-version":[{"id":3079,"href":"https:\/\/obs-seesen.de\/index.php?rest_route=\/wp\/v2\/pages\/3077\/revisions\/3079"}],"up":[{"embeddable":true,"href":"https:\/\/obs-seesen.de\/index.php?rest_route=\/wp\/v2\/pages\/41"}],"wp:attachment":[{"href":"https:\/\/obs-seesen.de\/index.php?rest_route=%2Fwp%2Fv2%2Fmedia&parent=3077"}],"curies":[{"name":"wp","href":"https:\/\/api.w.org\/{rel}","templated":true}]}}