{"id":2953,"date":"2023-10-26T11:37:03","date_gmt":"2023-10-26T09:37:03","guid":{"rendered":"https:\/\/obs-seesen.de\/?page_id=2953"},"modified":"2023-10-26T11:38:33","modified_gmt":"2023-10-26T09:38:33","slug":"inklusion","status":"publish","type":"page","link":"https:\/\/obs-seesen.de\/?page_id=2953","title":{"rendered":"Inklusion"},"content":{"rendered":"\n<h1 class=\"wp-block-heading\">\u201eDIE OBERSCHULE SEESEN ARBEITET INKLUSIV\u201c<\/h1>\n\n\n\n<p>Im Zuge der Einf\u00fchrung der inklusiven Schule seit dem Schuljahr 2018\/19 arbeiten wir an der Oberschule Seesen inklusiv. Kinder und Jugendliche mit und ohne F\u00f6rderschwerpunkt (Lernen, emotionale und soziale Entwicklung, k\u00f6rperlich und motorische Entwicklung, H\u00f6ren, Sehen, Sprache sowie geistige Entwicklung) lernen bei uns gemeinsam ab Klasse 5.<\/p>\n\n\n\n<p>Um alle Sch\u00fclerinnen und Sch\u00fcler bestm\u00f6glich zu unterst\u00fctzen, arbeiten wir mit F\u00f6rderschullehrkr\u00e4ften sowie den F\u00f6rderschulen zusammen und haben bei uns Lehrer-Doppelsteckungen in einigen Klassen und F\u00e4chern.<\/p>\n\n\n\n<p>Au\u00dferdem versuchen wir die Klassen klein zu halten, so dass trotz einer Differenzierung eine individuellere Betreuung der Sch\u00fclerinnen und Sch\u00fcler m\u00f6glich ist.<\/p>\n\n\n\n<p>Ein Handlungsorientierter Unterricht, der die Selbstst\u00e4ndigkeit und Eigenverantwortlichkeit unterst\u00fctzt, f\u00f6rdert die Sch\u00fclerinnen und Sch\u00fcler in ihrem Denken und Lernen.<\/p>\n\n\n\n<p>Mit Hilfe von SPLINT erstellen wir individuelle F\u00f6rderpl\u00e4ne, die sowohl mit den Sch\u00fclerinnen und Sch\u00fclern sowie mit den Erziehungsberechtigten in regelm\u00e4\u00dfigen Abst\u00e4nden besprochen und evaluiert werden und sie ebenfalls zum bestm\u00f6glichen Lernen\/ Verhalten beitragen sollen.<\/p>\n\n\n\n<p>Durch die Einbindung der Schulsozialarbeit werden Sozialtrainings angeboten, so dass die Sch\u00fclerinnen und Sch\u00fcler ihre sozialen F\u00e4higkeiten entwickeln bzw. st\u00e4rken k\u00f6nnen.<\/p>\n\n\n\n<p>Regelm\u00e4\u00dfige Lehrerfortbildungen tragen dazu bei, dass das Kollegium neue Impulse bekommt und diese dann im Unterricht umsetzen kann.<\/p>\n\n\n\n<p>Eine wertsch\u00e4tzende Haltung aller Beteiligten, die Kompetenz sowie geschaffene Rahmenbedingungen bilden an unserer Schule das Fundament f\u00fcr inklusiven Unterricht.<\/p>\n\n\n\n<p>(R\u00fcffer)<\/p>\n","protected":false},"excerpt":{"rendered":"<p>\u201eDIE OBERSCHULE SEESEN ARBEITET INKLUSIV\u201c Im Zuge der Einf\u00fchrung der inklusiven Schule seit dem Schuljahr 2018\/19 arbeiten wir an der Oberschule Seesen inklusiv. Kinder und Jugendliche mit und ohne F\u00f6rderschwerpunkt (Lernen, emotionale und soziale Entwicklung, k\u00f6rperlich und motorische Entwicklung, H\u00f6ren, Sehen, Sprache sowie geistige Entwicklung) lernen bei uns gemeinsam ab Klasse 5. Um alle Sch\u00fclerinnen &hellip; <a href=\"https:\/\/obs-seesen.de\/?page_id=2953\" class=\"more-link\"><span class=\"screen-reader-text\">Inklusion<\/span> weiterlesen <span class=\"meta-nav\">&rarr;<\/span><\/a><\/p>\n","protected":false},"author":4,"featured_media":0,"parent":52,"menu_order":0,"comment_status":"closed","ping_status":"closed","template":"","meta":{"footnotes":""},"class_list":["post-2953","page","type-page","status-publish","hentry"],"yoast_head":"<!-- This site is optimized with the Yoast SEO plugin v27.3 - https:\/\/yoast.com\/product\/yoast-seo-wordpress\/ -->\n<title>Inklusion - Oberschule Seesen<\/title>\n<meta name=\"robots\" content=\"index, follow, max-snippet:-1, max-image-preview:large, max-video-preview:-1\" \/>\n<link rel=\"canonical\" href=\"https:\/\/obs-seesen.de\/?page_id=2953\" \/>\n<meta property=\"og:locale\" content=\"de_DE\" \/>\n<meta property=\"og:type\" content=\"article\" \/>\n<meta property=\"og:title\" content=\"Inklusion - Oberschule Seesen\" \/>\n<meta property=\"og:description\" content=\"\u201eDIE OBERSCHULE SEESEN ARBEITET INKLUSIV\u201c Im Zuge der Einf\u00fchrung der inklusiven Schule seit dem Schuljahr 2018\/19 arbeiten wir an der Oberschule Seesen inklusiv. Kinder und Jugendliche mit und ohne F\u00f6rderschwerpunkt (Lernen, emotionale und soziale Entwicklung, k\u00f6rperlich und motorische Entwicklung, H\u00f6ren, Sehen, Sprache sowie geistige Entwicklung) lernen bei uns gemeinsam ab Klasse 5. Um alle Sch\u00fclerinnen &hellip; Inklusion weiterlesen &rarr;\" \/>\n<meta property=\"og:url\" content=\"https:\/\/obs-seesen.de\/?page_id=2953\" \/>\n<meta property=\"og:site_name\" content=\"Oberschule Seesen\" \/>\n<meta property=\"article:modified_time\" content=\"2023-10-26T09:38:33+00:00\" \/>\n<meta name=\"twitter:label1\" content=\"Gesch\u00e4tzte Lesezeit\" \/>\n\t<meta name=\"twitter:data1\" content=\"2\u00a0Minuten\" \/>\n<script type=\"application\/ld+json\" class=\"yoast-schema-graph\">{\"@context\":\"https:\\\/\\\/schema.org\",\"@graph\":[{\"@type\":\"WebPage\",\"@id\":\"https:\\\/\\\/obs-seesen.de\\\/?page_id=2953\",\"url\":\"https:\\\/\\\/obs-seesen.de\\\/?page_id=2953\",\"name\":\"Inklusion - Oberschule Seesen\",\"isPartOf\":{\"@id\":\"https:\\\/\\\/obs-seesen.de\\\/#website\"},\"datePublished\":\"2023-10-26T09:37:03+00:00\",\"dateModified\":\"2023-10-26T09:38:33+00:00\",\"breadcrumb\":{\"@id\":\"https:\\\/\\\/obs-seesen.de\\\/?page_id=2953#breadcrumb\"},\"inLanguage\":\"de\",\"potentialAction\":[{\"@type\":\"ReadAction\",\"target\":[\"https:\\\/\\\/obs-seesen.de\\\/?page_id=2953\"]}]},{\"@type\":\"BreadcrumbList\",\"@id\":\"https:\\\/\\\/obs-seesen.de\\\/?page_id=2953#breadcrumb\",\"itemListElement\":[{\"@type\":\"ListItem\",\"position\":1,\"name\":\"Home\",\"item\":\"https:\\\/\\\/obs-seesen.de\\\/\"},{\"@type\":\"ListItem\",\"position\":2,\"name\":\"Arbeitsschwerpunkte\",\"item\":\"https:\\\/\\\/obs-seesen.de\\\/?page_id=52\"},{\"@type\":\"ListItem\",\"position\":3,\"name\":\"Inklusion\"}]},{\"@type\":\"WebSite\",\"@id\":\"https:\\\/\\\/obs-seesen.de\\\/#website\",\"url\":\"https:\\\/\\\/obs-seesen.de\\\/\",\"name\":\"Oberschule Seesen\",\"description\":\"seit 1884 | Ganztagsschule | mit gymnasialem Angebot | Sch\u00fclerfriedenspreis 2015\",\"potentialAction\":[{\"@type\":\"SearchAction\",\"target\":{\"@type\":\"EntryPoint\",\"urlTemplate\":\"https:\\\/\\\/obs-seesen.de\\\/?s={search_term_string}\"},\"query-input\":{\"@type\":\"PropertyValueSpecification\",\"valueRequired\":true,\"valueName\":\"search_term_string\"}}],\"inLanguage\":\"de\"}]}<\/script>\n<!-- \/ Yoast SEO plugin. -->","yoast_head_json":{"title":"Inklusion - Oberschule Seesen","robots":{"index":"index","follow":"follow","max-snippet":"max-snippet:-1","max-image-preview":"max-image-preview:large","max-video-preview":"max-video-preview:-1"},"canonical":"https:\/\/obs-seesen.de\/?page_id=2953","og_locale":"de_DE","og_type":"article","og_title":"Inklusion - Oberschule Seesen","og_description":"\u201eDIE OBERSCHULE SEESEN ARBEITET INKLUSIV\u201c Im Zuge der Einf\u00fchrung der inklusiven Schule seit dem Schuljahr 2018\/19 arbeiten wir an der Oberschule Seesen inklusiv. Kinder und Jugendliche mit und ohne F\u00f6rderschwerpunkt (Lernen, emotionale und soziale Entwicklung, k\u00f6rperlich und motorische Entwicklung, H\u00f6ren, Sehen, Sprache sowie geistige Entwicklung) lernen bei uns gemeinsam ab Klasse 5. Um alle Sch\u00fclerinnen &hellip; Inklusion weiterlesen &rarr;","og_url":"https:\/\/obs-seesen.de\/?page_id=2953","og_site_name":"Oberschule Seesen","article_modified_time":"2023-10-26T09:38:33+00:00","twitter_misc":{"Gesch\u00e4tzte Lesezeit":"2\u00a0Minuten"},"schema":{"@context":"https:\/\/schema.org","@graph":[{"@type":"WebPage","@id":"https:\/\/obs-seesen.de\/?page_id=2953","url":"https:\/\/obs-seesen.de\/?page_id=2953","name":"Inklusion - Oberschule Seesen","isPartOf":{"@id":"https:\/\/obs-seesen.de\/#website"},"datePublished":"2023-10-26T09:37:03+00:00","dateModified":"2023-10-26T09:38:33+00:00","breadcrumb":{"@id":"https:\/\/obs-seesen.de\/?page_id=2953#breadcrumb"},"inLanguage":"de","potentialAction":[{"@type":"ReadAction","target":["https:\/\/obs-seesen.de\/?page_id=2953"]}]},{"@type":"BreadcrumbList","@id":"https:\/\/obs-seesen.de\/?page_id=2953#breadcrumb","itemListElement":[{"@type":"ListItem","position":1,"name":"Home","item":"https:\/\/obs-seesen.de\/"},{"@type":"ListItem","position":2,"name":"Arbeitsschwerpunkte","item":"https:\/\/obs-seesen.de\/?page_id=52"},{"@type":"ListItem","position":3,"name":"Inklusion"}]},{"@type":"WebSite","@id":"https:\/\/obs-seesen.de\/#website","url":"https:\/\/obs-seesen.de\/","name":"Oberschule Seesen","description":"seit 1884 | Ganztagsschule | mit gymnasialem Angebot | Sch\u00fclerfriedenspreis 2015","potentialAction":[{"@type":"SearchAction","target":{"@type":"EntryPoint","urlTemplate":"https:\/\/obs-seesen.de\/?s={search_term_string}"},"query-input":{"@type":"PropertyValueSpecification","valueRequired":true,"valueName":"search_term_string"}}],"inLanguage":"de"}]}},"_links":{"self":[{"href":"https:\/\/obs-seesen.de\/index.php?rest_route=\/wp\/v2\/pages\/2953","targetHints":{"allow":["GET"]}}],"collection":[{"href":"https:\/\/obs-seesen.de\/index.php?rest_route=\/wp\/v2\/pages"}],"about":[{"href":"https:\/\/obs-seesen.de\/index.php?rest_route=\/wp\/v2\/types\/page"}],"author":[{"embeddable":true,"href":"https:\/\/obs-seesen.de\/index.php?rest_route=\/wp\/v2\/users\/4"}],"replies":[{"embeddable":true,"href":"https:\/\/obs-seesen.de\/index.php?rest_route=%2Fwp%2Fv2%2Fcomments&post=2953"}],"version-history":[{"count":2,"href":"https:\/\/obs-seesen.de\/index.php?rest_route=\/wp\/v2\/pages\/2953\/revisions"}],"predecessor-version":[{"id":2956,"href":"https:\/\/obs-seesen.de\/index.php?rest_route=\/wp\/v2\/pages\/2953\/revisions\/2956"}],"up":[{"embeddable":true,"href":"https:\/\/obs-seesen.de\/index.php?rest_route=\/wp\/v2\/pages\/52"}],"wp:attachment":[{"href":"https:\/\/obs-seesen.de\/index.php?rest_route=%2Fwp%2Fv2%2Fmedia&parent=2953"}],"curies":[{"name":"wp","href":"https:\/\/api.w.org\/{rel}","templated":true}]}}