{"id":271,"date":"2014-11-26T20:41:40","date_gmt":"2014-11-26T19:41:40","guid":{"rendered":"http:\/\/obs-seesen.de\/?page_id=271"},"modified":"2014-11-26T20:41:40","modified_gmt":"2014-11-26T19:41:40","slug":"praesentation-der-oberschule-seesen","status":"publish","type":"page","link":"https:\/\/obs-seesen.de\/?page_id=271","title":{"rendered":"Pr\u00e4sentation der Oberschule Seesen"},"content":{"rendered":"<p>&#8230; anl\u00e4sslich der Vorstellung in der Grundschule Jahnstra\u00dfe am 25.11.2014.<\/p>\n<p><iframe loading=\"lazy\" src=\"http:\/\/prezi.com\/embed\/lkzi9cc1avjs\/?bgcolor=ffffff&amp;lock_to_path=0&amp;autoplay=0&amp;autohide_ctrls=0&amp;features=undefined&amp;token=undefined&amp;disabled_features=undefined\" width=\"550\" height=\"400\" frameborder=\"0\" allowfullscreen=\"allowfullscreen\"><\/iframe><\/p>\n<p>Die Pr\u00e4sentation kann auch <a title=\"Pr\u00e4sentation bei PREZI.com\" href=\"http:\/\/prezi.com\/lkzi9cc1avjs\/?utm_campaign=share&amp;utm_medium=copy&amp;rc=ex0share\" target=\"_blank\">direkt bei PREZI abgerufen<\/a> werden.<\/p>\n","protected":false},"excerpt":{"rendered":"<p>&#8230; anl\u00e4sslich der Vorstellung in der Grundschule Jahnstra\u00dfe am 25.11.2014. Die Pr\u00e4sentation kann auch direkt bei PREZI abgerufen werden.<\/p>\n","protected":false},"author":2,"featured_media":0,"parent":41,"menu_order":0,"comment_status":"closed","ping_status":"closed","template":"page-templates\/full-width.php","meta":{"footnotes":""},"class_list":["post-271","page","type-page","status-publish","hentry"],"yoast_head":"<!-- This site is optimized with the Yoast SEO plugin v27.3 - https:\/\/yoast.com\/product\/yoast-seo-wordpress\/ -->\n<title>Pr\u00e4sentation der Oberschule Seesen - Oberschule Seesen<\/title>\n<meta name=\"robots\" content=\"index, follow, max-snippet:-1, max-image-preview:large, max-video-preview:-1\" \/>\n<link rel=\"canonical\" href=\"https:\/\/obs-seesen.de\/?page_id=271\" \/>\n<meta property=\"og:locale\" content=\"de_DE\" \/>\n<meta property=\"og:type\" content=\"article\" \/>\n<meta property=\"og:title\" content=\"Pr\u00e4sentation der Oberschule Seesen - Oberschule Seesen\" \/>\n<meta property=\"og:description\" content=\"&#8230; anl\u00e4sslich der Vorstellung in der Grundschule Jahnstra\u00dfe am 25.11.2014. Die Pr\u00e4sentation kann auch direkt bei PREZI abgerufen werden.\" \/>\n<meta property=\"og:url\" content=\"https:\/\/obs-seesen.de\/?page_id=271\" \/>\n<meta property=\"og:site_name\" content=\"Oberschule Seesen\" \/>\n<script type=\"application\/ld+json\" class=\"yoast-schema-graph\">{\"@context\":\"https:\\\/\\\/schema.org\",\"@graph\":[{\"@type\":\"WebPage\",\"@id\":\"https:\\\/\\\/obs-seesen.de\\\/?page_id=271\",\"url\":\"https:\\\/\\\/obs-seesen.de\\\/?page_id=271\",\"name\":\"Pr\u00e4sentation der Oberschule Seesen - Oberschule Seesen\",\"isPartOf\":{\"@id\":\"https:\\\/\\\/obs-seesen.de\\\/#website\"},\"datePublished\":\"2014-11-26T19:41:40+00:00\",\"breadcrumb\":{\"@id\":\"https:\\\/\\\/obs-seesen.de\\\/?page_id=271#breadcrumb\"},\"inLanguage\":\"de\",\"potentialAction\":[{\"@type\":\"ReadAction\",\"target\":[\"https:\\\/\\\/obs-seesen.de\\\/?page_id=271\"]}]},{\"@type\":\"BreadcrumbList\",\"@id\":\"https:\\\/\\\/obs-seesen.de\\\/?page_id=271#breadcrumb\",\"itemListElement\":[{\"@type\":\"ListItem\",\"position\":1,\"name\":\"Home\",\"item\":\"https:\\\/\\\/obs-seesen.de\\\/\"},{\"@type\":\"ListItem\",\"position\":2,\"name\":\"\u00dcber uns\",\"item\":\"https:\\\/\\\/obs-seesen.de\\\/?page_id=41\"},{\"@type\":\"ListItem\",\"position\":3,\"name\":\"Pr\u00e4sentation der Oberschule Seesen\"}]},{\"@type\":\"WebSite\",\"@id\":\"https:\\\/\\\/obs-seesen.de\\\/#website\",\"url\":\"https:\\\/\\\/obs-seesen.de\\\/\",\"name\":\"Oberschule Seesen\",\"description\":\"seit 1884 | Ganztagsschule | mit gymnasialem Angebot | Sch\u00fclerfriedenspreis 2015\",\"potentialAction\":[{\"@type\":\"SearchAction\",\"target\":{\"@type\":\"EntryPoint\",\"urlTemplate\":\"https:\\\/\\\/obs-seesen.de\\\/?s={search_term_string}\"},\"query-input\":{\"@type\":\"PropertyValueSpecification\",\"valueRequired\":true,\"valueName\":\"search_term_string\"}}],\"inLanguage\":\"de\"}]}<\/script>\n<!-- \/ Yoast SEO plugin. -->","yoast_head_json":{"title":"Pr\u00e4sentation der Oberschule Seesen - Oberschule Seesen","robots":{"index":"index","follow":"follow","max-snippet":"max-snippet:-1","max-image-preview":"max-image-preview:large","max-video-preview":"max-video-preview:-1"},"canonical":"https:\/\/obs-seesen.de\/?page_id=271","og_locale":"de_DE","og_type":"article","og_title":"Pr\u00e4sentation der Oberschule Seesen - Oberschule Seesen","og_description":"&#8230; anl\u00e4sslich der Vorstellung in der Grundschule Jahnstra\u00dfe am 25.11.2014. Die Pr\u00e4sentation kann auch direkt bei PREZI abgerufen werden.","og_url":"https:\/\/obs-seesen.de\/?page_id=271","og_site_name":"Oberschule Seesen","schema":{"@context":"https:\/\/schema.org","@graph":[{"@type":"WebPage","@id":"https:\/\/obs-seesen.de\/?page_id=271","url":"https:\/\/obs-seesen.de\/?page_id=271","name":"Pr\u00e4sentation der Oberschule Seesen - Oberschule Seesen","isPartOf":{"@id":"https:\/\/obs-seesen.de\/#website"},"datePublished":"2014-11-26T19:41:40+00:00","breadcrumb":{"@id":"https:\/\/obs-seesen.de\/?page_id=271#breadcrumb"},"inLanguage":"de","potentialAction":[{"@type":"ReadAction","target":["https:\/\/obs-seesen.de\/?page_id=271"]}]},{"@type":"BreadcrumbList","@id":"https:\/\/obs-seesen.de\/?page_id=271#breadcrumb","itemListElement":[{"@type":"ListItem","position":1,"name":"Home","item":"https:\/\/obs-seesen.de\/"},{"@type":"ListItem","position":2,"name":"\u00dcber uns","item":"https:\/\/obs-seesen.de\/?page_id=41"},{"@type":"ListItem","position":3,"name":"Pr\u00e4sentation der Oberschule Seesen"}]},{"@type":"WebSite","@id":"https:\/\/obs-seesen.de\/#website","url":"https:\/\/obs-seesen.de\/","name":"Oberschule Seesen","description":"seit 1884 | Ganztagsschule | mit gymnasialem Angebot | Sch\u00fclerfriedenspreis 2015","potentialAction":[{"@type":"SearchAction","target":{"@type":"EntryPoint","urlTemplate":"https:\/\/obs-seesen.de\/?s={search_term_string}"},"query-input":{"@type":"PropertyValueSpecification","valueRequired":true,"valueName":"search_term_string"}}],"inLanguage":"de"}]}},"_links":{"self":[{"href":"https:\/\/obs-seesen.de\/index.php?rest_route=\/wp\/v2\/pages\/271","targetHints":{"allow":["GET"]}}],"collection":[{"href":"https:\/\/obs-seesen.de\/index.php?rest_route=\/wp\/v2\/pages"}],"about":[{"href":"https:\/\/obs-seesen.de\/index.php?rest_route=\/wp\/v2\/types\/page"}],"author":[{"embeddable":true,"href":"https:\/\/obs-seesen.de\/index.php?rest_route=\/wp\/v2\/users\/2"}],"replies":[{"embeddable":true,"href":"https:\/\/obs-seesen.de\/index.php?rest_route=%2Fwp%2Fv2%2Fcomments&post=271"}],"version-history":[{"count":2,"href":"https:\/\/obs-seesen.de\/index.php?rest_route=\/wp\/v2\/pages\/271\/revisions"}],"predecessor-version":[{"id":273,"href":"https:\/\/obs-seesen.de\/index.php?rest_route=\/wp\/v2\/pages\/271\/revisions\/273"}],"up":[{"embeddable":true,"href":"https:\/\/obs-seesen.de\/index.php?rest_route=\/wp\/v2\/pages\/41"}],"wp:attachment":[{"href":"https:\/\/obs-seesen.de\/index.php?rest_route=%2Fwp%2Fv2%2Fmedia&parent=271"}],"curies":[{"name":"wp","href":"https:\/\/api.w.org\/{rel}","templated":true}]}}