{"id":264,"date":"2014-11-14T10:28:23","date_gmt":"2014-11-14T09:28:23","guid":{"rendered":"http:\/\/obs-seesen.de\/?page_id=264"},"modified":"2023-10-26T13:53:23","modified_gmt":"2023-10-26T11:53:23","slug":"lesen","status":"publish","type":"page","link":"https:\/\/obs-seesen.de\/?page_id=264","title":{"rendered":"Lesewerkstatt"},"content":{"rendered":"<p>Unter dem Titel &#8222;Die ganze Schule liest&#8220; hat die Oberschule Seesen im Schuljahr 2014\/15 die Arbeit mit einem Konzept zur F\u00f6rderung der Lesekompetenz aufgenommen. In Jg. 5 und 6 liegt der F\u00f6rderschwerpunkt im Bereich der Lesekompetenz. Nach einem Eingangstest werden alle Sch\u00fclerinnen und Sch\u00fcler\u00a0 entsprechend ihrer Lesef\u00e4higkeit in kleine Gruppen eingeteilt. Daf\u00fcr werden zus\u00e4tzlich zum Deutschunterricht 2 Stunden pro Woche investiert.<\/p>\n<p>Die Erfahrungen im Unterricht belegen, was auch viele Untersuchungen gezeigt haben: Die Lesekomptenz ist eine Schl\u00fcsselkompetenz.<\/p>\n\n\n<figure class=\"wp-block-image size-large\"><img loading=\"lazy\" decoding=\"async\" width=\"1024\" height=\"718\" src=\"https:\/\/obs-seesen.de\/wp-content\/uploads\/2023\/10\/Postkarte-Liebe-Gruesse-aus-der-Lesewerkstatt-1024x718.jpg\" alt=\"\" class=\"wp-image-2940\" srcset=\"https:\/\/obs-seesen.de\/wp-content\/uploads\/2023\/10\/Postkarte-Liebe-Gruesse-aus-der-Lesewerkstatt-1024x718.jpg 1024w, https:\/\/obs-seesen.de\/wp-content\/uploads\/2023\/10\/Postkarte-Liebe-Gruesse-aus-der-Lesewerkstatt-300x210.jpg 300w, https:\/\/obs-seesen.de\/wp-content\/uploads\/2023\/10\/Postkarte-Liebe-Gruesse-aus-der-Lesewerkstatt-768x539.jpg 768w, https:\/\/obs-seesen.de\/wp-content\/uploads\/2023\/10\/Postkarte-Liebe-Gruesse-aus-der-Lesewerkstatt.jpg 1380w\" sizes=\"auto, (max-width: 1024px) 100vw, 1024px\" \/><\/figure>\n","protected":false},"excerpt":{"rendered":"<p>Unter dem Titel &#8222;Die ganze Schule liest&#8220; hat die Oberschule Seesen im Schuljahr 2014\/15 die Arbeit mit einem Konzept zur F\u00f6rderung der Lesekompetenz aufgenommen. In Jg. 5 und 6 liegt der F\u00f6rderschwerpunkt im Bereich der Lesekompetenz. Nach einem Eingangstest werden alle Sch\u00fclerinnen und Sch\u00fcler\u00a0 entsprechend ihrer Lesef\u00e4higkeit in kleine Gruppen eingeteilt. Daf\u00fcr werden zus\u00e4tzlich zum &hellip; <a href=\"https:\/\/obs-seesen.de\/?page_id=264\" class=\"more-link\"><span class=\"screen-reader-text\">Lesewerkstatt<\/span> weiterlesen <span class=\"meta-nav\">&rarr;<\/span><\/a><\/p>\n","protected":false},"author":2,"featured_media":0,"parent":52,"menu_order":0,"comment_status":"closed","ping_status":"closed","template":"","meta":{"footnotes":""},"class_list":["post-264","page","type-page","status-publish","hentry"],"yoast_head":"<!-- This site is optimized with the Yoast SEO plugin v27.3 - https:\/\/yoast.com\/product\/yoast-seo-wordpress\/ -->\n<title>Lesewerkstatt - Oberschule Seesen<\/title>\n<meta name=\"robots\" content=\"index, follow, max-snippet:-1, max-image-preview:large, max-video-preview:-1\" \/>\n<link rel=\"canonical\" href=\"https:\/\/obs-seesen.de\/?page_id=264\" \/>\n<meta property=\"og:locale\" content=\"de_DE\" \/>\n<meta property=\"og:type\" content=\"article\" \/>\n<meta property=\"og:title\" content=\"Lesewerkstatt - Oberschule Seesen\" \/>\n<meta property=\"og:description\" content=\"Unter dem Titel &#8222;Die ganze Schule liest&#8220; hat die Oberschule Seesen im Schuljahr 2014\/15 die Arbeit mit einem Konzept zur F\u00f6rderung der Lesekompetenz aufgenommen. In Jg. 5 und 6 liegt der F\u00f6rderschwerpunkt im Bereich der Lesekompetenz. Nach einem Eingangstest werden alle Sch\u00fclerinnen und Sch\u00fcler\u00a0 entsprechend ihrer Lesef\u00e4higkeit in kleine Gruppen eingeteilt. Daf\u00fcr werden zus\u00e4tzlich zum &hellip; Lesewerkstatt weiterlesen &rarr;\" \/>\n<meta property=\"og:url\" content=\"https:\/\/obs-seesen.de\/?page_id=264\" \/>\n<meta property=\"og:site_name\" content=\"Oberschule Seesen\" \/>\n<meta property=\"article:modified_time\" content=\"2023-10-26T11:53:23+00:00\" \/>\n<meta property=\"og:image\" content=\"https:\/\/obs-seesen.de\/wp-content\/uploads\/2023\/10\/Postkarte-Liebe-Gruesse-aus-der-Lesewerkstatt-1024x718.jpg\" \/>\n<meta name=\"twitter:label1\" content=\"Gesch\u00e4tzte Lesezeit\" \/>\n\t<meta name=\"twitter:data1\" content=\"1\u00a0Minute\" \/>\n<script type=\"application\/ld+json\" class=\"yoast-schema-graph\">{\"@context\":\"https:\\\/\\\/schema.org\",\"@graph\":[{\"@type\":\"WebPage\",\"@id\":\"https:\\\/\\\/obs-seesen.de\\\/?page_id=264\",\"url\":\"https:\\\/\\\/obs-seesen.de\\\/?page_id=264\",\"name\":\"Lesewerkstatt - Oberschule Seesen\",\"isPartOf\":{\"@id\":\"https:\\\/\\\/obs-seesen.de\\\/#website\"},\"primaryImageOfPage\":{\"@id\":\"https:\\\/\\\/obs-seesen.de\\\/?page_id=264#primaryimage\"},\"image\":{\"@id\":\"https:\\\/\\\/obs-seesen.de\\\/?page_id=264#primaryimage\"},\"thumbnailUrl\":\"https:\\\/\\\/obs-seesen.de\\\/wp-content\\\/uploads\\\/2023\\\/10\\\/Postkarte-Liebe-Gruesse-aus-der-Lesewerkstatt-1024x718.jpg\",\"datePublished\":\"2014-11-14T09:28:23+00:00\",\"dateModified\":\"2023-10-26T11:53:23+00:00\",\"breadcrumb\":{\"@id\":\"https:\\\/\\\/obs-seesen.de\\\/?page_id=264#breadcrumb\"},\"inLanguage\":\"de\",\"potentialAction\":[{\"@type\":\"ReadAction\",\"target\":[\"https:\\\/\\\/obs-seesen.de\\\/?page_id=264\"]}]},{\"@type\":\"ImageObject\",\"inLanguage\":\"de\",\"@id\":\"https:\\\/\\\/obs-seesen.de\\\/?page_id=264#primaryimage\",\"url\":\"https:\\\/\\\/obs-seesen.de\\\/wp-content\\\/uploads\\\/2023\\\/10\\\/Postkarte-Liebe-Gruesse-aus-der-Lesewerkstatt.jpg\",\"contentUrl\":\"https:\\\/\\\/obs-seesen.de\\\/wp-content\\\/uploads\\\/2023\\\/10\\\/Postkarte-Liebe-Gruesse-aus-der-Lesewerkstatt.jpg\",\"width\":1380,\"height\":968},{\"@type\":\"BreadcrumbList\",\"@id\":\"https:\\\/\\\/obs-seesen.de\\\/?page_id=264#breadcrumb\",\"itemListElement\":[{\"@type\":\"ListItem\",\"position\":1,\"name\":\"Home\",\"item\":\"https:\\\/\\\/obs-seesen.de\\\/\"},{\"@type\":\"ListItem\",\"position\":2,\"name\":\"Arbeitsschwerpunkte\",\"item\":\"https:\\\/\\\/obs-seesen.de\\\/?page_id=52\"},{\"@type\":\"ListItem\",\"position\":3,\"name\":\"Lesewerkstatt\"}]},{\"@type\":\"WebSite\",\"@id\":\"https:\\\/\\\/obs-seesen.de\\\/#website\",\"url\":\"https:\\\/\\\/obs-seesen.de\\\/\",\"name\":\"Oberschule Seesen\",\"description\":\"seit 1884 | Ganztagsschule | mit gymnasialem Angebot | Sch\u00fclerfriedenspreis 2015\",\"potentialAction\":[{\"@type\":\"SearchAction\",\"target\":{\"@type\":\"EntryPoint\",\"urlTemplate\":\"https:\\\/\\\/obs-seesen.de\\\/?s={search_term_string}\"},\"query-input\":{\"@type\":\"PropertyValueSpecification\",\"valueRequired\":true,\"valueName\":\"search_term_string\"}}],\"inLanguage\":\"de\"}]}<\/script>\n<!-- \/ Yoast SEO plugin. -->","yoast_head_json":{"title":"Lesewerkstatt - Oberschule Seesen","robots":{"index":"index","follow":"follow","max-snippet":"max-snippet:-1","max-image-preview":"max-image-preview:large","max-video-preview":"max-video-preview:-1"},"canonical":"https:\/\/obs-seesen.de\/?page_id=264","og_locale":"de_DE","og_type":"article","og_title":"Lesewerkstatt - Oberschule Seesen","og_description":"Unter dem Titel &#8222;Die ganze Schule liest&#8220; hat die Oberschule Seesen im Schuljahr 2014\/15 die Arbeit mit einem Konzept zur F\u00f6rderung der Lesekompetenz aufgenommen. In Jg. 5 und 6 liegt der F\u00f6rderschwerpunkt im Bereich der Lesekompetenz. Nach einem Eingangstest werden alle Sch\u00fclerinnen und Sch\u00fcler\u00a0 entsprechend ihrer Lesef\u00e4higkeit in kleine Gruppen eingeteilt. Daf\u00fcr werden zus\u00e4tzlich zum &hellip; Lesewerkstatt weiterlesen &rarr;","og_url":"https:\/\/obs-seesen.de\/?page_id=264","og_site_name":"Oberschule Seesen","article_modified_time":"2023-10-26T11:53:23+00:00","og_image":[{"url":"https:\/\/obs-seesen.de\/wp-content\/uploads\/2023\/10\/Postkarte-Liebe-Gruesse-aus-der-Lesewerkstatt-1024x718.jpg","type":"","width":"","height":""}],"twitter_misc":{"Gesch\u00e4tzte Lesezeit":"1\u00a0Minute"},"schema":{"@context":"https:\/\/schema.org","@graph":[{"@type":"WebPage","@id":"https:\/\/obs-seesen.de\/?page_id=264","url":"https:\/\/obs-seesen.de\/?page_id=264","name":"Lesewerkstatt - Oberschule Seesen","isPartOf":{"@id":"https:\/\/obs-seesen.de\/#website"},"primaryImageOfPage":{"@id":"https:\/\/obs-seesen.de\/?page_id=264#primaryimage"},"image":{"@id":"https:\/\/obs-seesen.de\/?page_id=264#primaryimage"},"thumbnailUrl":"https:\/\/obs-seesen.de\/wp-content\/uploads\/2023\/10\/Postkarte-Liebe-Gruesse-aus-der-Lesewerkstatt-1024x718.jpg","datePublished":"2014-11-14T09:28:23+00:00","dateModified":"2023-10-26T11:53:23+00:00","breadcrumb":{"@id":"https:\/\/obs-seesen.de\/?page_id=264#breadcrumb"},"inLanguage":"de","potentialAction":[{"@type":"ReadAction","target":["https:\/\/obs-seesen.de\/?page_id=264"]}]},{"@type":"ImageObject","inLanguage":"de","@id":"https:\/\/obs-seesen.de\/?page_id=264#primaryimage","url":"https:\/\/obs-seesen.de\/wp-content\/uploads\/2023\/10\/Postkarte-Liebe-Gruesse-aus-der-Lesewerkstatt.jpg","contentUrl":"https:\/\/obs-seesen.de\/wp-content\/uploads\/2023\/10\/Postkarte-Liebe-Gruesse-aus-der-Lesewerkstatt.jpg","width":1380,"height":968},{"@type":"BreadcrumbList","@id":"https:\/\/obs-seesen.de\/?page_id=264#breadcrumb","itemListElement":[{"@type":"ListItem","position":1,"name":"Home","item":"https:\/\/obs-seesen.de\/"},{"@type":"ListItem","position":2,"name":"Arbeitsschwerpunkte","item":"https:\/\/obs-seesen.de\/?page_id=52"},{"@type":"ListItem","position":3,"name":"Lesewerkstatt"}]},{"@type":"WebSite","@id":"https:\/\/obs-seesen.de\/#website","url":"https:\/\/obs-seesen.de\/","name":"Oberschule Seesen","description":"seit 1884 | Ganztagsschule | mit gymnasialem Angebot | Sch\u00fclerfriedenspreis 2015","potentialAction":[{"@type":"SearchAction","target":{"@type":"EntryPoint","urlTemplate":"https:\/\/obs-seesen.de\/?s={search_term_string}"},"query-input":{"@type":"PropertyValueSpecification","valueRequired":true,"valueName":"search_term_string"}}],"inLanguage":"de"}]}},"_links":{"self":[{"href":"https:\/\/obs-seesen.de\/index.php?rest_route=\/wp\/v2\/pages\/264","targetHints":{"allow":["GET"]}}],"collection":[{"href":"https:\/\/obs-seesen.de\/index.php?rest_route=\/wp\/v2\/pages"}],"about":[{"href":"https:\/\/obs-seesen.de\/index.php?rest_route=\/wp\/v2\/types\/page"}],"author":[{"embeddable":true,"href":"https:\/\/obs-seesen.de\/index.php?rest_route=\/wp\/v2\/users\/2"}],"replies":[{"embeddable":true,"href":"https:\/\/obs-seesen.de\/index.php?rest_route=%2Fwp%2Fv2%2Fcomments&post=264"}],"version-history":[{"count":5,"href":"https:\/\/obs-seesen.de\/index.php?rest_route=\/wp\/v2\/pages\/264\/revisions"}],"predecessor-version":[{"id":2972,"href":"https:\/\/obs-seesen.de\/index.php?rest_route=\/wp\/v2\/pages\/264\/revisions\/2972"}],"up":[{"embeddable":true,"href":"https:\/\/obs-seesen.de\/index.php?rest_route=\/wp\/v2\/pages\/52"}],"wp:attachment":[{"href":"https:\/\/obs-seesen.de\/index.php?rest_route=%2Fwp%2Fv2%2Fmedia&parent=264"}],"curies":[{"name":"wp","href":"https:\/\/api.w.org\/{rel}","templated":true}]}}