{"id":2627,"date":"2023-07-17T11:03:05","date_gmt":"2023-07-17T09:03:05","guid":{"rendered":"https:\/\/obs-seesen.de\/?page_id=2627"},"modified":"2023-07-17T11:03:06","modified_gmt":"2023-07-17T09:03:06","slug":"foerderverein","status":"publish","type":"page","link":"https:\/\/obs-seesen.de\/?page_id=2627","title":{"rendered":"F\u00f6rderverein"},"content":{"rendered":"<div class=\"wp-block-image\">\n<figure class=\"alignright size-full is-resized\"><img loading=\"lazy\" decoding=\"async\" src=\"https:\/\/obs-seesen.de\/wp-content\/uploads\/2023\/07\/foerderverein.png\" alt=\"\" class=\"wp-image-2628\" width=\"247\" height=\"210\" srcset=\"https:\/\/obs-seesen.de\/wp-content\/uploads\/2023\/07\/foerderverein.png 459w, https:\/\/obs-seesen.de\/wp-content\/uploads\/2023\/07\/foerderverein-300x255.png 300w\" sizes=\"auto, (max-width: 247px) 100vw, 247px\" \/><\/figure><\/div>\n\n\n<p>Der F\u00f6rderverein der Oberschule Seesen wurde bereits 1977 gegr\u00fcndet. Anlass war der Wunsch, den Kindern an der Schule den Schulalltag abwechslungsreicher gestalten zu k\u00f6nnen, auch da wo der Schuletat nicht ausreicht. Um auch weiterhin an unserer Schule positive Impulse geben zu k\u00f6nnen, bitten wir um Ihre Mitgliedschaft. Gern k\u00f6nnen Sie uns auch mit einer Spende unterst\u00fctzen. Auf Wunsch erhalten Sie eine Spendenquittung. Der Mitgliedsbeitrag kann in seiner H\u00f6he freiwillig bestimmt werden. Der Mindestbeitrag betr\u00e4gt 12 Euro pro Jahr. Jugendlichen (ab 14) steht eine beitragsfreie Mitgliedschaft offen.<\/p>\n\n\n\n<ul class=\"wp-block-list\">\n<li>1. Vorsitzende Hilla Padditz<\/li>\n\n\n\n<li>2. Vorsitzende Anita Kuhning<\/li>\n\n\n\n<li>Kassenwart Heidrun Hesse<\/li>\n\n\n\n<li>Schriftf\u00fchrerin Tanja Hantke<\/li>\n<\/ul>\n\n\n\n<p>Weitere Informationen erhalten Sie im Sekretariat der Schule (<a href=\"https:\/\/obs-seesen.de\/?page_id=17\">Kontakt<\/a>).<\/p>\n","protected":false},"excerpt":{"rendered":"<p>Der F\u00f6rderverein der Oberschule Seesen wurde bereits 1977 gegr\u00fcndet. Anlass war der Wunsch, den Kindern an der Schule den Schulalltag abwechslungsreicher gestalten zu k\u00f6nnen, auch da wo der Schuletat nicht ausreicht. Um auch weiterhin an unserer Schule positive Impulse geben zu k\u00f6nnen, bitten wir um Ihre Mitgliedschaft. Gern k\u00f6nnen Sie uns auch mit einer Spende &hellip; <a href=\"https:\/\/obs-seesen.de\/?page_id=2627\" class=\"more-link\"><span class=\"screen-reader-text\">F\u00f6rderverein<\/span> weiterlesen <span class=\"meta-nav\">&rarr;<\/span><\/a><\/p>\n","protected":false},"author":2,"featured_media":0,"parent":41,"menu_order":0,"comment_status":"closed","ping_status":"closed","template":"","meta":{"footnotes":""},"class_list":["post-2627","page","type-page","status-publish","hentry"],"yoast_head":"<!-- This site is optimized with the Yoast SEO plugin v27.3 - https:\/\/yoast.com\/product\/yoast-seo-wordpress\/ -->\n<title>F\u00f6rderverein - Oberschule Seesen<\/title>\n<meta name=\"robots\" content=\"index, follow, max-snippet:-1, max-image-preview:large, max-video-preview:-1\" \/>\n<link rel=\"canonical\" href=\"https:\/\/obs-seesen.de\/?page_id=2627\" \/>\n<meta property=\"og:locale\" content=\"de_DE\" \/>\n<meta property=\"og:type\" content=\"article\" \/>\n<meta property=\"og:title\" content=\"F\u00f6rderverein - Oberschule Seesen\" \/>\n<meta property=\"og:description\" content=\"Der F\u00f6rderverein der Oberschule Seesen wurde bereits 1977 gegr\u00fcndet. Anlass war der Wunsch, den Kindern an der Schule den Schulalltag abwechslungsreicher gestalten zu k\u00f6nnen, auch da wo der Schuletat nicht ausreicht. Um auch weiterhin an unserer Schule positive Impulse geben zu k\u00f6nnen, bitten wir um Ihre Mitgliedschaft. Gern k\u00f6nnen Sie uns auch mit einer Spende &hellip; F\u00f6rderverein weiterlesen &rarr;\" \/>\n<meta property=\"og:url\" content=\"https:\/\/obs-seesen.de\/?page_id=2627\" \/>\n<meta property=\"og:site_name\" content=\"Oberschule Seesen\" \/>\n<meta property=\"article:modified_time\" content=\"2023-07-17T09:03:06+00:00\" \/>\n<meta property=\"og:image\" content=\"https:\/\/obs-seesen.de\/wp-content\/uploads\/2023\/07\/foerderverein.png\" \/>\n<meta name=\"twitter:label1\" content=\"Gesch\u00e4tzte Lesezeit\" \/>\n\t<meta name=\"twitter:data1\" content=\"1\u00a0Minute\" \/>\n<script type=\"application\/ld+json\" class=\"yoast-schema-graph\">{\"@context\":\"https:\\\/\\\/schema.org\",\"@graph\":[{\"@type\":\"WebPage\",\"@id\":\"https:\\\/\\\/obs-seesen.de\\\/?page_id=2627\",\"url\":\"https:\\\/\\\/obs-seesen.de\\\/?page_id=2627\",\"name\":\"F\u00f6rderverein - Oberschule Seesen\",\"isPartOf\":{\"@id\":\"https:\\\/\\\/obs-seesen.de\\\/#website\"},\"primaryImageOfPage\":{\"@id\":\"https:\\\/\\\/obs-seesen.de\\\/?page_id=2627#primaryimage\"},\"image\":{\"@id\":\"https:\\\/\\\/obs-seesen.de\\\/?page_id=2627#primaryimage\"},\"thumbnailUrl\":\"https:\\\/\\\/obs-seesen.de\\\/wp-content\\\/uploads\\\/2023\\\/07\\\/foerderverein.png\",\"datePublished\":\"2023-07-17T09:03:05+00:00\",\"dateModified\":\"2023-07-17T09:03:06+00:00\",\"breadcrumb\":{\"@id\":\"https:\\\/\\\/obs-seesen.de\\\/?page_id=2627#breadcrumb\"},\"inLanguage\":\"de\",\"potentialAction\":[{\"@type\":\"ReadAction\",\"target\":[\"https:\\\/\\\/obs-seesen.de\\\/?page_id=2627\"]}]},{\"@type\":\"ImageObject\",\"inLanguage\":\"de\",\"@id\":\"https:\\\/\\\/obs-seesen.de\\\/?page_id=2627#primaryimage\",\"url\":\"https:\\\/\\\/obs-seesen.de\\\/wp-content\\\/uploads\\\/2023\\\/07\\\/foerderverein.png\",\"contentUrl\":\"https:\\\/\\\/obs-seesen.de\\\/wp-content\\\/uploads\\\/2023\\\/07\\\/foerderverein.png\",\"width\":459,\"height\":390},{\"@type\":\"BreadcrumbList\",\"@id\":\"https:\\\/\\\/obs-seesen.de\\\/?page_id=2627#breadcrumb\",\"itemListElement\":[{\"@type\":\"ListItem\",\"position\":1,\"name\":\"Home\",\"item\":\"https:\\\/\\\/obs-seesen.de\\\/\"},{\"@type\":\"ListItem\",\"position\":2,\"name\":\"\u00dcber uns\",\"item\":\"https:\\\/\\\/obs-seesen.de\\\/?page_id=41\"},{\"@type\":\"ListItem\",\"position\":3,\"name\":\"F\u00f6rderverein\"}]},{\"@type\":\"WebSite\",\"@id\":\"https:\\\/\\\/obs-seesen.de\\\/#website\",\"url\":\"https:\\\/\\\/obs-seesen.de\\\/\",\"name\":\"Oberschule Seesen\",\"description\":\"seit 1884 | Ganztagsschule | mit gymnasialem Angebot | Sch\u00fclerfriedenspreis 2015\",\"potentialAction\":[{\"@type\":\"SearchAction\",\"target\":{\"@type\":\"EntryPoint\",\"urlTemplate\":\"https:\\\/\\\/obs-seesen.de\\\/?s={search_term_string}\"},\"query-input\":{\"@type\":\"PropertyValueSpecification\",\"valueRequired\":true,\"valueName\":\"search_term_string\"}}],\"inLanguage\":\"de\"}]}<\/script>\n<!-- \/ Yoast SEO plugin. -->","yoast_head_json":{"title":"F\u00f6rderverein - Oberschule Seesen","robots":{"index":"index","follow":"follow","max-snippet":"max-snippet:-1","max-image-preview":"max-image-preview:large","max-video-preview":"max-video-preview:-1"},"canonical":"https:\/\/obs-seesen.de\/?page_id=2627","og_locale":"de_DE","og_type":"article","og_title":"F\u00f6rderverein - Oberschule Seesen","og_description":"Der F\u00f6rderverein der Oberschule Seesen wurde bereits 1977 gegr\u00fcndet. Anlass war der Wunsch, den Kindern an der Schule den Schulalltag abwechslungsreicher gestalten zu k\u00f6nnen, auch da wo der Schuletat nicht ausreicht. Um auch weiterhin an unserer Schule positive Impulse geben zu k\u00f6nnen, bitten wir um Ihre Mitgliedschaft. Gern k\u00f6nnen Sie uns auch mit einer Spende &hellip; F\u00f6rderverein weiterlesen &rarr;","og_url":"https:\/\/obs-seesen.de\/?page_id=2627","og_site_name":"Oberschule Seesen","article_modified_time":"2023-07-17T09:03:06+00:00","og_image":[{"url":"https:\/\/obs-seesen.de\/wp-content\/uploads\/2023\/07\/foerderverein.png","type":"","width":"","height":""}],"twitter_misc":{"Gesch\u00e4tzte Lesezeit":"1\u00a0Minute"},"schema":{"@context":"https:\/\/schema.org","@graph":[{"@type":"WebPage","@id":"https:\/\/obs-seesen.de\/?page_id=2627","url":"https:\/\/obs-seesen.de\/?page_id=2627","name":"F\u00f6rderverein - Oberschule Seesen","isPartOf":{"@id":"https:\/\/obs-seesen.de\/#website"},"primaryImageOfPage":{"@id":"https:\/\/obs-seesen.de\/?page_id=2627#primaryimage"},"image":{"@id":"https:\/\/obs-seesen.de\/?page_id=2627#primaryimage"},"thumbnailUrl":"https:\/\/obs-seesen.de\/wp-content\/uploads\/2023\/07\/foerderverein.png","datePublished":"2023-07-17T09:03:05+00:00","dateModified":"2023-07-17T09:03:06+00:00","breadcrumb":{"@id":"https:\/\/obs-seesen.de\/?page_id=2627#breadcrumb"},"inLanguage":"de","potentialAction":[{"@type":"ReadAction","target":["https:\/\/obs-seesen.de\/?page_id=2627"]}]},{"@type":"ImageObject","inLanguage":"de","@id":"https:\/\/obs-seesen.de\/?page_id=2627#primaryimage","url":"https:\/\/obs-seesen.de\/wp-content\/uploads\/2023\/07\/foerderverein.png","contentUrl":"https:\/\/obs-seesen.de\/wp-content\/uploads\/2023\/07\/foerderverein.png","width":459,"height":390},{"@type":"BreadcrumbList","@id":"https:\/\/obs-seesen.de\/?page_id=2627#breadcrumb","itemListElement":[{"@type":"ListItem","position":1,"name":"Home","item":"https:\/\/obs-seesen.de\/"},{"@type":"ListItem","position":2,"name":"\u00dcber uns","item":"https:\/\/obs-seesen.de\/?page_id=41"},{"@type":"ListItem","position":3,"name":"F\u00f6rderverein"}]},{"@type":"WebSite","@id":"https:\/\/obs-seesen.de\/#website","url":"https:\/\/obs-seesen.de\/","name":"Oberschule Seesen","description":"seit 1884 | Ganztagsschule | mit gymnasialem Angebot | Sch\u00fclerfriedenspreis 2015","potentialAction":[{"@type":"SearchAction","target":{"@type":"EntryPoint","urlTemplate":"https:\/\/obs-seesen.de\/?s={search_term_string}"},"query-input":{"@type":"PropertyValueSpecification","valueRequired":true,"valueName":"search_term_string"}}],"inLanguage":"de"}]}},"_links":{"self":[{"href":"https:\/\/obs-seesen.de\/index.php?rest_route=\/wp\/v2\/pages\/2627","targetHints":{"allow":["GET"]}}],"collection":[{"href":"https:\/\/obs-seesen.de\/index.php?rest_route=\/wp\/v2\/pages"}],"about":[{"href":"https:\/\/obs-seesen.de\/index.php?rest_route=\/wp\/v2\/types\/page"}],"author":[{"embeddable":true,"href":"https:\/\/obs-seesen.de\/index.php?rest_route=\/wp\/v2\/users\/2"}],"replies":[{"embeddable":true,"href":"https:\/\/obs-seesen.de\/index.php?rest_route=%2Fwp%2Fv2%2Fcomments&post=2627"}],"version-history":[{"count":1,"href":"https:\/\/obs-seesen.de\/index.php?rest_route=\/wp\/v2\/pages\/2627\/revisions"}],"predecessor-version":[{"id":2629,"href":"https:\/\/obs-seesen.de\/index.php?rest_route=\/wp\/v2\/pages\/2627\/revisions\/2629"}],"up":[{"embeddable":true,"href":"https:\/\/obs-seesen.de\/index.php?rest_route=\/wp\/v2\/pages\/41"}],"wp:attachment":[{"href":"https:\/\/obs-seesen.de\/index.php?rest_route=%2Fwp%2Fv2%2Fmedia&parent=2627"}],"curies":[{"name":"wp","href":"https:\/\/api.w.org\/{rel}","templated":true}]}}