{"id":2434,"date":"2022-02-11T14:09:12","date_gmt":"2022-02-11T13:09:12","guid":{"rendered":"https:\/\/obs-seesen.de\/?page_id=2434"},"modified":"2022-02-11T14:09:13","modified_gmt":"2022-02-11T13:09:13","slug":"schliessfach-mieten","status":"publish","type":"page","link":"https:\/\/obs-seesen.de\/?page_id=2434","title":{"rendered":"Schlie\u00dffach mieten"},"content":{"rendered":"\n<p>Die Firma MIETRA vermietet in unserer Schule kostenpflichtig Schlie\u00dff\u00e4cher. <\/p>\n\n\n\n<p>Buchen Sie Ihr Schlie\u00dffach unter <a href=\"http:\/\/www.mietra.de\">www.mietra.de<\/a>. Hier geht es direkt zur <a href=\"https:\/\/serviceportal.schliessfaecher.de\/schliessfach-mieten?School=Oberschule+Seesen&amp;Place=Seesen\">Schlie\u00dffach-Anmeldung<\/a> f\u00fcr die ObS Seesen (<a href=\"https:\/\/serviceportal.schliessfaecher.de\/schliessfach-mieten?School=Oberschule+Seesen&amp;Place=Seesen\">https:\/\/serviceportal.schliessfaecher.de\/schliessfach-mieten?School=Oberschule+Seesen&amp;Place=Seesen<\/a>).<\/p>\n\n\n\n<p>Die Nutzung der Schlie\u00dff\u00e4cher ist freiwillig.<\/p>\n","protected":false},"excerpt":{"rendered":"<p>Die Firma MIETRA vermietet in unserer Schule kostenpflichtig Schlie\u00dff\u00e4cher. Buchen Sie Ihr Schlie\u00dffach unter www.mietra.de. Hier geht es direkt zur Schlie\u00dffach-Anmeldung f\u00fcr die ObS Seesen (https:\/\/serviceportal.schliessfaecher.de\/schliessfach-mieten?School=Oberschule+Seesen&amp;Place=Seesen). Die Nutzung der Schlie\u00dff\u00e4cher ist freiwillig.<\/p>\n","protected":false},"author":2,"featured_media":0,"parent":41,"menu_order":24,"comment_status":"closed","ping_status":"closed","template":"","meta":{"footnotes":""},"class_list":["post-2434","page","type-page","status-publish","hentry"],"yoast_head":"<!-- This site is optimized with the Yoast SEO plugin v27.3 - https:\/\/yoast.com\/product\/yoast-seo-wordpress\/ -->\n<title>Schlie\u00dffach mieten - Oberschule Seesen<\/title>\n<meta name=\"robots\" content=\"index, follow, max-snippet:-1, max-image-preview:large, max-video-preview:-1\" \/>\n<link rel=\"canonical\" href=\"https:\/\/obs-seesen.de\/?page_id=2434\" \/>\n<meta property=\"og:locale\" content=\"de_DE\" \/>\n<meta property=\"og:type\" content=\"article\" \/>\n<meta property=\"og:title\" content=\"Schlie\u00dffach mieten - Oberschule Seesen\" \/>\n<meta property=\"og:description\" content=\"Die Firma MIETRA vermietet in unserer Schule kostenpflichtig Schlie\u00dff\u00e4cher. Buchen Sie Ihr Schlie\u00dffach unter www.mietra.de. Hier geht es direkt zur Schlie\u00dffach-Anmeldung f\u00fcr die ObS Seesen (https:\/\/serviceportal.schliessfaecher.de\/schliessfach-mieten?School=Oberschule+Seesen&amp;Place=Seesen). Die Nutzung der Schlie\u00dff\u00e4cher ist freiwillig.\" \/>\n<meta property=\"og:url\" content=\"https:\/\/obs-seesen.de\/?page_id=2434\" \/>\n<meta property=\"og:site_name\" content=\"Oberschule Seesen\" \/>\n<meta property=\"article:modified_time\" content=\"2022-02-11T13:09:13+00:00\" \/>\n<meta name=\"twitter:label1\" content=\"Gesch\u00e4tzte Lesezeit\" \/>\n\t<meta name=\"twitter:data1\" content=\"1\u00a0Minute\" \/>\n<script type=\"application\/ld+json\" class=\"yoast-schema-graph\">{\"@context\":\"https:\\\/\\\/schema.org\",\"@graph\":[{\"@type\":\"WebPage\",\"@id\":\"https:\\\/\\\/obs-seesen.de\\\/?page_id=2434\",\"url\":\"https:\\\/\\\/obs-seesen.de\\\/?page_id=2434\",\"name\":\"Schlie\u00dffach mieten - Oberschule Seesen\",\"isPartOf\":{\"@id\":\"https:\\\/\\\/obs-seesen.de\\\/#website\"},\"datePublished\":\"2022-02-11T13:09:12+00:00\",\"dateModified\":\"2022-02-11T13:09:13+00:00\",\"breadcrumb\":{\"@id\":\"https:\\\/\\\/obs-seesen.de\\\/?page_id=2434#breadcrumb\"},\"inLanguage\":\"de\",\"potentialAction\":[{\"@type\":\"ReadAction\",\"target\":[\"https:\\\/\\\/obs-seesen.de\\\/?page_id=2434\"]}]},{\"@type\":\"BreadcrumbList\",\"@id\":\"https:\\\/\\\/obs-seesen.de\\\/?page_id=2434#breadcrumb\",\"itemListElement\":[{\"@type\":\"ListItem\",\"position\":1,\"name\":\"Home\",\"item\":\"https:\\\/\\\/obs-seesen.de\\\/\"},{\"@type\":\"ListItem\",\"position\":2,\"name\":\"\u00dcber uns\",\"item\":\"https:\\\/\\\/obs-seesen.de\\\/?page_id=41\"},{\"@type\":\"ListItem\",\"position\":3,\"name\":\"Schlie\u00dffach mieten\"}]},{\"@type\":\"WebSite\",\"@id\":\"https:\\\/\\\/obs-seesen.de\\\/#website\",\"url\":\"https:\\\/\\\/obs-seesen.de\\\/\",\"name\":\"Oberschule Seesen\",\"description\":\"seit 1884 | Ganztagsschule | mit gymnasialem Angebot | Sch\u00fclerfriedenspreis 2015\",\"potentialAction\":[{\"@type\":\"SearchAction\",\"target\":{\"@type\":\"EntryPoint\",\"urlTemplate\":\"https:\\\/\\\/obs-seesen.de\\\/?s={search_term_string}\"},\"query-input\":{\"@type\":\"PropertyValueSpecification\",\"valueRequired\":true,\"valueName\":\"search_term_string\"}}],\"inLanguage\":\"de\"}]}<\/script>\n<!-- \/ Yoast SEO plugin. -->","yoast_head_json":{"title":"Schlie\u00dffach mieten - Oberschule Seesen","robots":{"index":"index","follow":"follow","max-snippet":"max-snippet:-1","max-image-preview":"max-image-preview:large","max-video-preview":"max-video-preview:-1"},"canonical":"https:\/\/obs-seesen.de\/?page_id=2434","og_locale":"de_DE","og_type":"article","og_title":"Schlie\u00dffach mieten - Oberschule Seesen","og_description":"Die Firma MIETRA vermietet in unserer Schule kostenpflichtig Schlie\u00dff\u00e4cher. Buchen Sie Ihr Schlie\u00dffach unter www.mietra.de. Hier geht es direkt zur Schlie\u00dffach-Anmeldung f\u00fcr die ObS Seesen (https:\/\/serviceportal.schliessfaecher.de\/schliessfach-mieten?School=Oberschule+Seesen&amp;Place=Seesen). Die Nutzung der Schlie\u00dff\u00e4cher ist freiwillig.","og_url":"https:\/\/obs-seesen.de\/?page_id=2434","og_site_name":"Oberschule Seesen","article_modified_time":"2022-02-11T13:09:13+00:00","twitter_misc":{"Gesch\u00e4tzte Lesezeit":"1\u00a0Minute"},"schema":{"@context":"https:\/\/schema.org","@graph":[{"@type":"WebPage","@id":"https:\/\/obs-seesen.de\/?page_id=2434","url":"https:\/\/obs-seesen.de\/?page_id=2434","name":"Schlie\u00dffach mieten - Oberschule Seesen","isPartOf":{"@id":"https:\/\/obs-seesen.de\/#website"},"datePublished":"2022-02-11T13:09:12+00:00","dateModified":"2022-02-11T13:09:13+00:00","breadcrumb":{"@id":"https:\/\/obs-seesen.de\/?page_id=2434#breadcrumb"},"inLanguage":"de","potentialAction":[{"@type":"ReadAction","target":["https:\/\/obs-seesen.de\/?page_id=2434"]}]},{"@type":"BreadcrumbList","@id":"https:\/\/obs-seesen.de\/?page_id=2434#breadcrumb","itemListElement":[{"@type":"ListItem","position":1,"name":"Home","item":"https:\/\/obs-seesen.de\/"},{"@type":"ListItem","position":2,"name":"\u00dcber uns","item":"https:\/\/obs-seesen.de\/?page_id=41"},{"@type":"ListItem","position":3,"name":"Schlie\u00dffach mieten"}]},{"@type":"WebSite","@id":"https:\/\/obs-seesen.de\/#website","url":"https:\/\/obs-seesen.de\/","name":"Oberschule Seesen","description":"seit 1884 | Ganztagsschule | mit gymnasialem Angebot | Sch\u00fclerfriedenspreis 2015","potentialAction":[{"@type":"SearchAction","target":{"@type":"EntryPoint","urlTemplate":"https:\/\/obs-seesen.de\/?s={search_term_string}"},"query-input":{"@type":"PropertyValueSpecification","valueRequired":true,"valueName":"search_term_string"}}],"inLanguage":"de"}]}},"_links":{"self":[{"href":"https:\/\/obs-seesen.de\/index.php?rest_route=\/wp\/v2\/pages\/2434","targetHints":{"allow":["GET"]}}],"collection":[{"href":"https:\/\/obs-seesen.de\/index.php?rest_route=\/wp\/v2\/pages"}],"about":[{"href":"https:\/\/obs-seesen.de\/index.php?rest_route=\/wp\/v2\/types\/page"}],"author":[{"embeddable":true,"href":"https:\/\/obs-seesen.de\/index.php?rest_route=\/wp\/v2\/users\/2"}],"replies":[{"embeddable":true,"href":"https:\/\/obs-seesen.de\/index.php?rest_route=%2Fwp%2Fv2%2Fcomments&post=2434"}],"version-history":[{"count":1,"href":"https:\/\/obs-seesen.de\/index.php?rest_route=\/wp\/v2\/pages\/2434\/revisions"}],"predecessor-version":[{"id":2435,"href":"https:\/\/obs-seesen.de\/index.php?rest_route=\/wp\/v2\/pages\/2434\/revisions\/2435"}],"up":[{"embeddable":true,"href":"https:\/\/obs-seesen.de\/index.php?rest_route=\/wp\/v2\/pages\/41"}],"wp:attachment":[{"href":"https:\/\/obs-seesen.de\/index.php?rest_route=%2Fwp%2Fv2%2Fmedia&parent=2434"}],"curies":[{"name":"wp","href":"https:\/\/api.w.org\/{rel}","templated":true}]}}