{"id":1576,"date":"2019-05-03T15:53:24","date_gmt":"2019-05-03T13:53:24","guid":{"rendered":"http:\/\/obs-seesen.de\/?page_id=1576"},"modified":"2020-08-12T09:06:26","modified_gmt":"2020-08-12T07:06:26","slug":"schulbuecher","status":"publish","type":"page","link":"https:\/\/obs-seesen.de\/?page_id=1576","title":{"rendered":"Schulb\u00fccher"},"content":{"rendered":"\n<div class=\"wp-block-image\"><figure class=\"alignright size-large is-resized\"><img loading=\"lazy\" decoding=\"async\" src=\"https:\/\/obs-seesen.de\/wp-content\/uploads\/2019\/02\/IServ_Logo_klein_RGB_clean-1024x324.png\" alt=\"\" class=\"wp-image-1478\" width=\"194\" height=\"61\" srcset=\"https:\/\/obs-seesen.de\/wp-content\/uploads\/2019\/02\/IServ_Logo_klein_RGB_clean-1024x324.png 1024w, https:\/\/obs-seesen.de\/wp-content\/uploads\/2019\/02\/IServ_Logo_klein_RGB_clean-300x95.png 300w, https:\/\/obs-seesen.de\/wp-content\/uploads\/2019\/02\/IServ_Logo_klein_RGB_clean-768x243.png 768w\" sizes=\"auto, (max-width: 194px) 100vw, 194px\" \/><\/figure><\/div>\n\n\n\n<p>Wir verwenden ein <strong><em>online-Leihverfahren<\/em><\/strong>. Die Anmeldung erfolgt bei IServ, die Abgabe einer schriftlichen Anmeldung ist nicht notwendig. Melden Sie sich bitte mit den Zugangsdaten Ihres Kindes im IServ-System unserer Schule unter <a href=\"https:\/\/sz-seesen.de \">https:\/\/sz-seesen.de <\/a>an. Sie k\u00f6nnen nat\u00fcrlich auch die IServ-App benutzen. W\u00e4hlen Sie den Men\u00fcpunkt \u201eSchulb\u00fccher\u201c (ggf. unter \u201ealle Module\u201c) und dann die Option \u201eAnmelden\u201c. Anschlie\u00dfend werden Sie schrittweise durch die Anmeldeprozedur gef\u00fchrt.<\/p>\n\n\n\n<p>Sollte Ihr Kind \u00fcber keinen IServ-Zugang verf\u00fcgen, z.B. weil Sie Ihr Kind neu an unserer Schule angemeldet haben, so ist die Anmeldung auch unter der Adresse <a href=\"https:\/\/sz-seesen.de\/buecher\">https:\/\/sz seesen.de\/buecher <\/a>m\u00f6glich.<\/p>\n\n\n\n<p><strong>Bei IServ und unter <a href=\"https:\/\/sz-seesen.de\/buecher\">https:\/\/sz seesen.de\/buecher <\/a>finden Sie auch alle Schulbuchlisten. <\/strong><\/p>\n\n\n\n<p>Falls Sie Anspruch auf die reduzierte Leihgeb\u00fchr oder die \u00dcbernahme der Kosten haben, so wird Ihnen w\u00e4hrend des Anmeldevorgangs mitgeteilt, welche Nachweise Sie hierf\u00fcr anschlie\u00dfend noch einreichen m\u00fcssen. Geben Sie diese bitte rechtzeitig im Sekretariat ab. Bei der \u00dcberweisung achten Sie bitte darauf, den bei der Anmeldung genannten Zahlungszweck ohne weitere Zus\u00e4tze zu verwenden.<\/p>\n\n\n\n<p><\/p>\n","protected":false},"excerpt":{"rendered":"<p>Wir verwenden ein online-Leihverfahren. Die Anmeldung erfolgt bei IServ, die Abgabe einer schriftlichen Anmeldung ist nicht notwendig. Melden Sie sich bitte mit den Zugangsdaten Ihres Kindes im IServ-System unserer Schule unter https:\/\/sz-seesen.de an. Sie k\u00f6nnen nat\u00fcrlich auch die IServ-App benutzen. W\u00e4hlen Sie den Men\u00fcpunkt \u201eSchulb\u00fccher\u201c (ggf. unter \u201ealle Module\u201c) und dann die Option \u201eAnmelden\u201c. Anschlie\u00dfend &hellip; <a href=\"https:\/\/obs-seesen.de\/?page_id=1576\" class=\"more-link\"><span class=\"screen-reader-text\">Schulb\u00fccher<\/span> weiterlesen <span class=\"meta-nav\">&rarr;<\/span><\/a><\/p>\n","protected":false},"author":2,"featured_media":0,"parent":0,"menu_order":0,"comment_status":"closed","ping_status":"closed","template":"","meta":{"footnotes":""},"class_list":["post-1576","page","type-page","status-publish","hentry"],"yoast_head":"<!-- This site is optimized with the Yoast SEO plugin v27.3 - https:\/\/yoast.com\/product\/yoast-seo-wordpress\/ -->\n<title>Schulb\u00fccher - Oberschule Seesen<\/title>\n<meta name=\"robots\" content=\"index, follow, max-snippet:-1, max-image-preview:large, max-video-preview:-1\" \/>\n<link rel=\"canonical\" href=\"https:\/\/obs-seesen.de\/?page_id=1576\" \/>\n<meta property=\"og:locale\" content=\"de_DE\" \/>\n<meta property=\"og:type\" content=\"article\" \/>\n<meta property=\"og:title\" content=\"Schulb\u00fccher - Oberschule Seesen\" \/>\n<meta property=\"og:description\" content=\"Wir verwenden ein online-Leihverfahren. Die Anmeldung erfolgt bei IServ, die Abgabe einer schriftlichen Anmeldung ist nicht notwendig. Melden Sie sich bitte mit den Zugangsdaten Ihres Kindes im IServ-System unserer Schule unter https:\/\/sz-seesen.de an. Sie k\u00f6nnen nat\u00fcrlich auch die IServ-App benutzen. W\u00e4hlen Sie den Men\u00fcpunkt \u201eSchulb\u00fccher\u201c (ggf. unter \u201ealle Module\u201c) und dann die Option \u201eAnmelden\u201c. Anschlie\u00dfend &hellip; Schulb\u00fccher weiterlesen &rarr;\" \/>\n<meta property=\"og:url\" content=\"https:\/\/obs-seesen.de\/?page_id=1576\" \/>\n<meta property=\"og:site_name\" content=\"Oberschule Seesen\" \/>\n<meta property=\"article:modified_time\" content=\"2020-08-12T07:06:26+00:00\" \/>\n<meta property=\"og:image\" content=\"https:\/\/obs-seesen.de\/wp-content\/uploads\/2019\/02\/IServ_Logo_klein_RGB_clean-1024x324.png\" \/>\n<meta name=\"twitter:label1\" content=\"Gesch\u00e4tzte Lesezeit\" \/>\n\t<meta name=\"twitter:data1\" content=\"1\u00a0Minute\" \/>\n<script type=\"application\/ld+json\" class=\"yoast-schema-graph\">{\"@context\":\"https:\\\/\\\/schema.org\",\"@graph\":[{\"@type\":\"WebPage\",\"@id\":\"https:\\\/\\\/obs-seesen.de\\\/?page_id=1576\",\"url\":\"https:\\\/\\\/obs-seesen.de\\\/?page_id=1576\",\"name\":\"Schulb\u00fccher - Oberschule Seesen\",\"isPartOf\":{\"@id\":\"https:\\\/\\\/obs-seesen.de\\\/#website\"},\"primaryImageOfPage\":{\"@id\":\"https:\\\/\\\/obs-seesen.de\\\/?page_id=1576#primaryimage\"},\"image\":{\"@id\":\"https:\\\/\\\/obs-seesen.de\\\/?page_id=1576#primaryimage\"},\"thumbnailUrl\":\"https:\\\/\\\/obs-seesen.de\\\/wp-content\\\/uploads\\\/2019\\\/02\\\/IServ_Logo_klein_RGB_clean-1024x324.png\",\"datePublished\":\"2019-05-03T13:53:24+00:00\",\"dateModified\":\"2020-08-12T07:06:26+00:00\",\"breadcrumb\":{\"@id\":\"https:\\\/\\\/obs-seesen.de\\\/?page_id=1576#breadcrumb\"},\"inLanguage\":\"de\",\"potentialAction\":[{\"@type\":\"ReadAction\",\"target\":[\"https:\\\/\\\/obs-seesen.de\\\/?page_id=1576\"]}]},{\"@type\":\"ImageObject\",\"inLanguage\":\"de\",\"@id\":\"https:\\\/\\\/obs-seesen.de\\\/?page_id=1576#primaryimage\",\"url\":\"https:\\\/\\\/obs-seesen.de\\\/wp-content\\\/uploads\\\/2019\\\/02\\\/IServ_Logo_klein_RGB_clean.png\",\"contentUrl\":\"https:\\\/\\\/obs-seesen.de\\\/wp-content\\\/uploads\\\/2019\\\/02\\\/IServ_Logo_klein_RGB_clean.png\",\"width\":4096,\"height\":1296},{\"@type\":\"BreadcrumbList\",\"@id\":\"https:\\\/\\\/obs-seesen.de\\\/?page_id=1576#breadcrumb\",\"itemListElement\":[{\"@type\":\"ListItem\",\"position\":1,\"name\":\"Home\",\"item\":\"https:\\\/\\\/obs-seesen.de\\\/\"},{\"@type\":\"ListItem\",\"position\":2,\"name\":\"Schulb\u00fccher\"}]},{\"@type\":\"WebSite\",\"@id\":\"https:\\\/\\\/obs-seesen.de\\\/#website\",\"url\":\"https:\\\/\\\/obs-seesen.de\\\/\",\"name\":\"Oberschule Seesen\",\"description\":\"seit 1884 | Ganztagsschule | mit gymnasialem Angebot | Sch\u00fclerfriedenspreis 2015\",\"potentialAction\":[{\"@type\":\"SearchAction\",\"target\":{\"@type\":\"EntryPoint\",\"urlTemplate\":\"https:\\\/\\\/obs-seesen.de\\\/?s={search_term_string}\"},\"query-input\":{\"@type\":\"PropertyValueSpecification\",\"valueRequired\":true,\"valueName\":\"search_term_string\"}}],\"inLanguage\":\"de\"}]}<\/script>\n<!-- \/ Yoast SEO plugin. -->","yoast_head_json":{"title":"Schulb\u00fccher - Oberschule Seesen","robots":{"index":"index","follow":"follow","max-snippet":"max-snippet:-1","max-image-preview":"max-image-preview:large","max-video-preview":"max-video-preview:-1"},"canonical":"https:\/\/obs-seesen.de\/?page_id=1576","og_locale":"de_DE","og_type":"article","og_title":"Schulb\u00fccher - Oberschule Seesen","og_description":"Wir verwenden ein online-Leihverfahren. Die Anmeldung erfolgt bei IServ, die Abgabe einer schriftlichen Anmeldung ist nicht notwendig. Melden Sie sich bitte mit den Zugangsdaten Ihres Kindes im IServ-System unserer Schule unter https:\/\/sz-seesen.de an. Sie k\u00f6nnen nat\u00fcrlich auch die IServ-App benutzen. W\u00e4hlen Sie den Men\u00fcpunkt \u201eSchulb\u00fccher\u201c (ggf. unter \u201ealle Module\u201c) und dann die Option \u201eAnmelden\u201c. Anschlie\u00dfend &hellip; Schulb\u00fccher weiterlesen &rarr;","og_url":"https:\/\/obs-seesen.de\/?page_id=1576","og_site_name":"Oberschule Seesen","article_modified_time":"2020-08-12T07:06:26+00:00","og_image":[{"url":"https:\/\/obs-seesen.de\/wp-content\/uploads\/2019\/02\/IServ_Logo_klein_RGB_clean-1024x324.png","type":"","width":"","height":""}],"twitter_misc":{"Gesch\u00e4tzte Lesezeit":"1\u00a0Minute"},"schema":{"@context":"https:\/\/schema.org","@graph":[{"@type":"WebPage","@id":"https:\/\/obs-seesen.de\/?page_id=1576","url":"https:\/\/obs-seesen.de\/?page_id=1576","name":"Schulb\u00fccher - Oberschule Seesen","isPartOf":{"@id":"https:\/\/obs-seesen.de\/#website"},"primaryImageOfPage":{"@id":"https:\/\/obs-seesen.de\/?page_id=1576#primaryimage"},"image":{"@id":"https:\/\/obs-seesen.de\/?page_id=1576#primaryimage"},"thumbnailUrl":"https:\/\/obs-seesen.de\/wp-content\/uploads\/2019\/02\/IServ_Logo_klein_RGB_clean-1024x324.png","datePublished":"2019-05-03T13:53:24+00:00","dateModified":"2020-08-12T07:06:26+00:00","breadcrumb":{"@id":"https:\/\/obs-seesen.de\/?page_id=1576#breadcrumb"},"inLanguage":"de","potentialAction":[{"@type":"ReadAction","target":["https:\/\/obs-seesen.de\/?page_id=1576"]}]},{"@type":"ImageObject","inLanguage":"de","@id":"https:\/\/obs-seesen.de\/?page_id=1576#primaryimage","url":"https:\/\/obs-seesen.de\/wp-content\/uploads\/2019\/02\/IServ_Logo_klein_RGB_clean.png","contentUrl":"https:\/\/obs-seesen.de\/wp-content\/uploads\/2019\/02\/IServ_Logo_klein_RGB_clean.png","width":4096,"height":1296},{"@type":"BreadcrumbList","@id":"https:\/\/obs-seesen.de\/?page_id=1576#breadcrumb","itemListElement":[{"@type":"ListItem","position":1,"name":"Home","item":"https:\/\/obs-seesen.de\/"},{"@type":"ListItem","position":2,"name":"Schulb\u00fccher"}]},{"@type":"WebSite","@id":"https:\/\/obs-seesen.de\/#website","url":"https:\/\/obs-seesen.de\/","name":"Oberschule Seesen","description":"seit 1884 | Ganztagsschule | mit gymnasialem Angebot | Sch\u00fclerfriedenspreis 2015","potentialAction":[{"@type":"SearchAction","target":{"@type":"EntryPoint","urlTemplate":"https:\/\/obs-seesen.de\/?s={search_term_string}"},"query-input":{"@type":"PropertyValueSpecification","valueRequired":true,"valueName":"search_term_string"}}],"inLanguage":"de"}]}},"_links":{"self":[{"href":"https:\/\/obs-seesen.de\/index.php?rest_route=\/wp\/v2\/pages\/1576","targetHints":{"allow":["GET"]}}],"collection":[{"href":"https:\/\/obs-seesen.de\/index.php?rest_route=\/wp\/v2\/pages"}],"about":[{"href":"https:\/\/obs-seesen.de\/index.php?rest_route=\/wp\/v2\/types\/page"}],"author":[{"embeddable":true,"href":"https:\/\/obs-seesen.de\/index.php?rest_route=\/wp\/v2\/users\/2"}],"replies":[{"embeddable":true,"href":"https:\/\/obs-seesen.de\/index.php?rest_route=%2Fwp%2Fv2%2Fcomments&post=1576"}],"version-history":[{"count":2,"href":"https:\/\/obs-seesen.de\/index.php?rest_route=\/wp\/v2\/pages\/1576\/revisions"}],"predecessor-version":[{"id":1959,"href":"https:\/\/obs-seesen.de\/index.php?rest_route=\/wp\/v2\/pages\/1576\/revisions\/1959"}],"wp:attachment":[{"href":"https:\/\/obs-seesen.de\/index.php?rest_route=%2Fwp%2Fv2%2Fmedia&parent=1576"}],"curies":[{"name":"wp","href":"https:\/\/api.w.org\/{rel}","templated":true}]}}